{"id":29067,"date":"2025-12-09T23:11:03","date_gmt":"2025-12-09T23:11:03","guid":{"rendered":"https:\/\/precise-nickel-jaguar.179-43-112-153.cpanel.site\/?post_type=product&#038;p=29067"},"modified":"2026-04-22T05:59:09","modified_gmt":"2026-04-22T08:59:09","slug":"alcohol-isopropilico-delta-compitt-prophyl-super-290g","status":"publish","type":"product","link":"https:\/\/saltacom.com\/index.php\/producto\/alcohol-isopropilico-delta-compitt-prophyl-super-290g\/","title":{"rendered":"ALCOHOL ISOPROPILICO DELTA COMPITT PROPHYL SUPER 290G"},"content":{"rendered":"<p>Caracter\u00edsticas:<\/p>\n<p>Alcohol isoprop\u00edlico de alta pureza, potenciado con un solvente de gran evaporaci\u00f3n. Posee un desengrase superior que el isopropanol, con una evaporaci\u00f3n m\u00e1s veloz.<\/p>\n<p>Eficiente desincrustante de \u00f3xidos y grasitud, no deja residuos y est\u00e1 libre de humedad. Disuelve eficientemente restos de tinta de cabezales de impresoras. Apropiado tambi\u00e9n para limpieza de placas, componentes electr\u00f3nicos y superficies pl\u00e1sticas y met\u00e1licas.<\/p>\n<p>Compitt PROPHYL SUPER es 100% seguro para la capa de ozono. Debe utilizarse en equipos apagados.<\/p>\n<p>Modo de uso:<br \/>\nApagar el equipo antes de usar. Vaporizar sobre la superficie deseada durante 2 \u00f3 3 segundos. En caso de que sea necesario emplear un hisopo o un pa\u00f1o para facilitar la remoci\u00f3n de la suciedad. Verificar la evaporaci\u00f3n total antes de encender el equipo.<\/p>\n<p>Recomendado para:<\/p>\n<p>Celulares y electronica<br \/>\nCabezales de impresoras de matriz de punto<br \/>\nCabezales de impresoras tipo ink jet<br \/>\nMotherboards y conectores de computaci\u00f3n<br \/>\nCabezales magn\u00e9ticos de audio y video<br \/>\nMouses, zip drives, disketteras y coolers<br \/>\nMecanismos de precisi\u00f3n y relojer\u00eda<br \/>\nPlacas de equipos electr\u00f3nicos<br \/>\nSuperficies pl\u00e1sticas y met\u00e1licas<br \/>\nLlaves de contacto y motores<\/p>\n","protected":false},"excerpt":{"rendered":"<p>Caracter\u00edsticas: Alcohol isoprop\u00edlico de alta pureza, potenciado con un solvente de gran evaporaci\u00f3n. Posee un desengrase superior que el isopropanol,<\/p>\n","protected":false},"featured_media":29106,"template":"","meta":[],"product_brand":[],"product_cat":[79,78],"product_tag":[],"class_list":{"0":"post-29067","1":"product","2":"type-product","3":"status-publish","4":"has-post-thumbnail","6":"product_cat-pasta-termica","7":"product_cat-repuestos-y-mantenimiento","9":"first","10":"instock","11":"shipping-taxable","12":"purchasable","13":"product-type-simple"},"_links":{"self":[{"href":"https:\/\/saltacom.com\/index.php\/wp-json\/wp\/v2\/product\/29067","targetHints":{"allow":["GET"]}}],"collection":[{"href":"https:\/\/saltacom.com\/index.php\/wp-json\/wp\/v2\/product"}],"about":[{"href":"https:\/\/saltacom.com\/index.php\/wp-json\/wp\/v2\/types\/product"}],"version-history":[{"count":1,"href":"https:\/\/saltacom.com\/index.php\/wp-json\/wp\/v2\/product\/29067\/revisions"}],"predecessor-version":[{"id":29107,"href":"https:\/\/saltacom.com\/index.php\/wp-json\/wp\/v2\/product\/29067\/revisions\/29107"}],"wp:featuredmedia":[{"embeddable":true,"href":"https:\/\/saltacom.com\/index.php\/wp-json\/wp\/v2\/media\/29106"}],"wp:attachment":[{"href":"https:\/\/saltacom.com\/index.php\/wp-json\/wp\/v2\/media?parent=29067"}],"wp:term":[{"taxonomy":"product_brand","embeddable":true,"href":"https:\/\/saltacom.com\/index.php\/wp-json\/wp\/v2\/product_brand?post=29067"},{"taxonomy":"product_cat","embeddable":true,"href":"https:\/\/saltacom.com\/index.php\/wp-json\/wp\/v2\/product_cat?post=29067"},{"taxonomy":"product_tag","embeddable":true,"href":"https:\/\/saltacom.com\/index.php\/wp-json\/wp\/v2\/product_tag?post=29067"}],"curies":[{"name":"wp","href":"https:\/\/api.w.org\/{rel}","templated":true}]}}