{"id":29264,"date":"2025-12-09T23:13:32","date_gmt":"2025-12-09T23:13:32","guid":{"rendered":"https:\/\/precise-nickel-jaguar.179-43-112-153.cpanel.site\/?post_type=product&#038;p=29264"},"modified":"2026-04-15T03:29:39","modified_gmt":"2026-04-15T06:29:39","slug":"consola-playstation5-slim-con-2-juegos-digital","status":"publish","type":"product","link":"https:\/\/saltacom.com\/index.php\/producto\/consola-playstation5-slim-con-2-juegos-digital\/","title":{"rendered":"CONSOLA PLAYSTATION5 SLIM CON 2 JUEGOS &#8211; DIGITAL"},"content":{"rendered":"<p>Experimenta el futuro de los videojuegos con la PS5 Slim Digital. Disfruta de tiempos de carga ultrarr\u00e1pidos gracias a su SSD de alta velocidad con 1 TB de capacidad, y sum\u00e9rgete en una experiencia \u00fanica con respuesta h\u00e1ptica, gatillos adaptativos y audio 3D que te acercan m\u00e1s que nunca a la acci\u00f3n. Este bundle incluye dos juegos digitales de regalo: Returnal y Ratchet &amp; Clank: Rift Apart, para que disfrutes de t\u00edtulos exclusivos y de alta calidad de inmediato. La tecnolog\u00eda ultrarr\u00e1pida asegura una experiencia de juego fluida, manteniendo el ritmo con cada acci\u00f3n, mientras que los detalles gr\u00e1ficos impresionantes y el audio de 360 grados te colocan en el centro del juego. Adem\u00e1s, la PS5 es totalmente compatible con tu biblioteca de juegos de PS4 y te da acceso a juegos on-demand a trav\u00e9s de PlayStation Plus, con una vasta selecci\u00f3n que se actualiza cada mes. Aclaraci\u00f3n: No incluye unidad \u00f3ptica de disco. Esta puede adquirirse por separado y acoplarse a la consola.<\/p>\n<p>Dos juegos digitales de regalo: Returnal y Ratchet &amp; Clank<br \/>\nRetrocompatibilidad con juegos de PS4<br \/>\nIncluye 1 Dualsense con cable USB<br \/>\n1 TB de almacenamiento<br \/>\nSSD de ultra alta velocidad<br \/>\nIncluye sala de juegos de ASTRO<\/p>\n","protected":false},"excerpt":{"rendered":"<p>Experimenta el futuro de los videojuegos con la PS5 Slim Digital. Disfruta de tiempos de carga ultrarr\u00e1pidos gracias a su<\/p>\n","protected":false},"featured_media":29319,"template":"","meta":[],"product_brand":[],"product_cat":[90],"product_tag":[],"class_list":{"0":"post-29264","1":"product","2":"type-product","3":"status-publish","4":"has-post-thumbnail","6":"product_cat-consolas","8":"first","9":"outofstock","10":"sale","11":"shipping-taxable","12":"purchasable","13":"product-type-simple"},"_links":{"self":[{"href":"https:\/\/saltacom.com\/index.php\/wp-json\/wp\/v2\/product\/29264","targetHints":{"allow":["GET"]}}],"collection":[{"href":"https:\/\/saltacom.com\/index.php\/wp-json\/wp\/v2\/product"}],"about":[{"href":"https:\/\/saltacom.com\/index.php\/wp-json\/wp\/v2\/types\/product"}],"version-history":[{"count":1,"href":"https:\/\/saltacom.com\/index.php\/wp-json\/wp\/v2\/product\/29264\/revisions"}],"predecessor-version":[{"id":29320,"href":"https:\/\/saltacom.com\/index.php\/wp-json\/wp\/v2\/product\/29264\/revisions\/29320"}],"wp:featuredmedia":[{"embeddable":true,"href":"https:\/\/saltacom.com\/index.php\/wp-json\/wp\/v2\/media\/29319"}],"wp:attachment":[{"href":"https:\/\/saltacom.com\/index.php\/wp-json\/wp\/v2\/media?parent=29264"}],"wp:term":[{"taxonomy":"product_brand","embeddable":true,"href":"https:\/\/saltacom.com\/index.php\/wp-json\/wp\/v2\/product_brand?post=29264"},{"taxonomy":"product_cat","embeddable":true,"href":"https:\/\/saltacom.com\/index.php\/wp-json\/wp\/v2\/product_cat?post=29264"},{"taxonomy":"product_tag","embeddable":true,"href":"https:\/\/saltacom.com\/index.php\/wp-json\/wp\/v2\/product_tag?post=29264"}],"curies":[{"name":"wp","href":"https:\/\/api.w.org\/{rel}","templated":true}]}}