{"id":29535,"date":"2025-12-10T00:51:22","date_gmt":"2025-12-10T00:51:22","guid":{"rendered":"https:\/\/precise-nickel-jaguar.179-43-112-153.cpanel.site\/?post_type=product&#038;p=29535"},"modified":"2026-04-29T20:59:59","modified_gmt":"2026-04-29T23:59:59","slug":"monitor-24-asus-vg249ql3a-j-tuf-gaming-180hz-hdmi","status":"publish","type":"product","link":"https:\/\/saltacom.com\/index.php\/producto\/monitor-24-asus-vg249ql3a-j-tuf-gaming-180hz-hdmi\/","title":{"rendered":"MONITOR 24&#8243; ASUS VG249QL3A-J TUF GAMING 180HZ HDMI"},"content":{"rendered":"<p>Monitor para juegos TUF Gaming VG249QL3A: 24 pulgadas (23,8 pulgadas visibles), Full HD (1920 x 1080), 180 Hz, IPS r\u00e1pido, ELMB, 1 ms (GTG), FreeSync Premium\u2122, compatible con G-Sync, Overdrive variable, 99 % sRGB, altura ajustamiento<br \/>\nMonitor de juegos IPS r\u00e1pido Full HD (1920 x 1080) de 23,8 pulgadas con frecuencia de actualizaci\u00f3n de 180 Hz dise\u00f1ado para jugadores profesionales y juegos inmersivos<br \/>\nTiempo de respuesta de 1 ms (GTG) para un juego fluido y tecnolog\u00eda ASUS Extreme Low Motion Blur (ELMB\u2122) para reducir a\u00fan m\u00e1s las im\u00e1genes fantasma y el desenfoque de movimiento<br \/>\nLa compatibilidad con FreeSync Premium y G-Sync ofrece una experiencia de juego fluida y sin interrupciones al habilitar VRR (frecuencia de actualizaci\u00f3n variable) de forma predeterminada.<br \/>\nShadow Boost mejora los detalles de la imagen en \u00e1reas oscuras, iluminando escenas sin sobreexponer \u00e1reas brillantes<\/p>\n<p>ESPECIFICACIONES T\u00c9CNICAS<br \/>\n&#8211; Model: TUF Gaming VG249QL3A<br \/>\n&#8211; Monitor:<br \/>\nTama\u00f1o del panel (pulgadas):23.8<br \/>\nTama\u00f1o de p\u00edxel :0,2745 mm<br \/>\n\u00c1ngulo de visi\u00f3n (CR &gt;= 10, H \/ V):178\u00b0\/178\u00b0<br \/>\nResoluci\u00f3n :1920 x 1080<br \/>\nColor Space (sRGB) : 99%<br \/>\nFrecuencia de actualizaci\u00f3n (m\u00e1x.):M\u00e1x. 180 Hz<br \/>\nRelaci\u00f3n de contraste (t\u00edpico):1200:01:00<br \/>\nBrillo (t\u00edpico):350cd\/m2<br \/>\nTipo de luz de fondo:LED<br \/>\nTipo de panel:IPS<br \/>\nTiempo de respuesta :1ms(GTG)<br \/>\nSin destellos :S\u00ed<br \/>\nRelaci\u00f3n de aspecto:16:09<br \/>\nColores de pantalla:16.7M<br \/>\nSuperficie de visualizaci\u00f3n:Anti-Glare<br \/>\nVidrio de protecci\u00f3n:No<br \/>\n\u00c1rea de visualizaci\u00f3n de la pantalla (H x V):527.04 x 296.46 mm<br \/>\n&#8211; Caracter\u00edstica de video:<br \/>\nHDCP : S\u00ed, 2,2<br \/>\nImpulso oscuro:S\u00ed<br \/>\nWidget de visualizaci\u00f3n:Yes, DisplayWidget Center<br \/>\nTemperatura de color. Selecci\u00f3n:Yes(4 modes)<br \/>\nRefuerzo de sombras:S\u00ed<br \/>\nTecnolog\u00eda GameFast Input:S\u00ed<br \/>\nDesenfoque de movimiento extremadamente bajo:S\u00ed<br \/>\nGamePlus : S\u00ed<br \/>\nGameVisual :Yes<br \/>\nLuz azul baja:S\u00ed<br \/>\nTecnolog\u00eda Trace Free:Yes<br \/>\nTecnolog\u00eda VRR:Yes (Adaptive-Sync)<br \/>\nTecnologia SPLENDID:S\u00ed<br \/>\n&#8211; Caracter\u00edstica de audio:<br \/>\nAltavoz:S\u00ed (1,2 W x 2)<br \/>\n&#8211; Puertos I\/O:<br \/>\nHDMI(v2.0) x 2<br \/>\nEnchufe de aud\u00edfonos :S\u00ed<br \/>\n&#8211; Frecuencia de la se\u00f1al:<br \/>\nFrecuencia de se\u00f1al digital:DisplayPort: 250~250 KHz(H) \/ 48~180 Hz (V)<br \/>\nHDMI: 30~225 KHz (H) \/ 48~180 Hz (V)<br \/>\n&#8211; El consumo de energ\u00eda:<br \/>\nModo apagado:&lt; 0,5 W<br \/>\nVoltaje :100-240V, 50\/60Hz<br \/>\nEl consumo de energ\u00eda :18W<br \/>\nModo de ahorro de energ\u00eda :&lt;0.5W<br \/>\n&#8211; Dise\u00f1o mecanico:<br \/>\nInclinaci\u00f3n:Yes (+23\u00b0 ~ -5\u00b0)<br \/>\nAjuste de altura :0~120mm<br \/>\nPivante :S\u00ed (+90\u00b0 ~ -90\u00b0)<br \/>\n1\/4&#8243; Tripod Socket : Yes<br \/>\nCerradura Kensington :S\u00ed<br \/>\nMontaje en pared VESA:100 x 100 mm<br \/>\nGiratorio:S\u00ed (+15\u00b0 ~ -15\u00b0)<br \/>\n&#8211; Dimensiones (Esti.):<br \/>\nDimensi\u00f3n f\u00edsica (An x Al x Pr):54.1 x 52.5 x 20.8 cm (21.30&#8243; x 20.67&#8243; x 8.19&#8243;)<br \/>\nPhys. Dimension without Stand (W x H x D) : 54.1 x 32.3 x 6.2 cm (21.30&#8243; x 12.72&#8243; x 2.44&#8243;)<br \/>\nDimensiones de la caja (An x Al x Pr):60.00 x 46.50 x 20.00 cm (23.62&#8243; x 18.31&#8243; x 7.87&#8243;)<br \/>\n&#8211; Peso (Esti.):<br \/>\nPeso neto :5.4 kg (11.90 lbs)<br \/>\nNet Weight without Stand : 3.4 kg (7.50 lbs)<br \/>\nPeso bruto :7.5 kg (16.53 lbs)<br \/>\n&#8211; Accesorios (var\u00edan seg\u00fan la regi\u00f3n):<br \/>\nTarjeta de garant\u00eda<br \/>\nGu\u00eda de inicio r\u00e1pido<br \/>\nCable de alimentaci\u00f3n<br \/>\nCable DisplayPort<br \/>\n&#8211; Certificado:<br \/>\nFSC MIX<br \/>\nG-SYNC Compatible<br \/>\nAMD FreeSync Premium<br \/>\nVESA AdaptiveSync Display 180Hz<br \/>\nT\u00dcV Luz azul baja<br \/>\nT\u00dcV sin parpadeo<\/p>\n","protected":false},"excerpt":{"rendered":"<p>Monitor para juegos TUF Gaming VG249QL3A: 24 pulgadas (23,8 pulgadas visibles), Full HD (1920 x 1080), 180 Hz, IPS r\u00e1pido,<\/p>\n","protected":false},"featured_media":29602,"template":"","meta":[],"product_brand":[],"product_cat":[99],"product_tag":[],"class_list":{"0":"post-29535","1":"product","2":"type-product","3":"status-publish","4":"has-post-thumbnail","6":"product_cat-monitor","8":"first","9":"outofstock","10":"shipping-taxable","11":"purchasable","12":"product-type-simple"},"_links":{"self":[{"href":"https:\/\/saltacom.com\/index.php\/wp-json\/wp\/v2\/product\/29535","targetHints":{"allow":["GET"]}}],"collection":[{"href":"https:\/\/saltacom.com\/index.php\/wp-json\/wp\/v2\/product"}],"about":[{"href":"https:\/\/saltacom.com\/index.php\/wp-json\/wp\/v2\/types\/product"}],"version-history":[{"count":1,"href":"https:\/\/saltacom.com\/index.php\/wp-json\/wp\/v2\/product\/29535\/revisions"}],"predecessor-version":[{"id":29603,"href":"https:\/\/saltacom.com\/index.php\/wp-json\/wp\/v2\/product\/29535\/revisions\/29603"}],"wp:featuredmedia":[{"embeddable":true,"href":"https:\/\/saltacom.com\/index.php\/wp-json\/wp\/v2\/media\/29602"}],"wp:attachment":[{"href":"https:\/\/saltacom.com\/index.php\/wp-json\/wp\/v2\/media?parent=29535"}],"wp:term":[{"taxonomy":"product_brand","embeddable":true,"href":"https:\/\/saltacom.com\/index.php\/wp-json\/wp\/v2\/product_brand?post=29535"},{"taxonomy":"product_cat","embeddable":true,"href":"https:\/\/saltacom.com\/index.php\/wp-json\/wp\/v2\/product_cat?post=29535"},{"taxonomy":"product_tag","embeddable":true,"href":"https:\/\/saltacom.com\/index.php\/wp-json\/wp\/v2\/product_tag?post=29535"}],"curies":[{"name":"wp","href":"https:\/\/api.w.org\/{rel}","templated":true}]}}