{"id":29563,"date":"2025-12-10T00:51:49","date_gmt":"2025-12-10T00:51:49","guid":{"rendered":"https:\/\/precise-nickel-jaguar.179-43-112-153.cpanel.site\/?post_type=product&#038;p=29563"},"modified":"2026-04-16T21:00:20","modified_gmt":"2026-04-17T00:00:20","slug":"motherboard-msi-pro-b840-p-wif-am5-ddr5","status":"publish","type":"product","link":"https:\/\/saltacom.com\/index.php\/producto\/motherboard-msi-pro-b840-p-wif-am5-ddr5\/","title":{"rendered":"MOTHERBOARD MSI PRO B840-P WIF AM5 DDR5"},"content":{"rendered":"<pre>Conjunto de chips AMD B840\r\nUPC Compatible con procesadores de escritorio AMD Ryzen\u2122 serie 9000\/8000\/7000\r\nSocket AM5\r\nMemoria 4x DDR5 UDIMM, capacidad m\u00e1xima de memoria 256 GB\r\nSoporte de memoria DDR5 8000 - 5600 (OC) MT\/s \/ 5600 - 4800 (JEDEC) MT\/s\r\nProcesadores Ryzen\u2122 serie 9000 frecuencia m\u00e1xima de overclocking:\r\n\u2022 1DPC 1R Velocidad m\u00e1xima de hasta 8000+ MT\/s\r\n\u2022 1DPC 2R Velocidad m\u00e1xima de hasta 6400+ MT\/s\r\n\u2022 2DPC 1R Velocidad m\u00e1xima de hasta 6400+ MT\/s\r\n\u2022 2DPC 2R Velocidad m\u00e1xima de hasta 5600+ MT\/s\r\n\r\nAdmite velocidad AMD POR y velocidad JEDEC\r\nAdmite overclocking de memoria y AMD EXPO TM\r\nAdmite modo de doble canal\r\nAdmite memoria sin ECC, sin b\u00fafer\r\nAdmite CUDIMM, solo modo de omisi\u00f3n del controlador de reloj*\r\n\r\n* La compatibilidad con CUDIMM y la frecuencia de arranque POR pueden variar seg\u00fan la serie de la CPU, con overclocking manual disponible despu\u00e9s del arranque. Algunas CPU podr\u00edan no arrancar, pero las futuras actualizaciones del BIOS mejorar\u00e1n la compatibilidad.\r\n\u2022 Las ranuras DIMM de esta placa base tienen pestillos de un solo lado.\r\n\u2022 La compatibilidad de memoria y las velocidades admitidas pueden variar seg\u00fan la CPU y la configuraci\u00f3n de memoria. Para obtener informaci\u00f3n detallada, consulte la Lista de compatibilidad de memoria disponible en la p\u00e1gina de soporte del producto o visite https:\/\/www.msi.com\/support\/.\r\nGr\u00e1ficos integrados 1x HDMI\u2122.\r\nCompatible con HDMI TM 2.1, resoluci\u00f3n m\u00e1xima de 4K a 60 Hz*.\r\n*Disponible solo en procesadores con gr\u00e1ficos integrados. Las especificaciones gr\u00e1ficas pueden variar seg\u00fan la CPU instalada.\r\nRanura 5 ranuras PCI-E x16\r\nPCI_E1 Gen PCIe 4.0 admite hasta x16 (desde la CPU)\r\nPCI_E2 Gen PCIe 3.0 admite hasta x1 (desde el chipset)\r\nPCI_E3 Gen PCIe 3.0 admite hasta x1 (desde el chipset)\r\nPCI_E4 Gen PCIe 3.0 admite hasta x4 (desde el chipset)\r\nPCI_E5 Gen PCIe 3.0 admite hasta x1 (desde el chipset)\r\n\r\nRanura PCI_E1\r\n\u2022 Admite PCIe 4.0 x16 (para procesadores de la serie Ryzen\u2122 9000\/7000)\r\n\u2022 Admite PCIe 4.0 x8 (para procesadores de la serie Ryzen\u2122 8700\/8600\/8400)\r\n\u2022 Admite PCIe 4.0 x4 (para procesadores de la serie Ryzen\u2122 8500\/8300)\r\nAudio Audio de alta definici\u00f3n Realtek\u00ae ALC897 de 7.1\r\ncanales\r\nAlmacenamiento 2x M.2\r\nFuente M.2_1 (desde CPU) admite hasta PCIe 4.0 x4, admite dispositivos 2280\/2260\r\nFuente M.2_2 (desde CPU) admite hasta PCIe 4.0 x4, admite dispositivos 22110\/2280\/2260 4x ranura\r\nSATA 6G M2_2 \u2022 Admite hasta PCIe 4.0 x4 (para procesadores de la serie Ryzen\u2122 9000\/7000) \u2022 Admite hasta PCIe 3.0 x4 (para procesadores de la serie Ryzen\u2122 8700\/8600\/8400) \u2022 Admite hasta PCIe 3.0 x2 (para procesadores de la serie Ryzen\u2122 8500\/8300) *Consulte el manual para conocer las restricciones del disipador t\u00e9rmico del SSD M.2.\r\n\r\n\r\n\r\nRAID Admite RAID 0, RAID 1 y RAID 10 para dispositivos de almacenamiento SATA\r\nAdmite RAID 0 y RAID 1 para dispositivos de almacenamiento M.2 NVMe\r\nUSB 4x USB 2.0 (trasero)\r\n4x USB 2.0 (frontal)\r\n2x USB 5 Gbps tipo A (trasero)\r\n2x USB 5 Gbps tipo A (frontal)\r\n1x USB 5 Gbps tipo C (frontal)\r\n1x USB 10 Gbps tipo A (trasero)\r\n1x USB 10 Gbps tipo C (trasero)\r\nRed local Realtek\u00ae 8125D 2.5G LAN\r\nE\/S interna 1x Conector de alimentaci\u00f3n (ATX_PWR)\r\n1x Conector de alimentaci\u00f3n (CPU_PWR)\r\n1x Ventilador de CPU\r\n1x Ventilador combinado (Ventilador Pump_Sys)\r\n4x Ventilador del sistema\r\n2x Panel frontal (JFP)\r\n1x Intrusi\u00f3n de chasis (JCI)\r\n1x Audio frontal (JAUD ) 1x\r\nPuerto COM (JCOM)\r\n1x Conector del controlador de ajuste (JDASH)\r\n2x Conector LED RGB V2 direccionable (JARGB_V2)\r\n1x Conector LED RGB (JRGB)\r\n1x Cabezal de pines TPM (compatible con TPM 2.0)\r\n4x Puertos USB 2.0\r\n2x Puertos USB tipo A de 5 Gbps\r\n1x Puertos USB tipo C de 5 Gbps\r\nLAN INAL\u00c1MBRICA Y BLUETOOTH Wi-Fi 7\r\nEl m\u00f3dulo inal\u00e1mbrico est\u00e1 preinstalado en la ranura M.2 (Key-E)\r\nAdmite MU-MIMO TX\/RX, 2,4 GHz\/5 GHz\/6 GHz* (320 MHz) hasta 5,8 Gbps\r\nAdmite 802.11 a\/b\/g\/n\/ac\/ax\/be\r\n\r\nAdmite Bluetooth \u00ae 5.4**, MLO, 4KQAM\r\n\r\n* La compatibilidad con la banda de 6 GHz puede depender de las regulaciones de cada pa\u00eds y Wi-Fi 7 estar\u00e1 disponible en Windows 11 versi\u00f3n 24H2.\r\n** La versi\u00f3n de Bluetooth puede actualizarse; consulte el sitio web del proveedor del chipset Wi-Fi para obtener m\u00e1s informaci\u00f3n. Bluetooth 5.4 estar\u00e1 disponible en Windows 11 versi\u00f3n 24H2.\r\nFUNCI\u00d3N LED 4 LED de depuraci\u00f3n EZ\r\n1 LED de detecci\u00f3n de memoria EZ\r\nPUERTOS DEL PANEL TRASERO \r\nBot\u00f3n de borrado de CMOS\r\nUSB 10 Gbps Tipo A\r\nUSB 2.0\r\nRed de \u00e1rea local de 2,5 GHz\r\nWi-Fi \/ Bluetooth\r\nConectores de audio\r\nBot\u00f3n Flash BIOS\r\nHDMI\u2122\r\nUSB 10 Gbps Tipo-C\r\nUSB 5 Gbps Tipo A\r\n\r\nSISTEMA OPERATIVO Compatibilidad con Windows\u00ae 11 de 64 bits<\/pre>\n","protected":false},"excerpt":{"rendered":"<p>Conjunto de chips AMD B840 UPC Compatible con procesadores de escritorio AMD Ryzen\u2122 serie 9000\/8000\/7000 Socket AM5 Memoria 4x DDR5<\/p>\n","protected":false},"featured_media":29642,"template":"","meta":[],"product_brand":[],"product_cat":[75,109],"product_tag":[],"class_list":{"0":"post-29563","1":"product","2":"type-product","3":"status-publish","4":"has-post-thumbnail","6":"product_cat-componentes","7":"product_cat-motherboard","9":"first","10":"outofstock","11":"shipping-taxable","12":"purchasable","13":"product-type-simple"},"_links":{"self":[{"href":"https:\/\/saltacom.com\/index.php\/wp-json\/wp\/v2\/product\/29563","targetHints":{"allow":["GET"]}}],"collection":[{"href":"https:\/\/saltacom.com\/index.php\/wp-json\/wp\/v2\/product"}],"about":[{"href":"https:\/\/saltacom.com\/index.php\/wp-json\/wp\/v2\/types\/product"}],"version-history":[{"count":1,"href":"https:\/\/saltacom.com\/index.php\/wp-json\/wp\/v2\/product\/29563\/revisions"}],"predecessor-version":[{"id":29643,"href":"https:\/\/saltacom.com\/index.php\/wp-json\/wp\/v2\/product\/29563\/revisions\/29643"}],"wp:featuredmedia":[{"embeddable":true,"href":"https:\/\/saltacom.com\/index.php\/wp-json\/wp\/v2\/media\/29642"}],"wp:attachment":[{"href":"https:\/\/saltacom.com\/index.php\/wp-json\/wp\/v2\/media?parent=29563"}],"wp:term":[{"taxonomy":"product_brand","embeddable":true,"href":"https:\/\/saltacom.com\/index.php\/wp-json\/wp\/v2\/product_brand?post=29563"},{"taxonomy":"product_cat","embeddable":true,"href":"https:\/\/saltacom.com\/index.php\/wp-json\/wp\/v2\/product_cat?post=29563"},{"taxonomy":"product_tag","embeddable":true,"href":"https:\/\/saltacom.com\/index.php\/wp-json\/wp\/v2\/product_tag?post=29563"}],"curies":[{"name":"wp","href":"https:\/\/api.w.org\/{rel}","templated":true}]}}