{"id":29564,"date":"2025-12-10T00:51:50","date_gmt":"2025-12-10T00:51:50","guid":{"rendered":"https:\/\/precise-nickel-jaguar.179-43-112-153.cpanel.site\/?post_type=product&#038;p=29564"},"modified":"2026-04-30T10:31:39","modified_gmt":"2026-04-30T13:31:39","slug":"motherboard-s1700-gigabyte-h610m-k-ddr4","status":"publish","type":"product","link":"https:\/\/saltacom.com\/index.php\/producto\/motherboard-s1700-gigabyte-h610m-k-ddr4\/","title":{"rendered":"MOTHERBOARD S1700 GIGABYTE H610M K DDR4"},"content":{"rendered":"","protected":false},"excerpt":{"rendered":"<pre>Procesador\r\nZ\u00f3calo LGA1700: compatibilidad con procesadores Intel\u00ae Core\u2122, Pentium\u00ae Gold y Celeron\u00ae de 14.\u00aa, 13.\u00aa y 12.\u00aa generaci\u00f3n *\r\nLa cach\u00e9 L3 var\u00eda seg\u00fan la CPU\r\n\r\nConjunto de chips\r\nChipset Intel\u00ae H610 Express\r\n\r\nMemoria\r\nCompatibilidad con m\u00f3dulos de memoria DDR4 3200\/3000\/2933\/2666\/2400\/2133 MT\/s\r\n2 z\u00f3calos DIMM DDR4 que admiten hasta 64 GB (capacidad de DIMM individual de 32 GB) de memoria del sistema\r\nArquitectura de memoria de doble canal\r\n\r\nGr\u00e1fica Integrada\r\nProcesador de gr\u00e1ficos integrado: compatibilidad con gr\u00e1ficos Intel\u00ae HD :\r\n1 puerto HDMI, compatible con una resoluci\u00f3n m\u00e1xima de 4096 x 2160 a 60 Hz\r\n* Compatible con la versi\u00f3n HDMI 2.1 y HDCP 2.3.\r\n** Compatible con puertos compatibles con HDMI 2.1 TMDS nativos.\r\n(Las especificaciones gr\u00e1ficas pueden variar seg\u00fan la compatibilidad de la CPU).\r\n\r\nAudio\r\nC\u00f3dec de audio Realtek\u00ae\r\nAudio de alta definici\u00f3n\r\n2\/4\/5.1\/7.1 canales\r\nChip LAN Realtek\u00ae GbE (1 Gbps\/100 Mbps)\r\n\r\nZ\u00f3calos de Expansi\u00f3n\r\n1 ranura PCI Express x16, compatible con PCIe 4.0 y funcionando a x16\r\nConjunto de chips:\r\n1 ranura PCI Express x1, compatible con PCIe 3.0 y funcionando a x1\r\nInterfaz de almacenamiento\r\nConjunto de chips:\r\n1 conector M.2 (Socket 3, clave M, tipo 2280\/2260, compatible con SSD PCIe 3.0 x4\/x2)\r\n2 conectores SATA de 6 Gb\/s\r\n\r\nConjunto de chips:\r\n4 puertos USB 3.2 Gen 1 (2 puertos en el panel posterior, 2 puertos disponibles a trav\u00e9s del encabezado USB interno)\r\n6 puertos USB 2.0\/1.1 (4 puertos en el panel posterior, 2 puertos disponibles a trav\u00e9s del encabezado USB interno)\r\nConectores Internos E\/S\r\n1 conector de alimentaci\u00f3n principal ATX de 24 pines\r\n1 conector de alimentaci\u00f3n ATX de 12 V y 8 pines\r\n1 x conector de ventilador de CPU\r\n1 x cabezal de ventilador del sistema\r\n1 conector M.2 Socket 3\r\n2 conectores SATA de 6 Gb\/s\r\n1 x encabezado del panel frontal\r\n1 x encabezado de audio del panel frontal\r\n1 x encabezado USB 3.2 Gen 1\r\n1 x conector USB 2.0\/1.1\r\n1 encabezado de m\u00f3dulo de plataforma confiable (solo para el m\u00f3dulo GC-TPM2.0 SPI\/GC-TPM2.0 SPI 2.0)\r\n1 x puente CMOS transparente\r\nPanel E\/S Trasero\r\n1 puerto HDMI\r\n2 puertos USB 3.2 Gen 1\r\n4 puertos USB 2.0\/1.1\r\n1 puerto RJ-45\r\n3 conectores de audio\r\nControlador de E\/S\r\nChip controlador de E\/ S iTE\u00ae\r\nMonitorizaci\u00f3n Hardware\r\nDetecci\u00f3n de voltaje\r\nDetecci\u00f3n de temperatura\r\nDetecci\u00f3n de la velocidad del ventilador\r\nDetecci\u00f3n del caudal de refrigeraci\u00f3n por agua\r\nAdvertencia de fallo del ventilador\r\n\r\nBIOS\r\n1 memoria flash de 128 Mbit\r\nUso de BIOS UEFI AMI con licencia\r\nPnP 1.0a, DMI 2.7, WfM 2.0, SM BIOS 2.7, ACPI 5.0\r\n\r\n\r\nSistema operativo\r\nCompatibilidad con Windows 11 de 64 bits\r\nCompatibilidad con Windows 10 de 64 bits\r\n\r\n\r\nFormato\r\nFactor de forma Micro ATX; 22,6 cm x 18,5 cm<\/pre>\n","protected":false},"featured_media":29644,"template":"","meta":[],"product_brand":[],"product_cat":[75,109],"product_tag":[],"class_list":{"0":"post-29564","1":"product","2":"type-product","3":"status-publish","4":"has-post-thumbnail","6":"product_cat-componentes","7":"product_cat-motherboard","9":"first","10":"instock","11":"shipping-taxable","12":"purchasable","13":"product-type-simple"},"_links":{"self":[{"href":"https:\/\/saltacom.com\/index.php\/wp-json\/wp\/v2\/product\/29564","targetHints":{"allow":["GET"]}}],"collection":[{"href":"https:\/\/saltacom.com\/index.php\/wp-json\/wp\/v2\/product"}],"about":[{"href":"https:\/\/saltacom.com\/index.php\/wp-json\/wp\/v2\/types\/product"}],"version-history":[{"count":1,"href":"https:\/\/saltacom.com\/index.php\/wp-json\/wp\/v2\/product\/29564\/revisions"}],"predecessor-version":[{"id":29645,"href":"https:\/\/saltacom.com\/index.php\/wp-json\/wp\/v2\/product\/29564\/revisions\/29645"}],"wp:featuredmedia":[{"embeddable":true,"href":"https:\/\/saltacom.com\/index.php\/wp-json\/wp\/v2\/media\/29644"}],"wp:attachment":[{"href":"https:\/\/saltacom.com\/index.php\/wp-json\/wp\/v2\/media?parent=29564"}],"wp:term":[{"taxonomy":"product_brand","embeddable":true,"href":"https:\/\/saltacom.com\/index.php\/wp-json\/wp\/v2\/product_brand?post=29564"},{"taxonomy":"product_cat","embeddable":true,"href":"https:\/\/saltacom.com\/index.php\/wp-json\/wp\/v2\/product_cat?post=29564"},{"taxonomy":"product_tag","embeddable":true,"href":"https:\/\/saltacom.com\/index.php\/wp-json\/wp\/v2\/product_tag?post=29564"}],"curies":[{"name":"wp","href":"https:\/\/api.w.org\/{rel}","templated":true}]}}