{"id":29608,"date":"2025-12-10T00:52:43","date_gmt":"2025-12-10T00:52:43","guid":{"rendered":"https:\/\/precise-nickel-jaguar.179-43-112-153.cpanel.site\/?post_type=product&#038;p=29608"},"modified":"2026-04-15T19:30:36","modified_gmt":"2026-04-15T22:30:36","slug":"mouse-logitech-g305-gamer-wireless-blue","status":"publish","type":"product","link":"https:\/\/saltacom.com\/index.php\/producto\/mouse-logitech-g305-gamer-wireless-blue\/","title":{"rendered":"MOUSE LOGITECH G305 GAMER WIRELESS BLUE"},"content":{"rendered":"<pre>Dimensiones\r\nESPECIFICACIONES F\u00cdSICAS\r\nLongitud: 116,6 mm\r\nAnchura: 62,15 mm\r\nProfundidad: 38,2 mm\r\nPeso: 99 g\r\nRESPUESTA\r\nVelocidad de respuesta inal\u00e1mbrica: 1000 Hz (1 ms)\r\nTecnolog\u00eda inal\u00e1mbrica: Tecnolog\u00eda inal\u00e1mbrica LIGHTSPEED\r\nMicroprocesador: ARM de 32 bits\r\nDURABILIDAD\r\nPies de PTFE: Recorrido de 250 km 1Pruebas realizadas en Logitech G240 Gaming Mouse Pad\r\nDuraci\u00f3n de bater\u00edas\r\n250 horas\r\nOtras funciones\r\nMemoria interna: 1 perfil\r\nSistema mec\u00e1nico de tensi\u00f3n de botones\r\nEspecificaciones t\u00e9cnicas\r\nSEGUIMIENTO\r\nSensor: HERO\r\nResoluci\u00f3n: 200 \u2013 12.000 DPI\r\nCero suavizado\/aceleraci\u00f3n\/filtros\r\nAceleraci\u00f3n m\u00e1x.: 40 G 2Pruebas realizadas en Logitech G240 Gaming Mouse Pad\r\nVelocidad m\u00e1x.: 400 IPS 3Pruebas realizadas en Logitech G240 Gaming Mouse Pad<\/pre>\n","protected":false},"excerpt":{"rendered":"<p>Dimensiones ESPECIFICACIONES F\u00cdSICAS Longitud: 116,6 mm Anchura: 62,15 mm Profundidad: 38,2 mm Peso: 99 g RESPUESTA Velocidad de respuesta inal\u00e1mbrica:<\/p>\n","protected":false},"featured_media":29681,"template":"","meta":[],"product_brand":[],"product_cat":[110],"product_tag":[],"class_list":{"0":"post-29608","1":"product","2":"type-product","3":"status-publish","4":"has-post-thumbnail","6":"product_cat-mouse","8":"first","9":"outofstock","10":"shipping-taxable","11":"purchasable","12":"product-type-simple"},"_links":{"self":[{"href":"https:\/\/saltacom.com\/index.php\/wp-json\/wp\/v2\/product\/29608","targetHints":{"allow":["GET"]}}],"collection":[{"href":"https:\/\/saltacom.com\/index.php\/wp-json\/wp\/v2\/product"}],"about":[{"href":"https:\/\/saltacom.com\/index.php\/wp-json\/wp\/v2\/types\/product"}],"version-history":[{"count":1,"href":"https:\/\/saltacom.com\/index.php\/wp-json\/wp\/v2\/product\/29608\/revisions"}],"predecessor-version":[{"id":29682,"href":"https:\/\/saltacom.com\/index.php\/wp-json\/wp\/v2\/product\/29608\/revisions\/29682"}],"wp:featuredmedia":[{"embeddable":true,"href":"https:\/\/saltacom.com\/index.php\/wp-json\/wp\/v2\/media\/29681"}],"wp:attachment":[{"href":"https:\/\/saltacom.com\/index.php\/wp-json\/wp\/v2\/media?parent=29608"}],"wp:term":[{"taxonomy":"product_brand","embeddable":true,"href":"https:\/\/saltacom.com\/index.php\/wp-json\/wp\/v2\/product_brand?post=29608"},{"taxonomy":"product_cat","embeddable":true,"href":"https:\/\/saltacom.com\/index.php\/wp-json\/wp\/v2\/product_cat?post=29608"},{"taxonomy":"product_tag","embeddable":true,"href":"https:\/\/saltacom.com\/index.php\/wp-json\/wp\/v2\/product_tag?post=29608"}],"curies":[{"name":"wp","href":"https:\/\/api.w.org\/{rel}","templated":true}]}}