{"id":31039,"date":"2025-12-16T22:00:25","date_gmt":"2025-12-16T22:00:25","guid":{"rendered":"https:\/\/saltacom.com\/index.php\/producto\/vga-sapphire-radeon-rx-9070-xt-pulse-16gb-gddr6-5919\/"},"modified":"2026-04-05T17:19:04","modified_gmt":"2026-04-05T20:19:04","slug":"vga-sapphire-radeon-rx-9070-xt-pulse-16gb-gddr6-5919","status":"publish","type":"product","link":"https:\/\/saltacom.com\/index.php\/producto\/vga-sapphire-radeon-rx-9070-xt-pulse-16gb-gddr6-5919\/","title":{"rendered":"VGA Sapphire Radeon RX 9070 XT PULSE 16GB GDDR6 (5919)"},"content":{"rendered":"<p>SAPPHIRE PULSE Las tarjetas gr\u00e1ficas AMD Radeon&trade; RX 9070 Series est\u00e1n dise\u00f1adas con potencia digital que proporciona un control de potencia preciso y una excelente eficiencia energ\u00e9tica.<br \/>\nM\u00e1s informaci\u00f3n:\u00a011348-03-20G<\/p>\n","protected":false},"excerpt":{"rendered":"<p>SAPPHIRE PULSE Las tarjetas gr\u00e1ficas AMD Radeon&trade; RX 9070 Series est\u00e1n dise\u00f1adas con potencia digital que proporciona un control de potencia preciso y una excelente eficiencia energ\u00e9tica. M\u00e1s informaci\u00f3n:\u00a011348-03-20G<\/p>\n","protected":false},"featured_media":31040,"template":"","meta":[],"product_brand":[],"product_cat":[126,130],"product_tag":[],"class_list":{"0":"post-31039","1":"product","2":"type-product","3":"status-publish","4":"has-post-thumbnail","6":"product_cat-placa-de-video","7":"product_cat-pv","9":"first","10":"instock","11":"shipping-taxable","12":"purchasable","13":"product-type-simple"},"_links":{"self":[{"href":"https:\/\/saltacom.com\/index.php\/wp-json\/wp\/v2\/product\/31039","targetHints":{"allow":["GET"]}}],"collection":[{"href":"https:\/\/saltacom.com\/index.php\/wp-json\/wp\/v2\/product"}],"about":[{"href":"https:\/\/saltacom.com\/index.php\/wp-json\/wp\/v2\/types\/product"}],"version-history":[{"count":1,"href":"https:\/\/saltacom.com\/index.php\/wp-json\/wp\/v2\/product\/31039\/revisions"}],"predecessor-version":[{"id":31059,"href":"https:\/\/saltacom.com\/index.php\/wp-json\/wp\/v2\/product\/31039\/revisions\/31059"}],"wp:featuredmedia":[{"embeddable":true,"href":"https:\/\/saltacom.com\/index.php\/wp-json\/wp\/v2\/media\/31040"}],"wp:attachment":[{"href":"https:\/\/saltacom.com\/index.php\/wp-json\/wp\/v2\/media?parent=31039"}],"wp:term":[{"taxonomy":"product_brand","embeddable":true,"href":"https:\/\/saltacom.com\/index.php\/wp-json\/wp\/v2\/product_brand?post=31039"},{"taxonomy":"product_cat","embeddable":true,"href":"https:\/\/saltacom.com\/index.php\/wp-json\/wp\/v2\/product_cat?post=31039"},{"taxonomy":"product_tag","embeddable":true,"href":"https:\/\/saltacom.com\/index.php\/wp-json\/wp\/v2\/product_tag?post=31039"}],"curies":[{"name":"wp","href":"https:\/\/api.w.org\/{rel}","templated":true}]}}