{"id":32563,"date":"2026-02-06T20:06:55","date_gmt":"2026-02-06T23:06:55","guid":{"rendered":"https:\/\/saltacom.com\/index.php\/producto\/gabinete-tt-view-270-plus-lite-fan-argb-x3-tg-x2-c-fuente-750w-bronze-4506\/"},"modified":"2026-04-07T07:19:38","modified_gmt":"2026-04-07T10:19:38","slug":"gabinete-tt-view-270-plus-lite-fan-argb-x3-tg-x2-c-fuente-750w-bronze-4506","status":"publish","type":"product","link":"https:\/\/saltacom.com\/index.php\/producto\/gabinete-tt-view-270-plus-lite-fan-argb-x3-tg-x2-c-fuente-750w-bronze-4506\/","title":{"rendered":"Gabinete TT View 270 Plus Lite Fan ARGB x3 TG x2 c\/Fuente 750W Bronze (4506)"},"content":{"rendered":"<p>Dise\u00f1ado para una visualizaci\u00f3n incre\u00edble, el chasis de torre media View 270 Plus TG ARGB es un gabinete ATX que cuenta con paneles frontales e izquierdos de vidrio templado y viene con tres ventiladores ARGB Lite de 120 mm con cojinetes hidr\u00e1ulicos preinstalados y fuente de alimentaci\u00f3n no modular con certificaci\u00f3n 80 PLUS Bronze, dise\u00f1ada seg\u00fan especificaciones ATX 3.1<br \/>\nGabinete<br \/>\nFuente<\/p>\n","protected":false},"excerpt":{"rendered":"<p>Dise\u00f1ado para una visualizaci\u00f3n incre\u00edble, el chasis de torre media View 270 Plus TG ARGB es un gabinete ATX que cuenta con paneles frontales e izquierdos de vidrio templado y viene con\u2026<\/p>\n","protected":false},"featured_media":32564,"template":"","meta":[],"product_brand":[],"product_cat":[100,130],"product_tag":[],"class_list":{"0":"post-32563","1":"product","2":"type-product","3":"status-publish","4":"has-post-thumbnail","6":"product_cat-gabinete","7":"product_cat-pv","9":"first","10":"instock","11":"shipping-taxable","12":"purchasable","13":"product-type-simple"},"_links":{"self":[{"href":"https:\/\/saltacom.com\/index.php\/wp-json\/wp\/v2\/product\/32563","targetHints":{"allow":["GET"]}}],"collection":[{"href":"https:\/\/saltacom.com\/index.php\/wp-json\/wp\/v2\/product"}],"about":[{"href":"https:\/\/saltacom.com\/index.php\/wp-json\/wp\/v2\/types\/product"}],"version-history":[{"count":1,"href":"https:\/\/saltacom.com\/index.php\/wp-json\/wp\/v2\/product\/32563\/revisions"}],"predecessor-version":[{"id":32709,"href":"https:\/\/saltacom.com\/index.php\/wp-json\/wp\/v2\/product\/32563\/revisions\/32709"}],"wp:featuredmedia":[{"embeddable":true,"href":"https:\/\/saltacom.com\/index.php\/wp-json\/wp\/v2\/media\/32564"}],"wp:attachment":[{"href":"https:\/\/saltacom.com\/index.php\/wp-json\/wp\/v2\/media?parent=32563"}],"wp:term":[{"taxonomy":"product_brand","embeddable":true,"href":"https:\/\/saltacom.com\/index.php\/wp-json\/wp\/v2\/product_brand?post=32563"},{"taxonomy":"product_cat","embeddable":true,"href":"https:\/\/saltacom.com\/index.php\/wp-json\/wp\/v2\/product_cat?post=32563"},{"taxonomy":"product_tag","embeddable":true,"href":"https:\/\/saltacom.com\/index.php\/wp-json\/wp\/v2\/product_tag?post=32563"}],"curies":[{"name":"wp","href":"https:\/\/api.w.org\/{rel}","templated":true}]}}