{"id":32565,"date":"2026-02-06T20:06:55","date_gmt":"2026-02-06T23:06:55","guid":{"rendered":"https:\/\/saltacom.com\/index.php\/producto\/gabinete-tt-view-380-lite-fan-argb-x4-tg-x2-c-fuente-850w-gold-4513\/"},"modified":"2026-04-07T05:19:13","modified_gmt":"2026-04-07T08:19:13","slug":"gabinete-tt-view-380-lite-fan-argb-x4-tg-x2-c-fuente-850w-gold-4513","status":"publish","type":"product","link":"https:\/\/saltacom.com\/index.php\/producto\/gabinete-tt-view-380-lite-fan-argb-x4-tg-x2-c-fuente-850w-gold-4513\/","title":{"rendered":"Gabinete TT View 380 Lite Fan ARGB x4 TG x2 c\/Fuente 850W Gold (4513)"},"content":{"rendered":"<p>El chasis de torre media View 380 TG ARGB es un chasis ATX de doble c\u00e1mara que admite placas base con conectores ocultos de ASUS, MSI y GIGABYTE, viene con cuatro ventiladores ARGB Lite de 120 mm con cojinetes hidr\u00e1ulicos y su fuente es compatible con las especificaciones ATX 3.0 de Intel. Dise\u00f1ada con un conector PCIe Gen 5.0 nativo, puede alimentar tecnolog\u00eda de \u00faltima generaci\u00f3n con un nuevo cable 12VHPWR.<br \/>\nGabinete<br \/>\nFuente<\/p>\n","protected":false},"excerpt":{"rendered":"<p>El chasis de torre media View 380 TG ARGB es un chasis ATX de doble c\u00e1mara que admite placas base con conectores ocultos de ASUS, MSI y GIGABYTE, viene con cuatro ventiladores\u2026<\/p>\n","protected":false},"featured_media":32566,"template":"","meta":[],"product_brand":[],"product_cat":[100,130],"product_tag":[],"class_list":{"0":"post-32565","1":"product","2":"type-product","3":"status-publish","4":"has-post-thumbnail","6":"product_cat-gabinete","7":"product_cat-pv","9":"first","10":"instock","11":"shipping-taxable","12":"purchasable","13":"product-type-simple"},"_links":{"self":[{"href":"https:\/\/saltacom.com\/index.php\/wp-json\/wp\/v2\/product\/32565","targetHints":{"allow":["GET"]}}],"collection":[{"href":"https:\/\/saltacom.com\/index.php\/wp-json\/wp\/v2\/product"}],"about":[{"href":"https:\/\/saltacom.com\/index.php\/wp-json\/wp\/v2\/types\/product"}],"version-history":[{"count":1,"href":"https:\/\/saltacom.com\/index.php\/wp-json\/wp\/v2\/product\/32565\/revisions"}],"predecessor-version":[{"id":32710,"href":"https:\/\/saltacom.com\/index.php\/wp-json\/wp\/v2\/product\/32565\/revisions\/32710"}],"wp:featuredmedia":[{"embeddable":true,"href":"https:\/\/saltacom.com\/index.php\/wp-json\/wp\/v2\/media\/32566"}],"wp:attachment":[{"href":"https:\/\/saltacom.com\/index.php\/wp-json\/wp\/v2\/media?parent=32565"}],"wp:term":[{"taxonomy":"product_brand","embeddable":true,"href":"https:\/\/saltacom.com\/index.php\/wp-json\/wp\/v2\/product_brand?post=32565"},{"taxonomy":"product_cat","embeddable":true,"href":"https:\/\/saltacom.com\/index.php\/wp-json\/wp\/v2\/product_cat?post=32565"},{"taxonomy":"product_tag","embeddable":true,"href":"https:\/\/saltacom.com\/index.php\/wp-json\/wp\/v2\/product_tag?post=32565"}],"curies":[{"name":"wp","href":"https:\/\/api.w.org\/{rel}","templated":true}]}}