{"id":32586,"date":"2026-02-06T20:07:02","date_gmt":"2026-02-06T23:07:02","guid":{"rendered":"https:\/\/saltacom.com\/index.php\/producto\/vga-msi-geforce-rtx-5060-8g-gaming-trio-oc-white-2582\/"},"modified":"2026-04-07T05:19:15","modified_gmt":"2026-04-07T08:19:15","slug":"vga-msi-geforce-rtx-5060-8g-gaming-trio-oc-white-2582","status":"publish","type":"product","link":"https:\/\/saltacom.com\/index.php\/producto\/vga-msi-geforce-rtx-5060-8g-gaming-trio-oc-white-2582\/","title":{"rendered":"VGA MSI GeForce RTX 5060 8G GAMING TRIO OC WHITE (2582)"},"content":{"rendered":"<p>Impulsada por la arquitectura NVIDIA Blackwell y DLSS 4<\/p>\n<p>Frecuencias del N\u00facleo: Rendimiento Extremo: 2640 MHz (MSI Center). Boost: 2625 MHz<\/p>\n<p>Dise\u00f1o T\u00e9rmico TRI FROZR 4: Ventiladores mejorados, control de flujo de aire y dise\u00f1o t\u00e9rmico que ofrecen una refrigeraci\u00f3n superior y un funcionamiento m\u00e1s silencioso.<\/p>\n<p>Ventiladores STORMFORCE: Siete aspas, textura tipo garra y un arco circular dise\u00f1ados para un flujo de aire \u00f3ptimo con el m\u00ednimo ruido.<\/p>\n<p>M\u00e1s informaci\u00f3n:\u00a0RTX 5060 8G GAMING TRIO OC WHITE<\/p>\n","protected":false},"excerpt":{"rendered":"<p>Impulsada por la arquitectura NVIDIA Blackwell y DLSS 4 Frecuencias del N\u00facleo: Rendimiento Extremo: 2640 MHz (MSI Center). Boost: 2625 MHz Dise\u00f1o T\u00e9rmico TRI FROZR 4: Ventiladores mejorados, control de flujo de\u2026<\/p>\n","protected":false},"featured_media":32587,"template":"","meta":[],"product_brand":[],"product_cat":[126,130],"product_tag":[],"class_list":{"0":"post-32586","1":"product","2":"type-product","3":"status-publish","4":"has-post-thumbnail","6":"product_cat-placa-de-video","7":"product_cat-pv","9":"first","10":"instock","11":"shipping-taxable","12":"purchasable","13":"product-type-simple"},"_links":{"self":[{"href":"https:\/\/saltacom.com\/index.php\/wp-json\/wp\/v2\/product\/32586","targetHints":{"allow":["GET"]}}],"collection":[{"href":"https:\/\/saltacom.com\/index.php\/wp-json\/wp\/v2\/product"}],"about":[{"href":"https:\/\/saltacom.com\/index.php\/wp-json\/wp\/v2\/types\/product"}],"version-history":[{"count":1,"href":"https:\/\/saltacom.com\/index.php\/wp-json\/wp\/v2\/product\/32586\/revisions"}],"predecessor-version":[{"id":32719,"href":"https:\/\/saltacom.com\/index.php\/wp-json\/wp\/v2\/product\/32586\/revisions\/32719"}],"wp:featuredmedia":[{"embeddable":true,"href":"https:\/\/saltacom.com\/index.php\/wp-json\/wp\/v2\/media\/32587"}],"wp:attachment":[{"href":"https:\/\/saltacom.com\/index.php\/wp-json\/wp\/v2\/media?parent=32586"}],"wp:term":[{"taxonomy":"product_brand","embeddable":true,"href":"https:\/\/saltacom.com\/index.php\/wp-json\/wp\/v2\/product_brand?post=32586"},{"taxonomy":"product_cat","embeddable":true,"href":"https:\/\/saltacom.com\/index.php\/wp-json\/wp\/v2\/product_cat?post=32586"},{"taxonomy":"product_tag","embeddable":true,"href":"https:\/\/saltacom.com\/index.php\/wp-json\/wp\/v2\/product_tag?post=32586"}],"curies":[{"name":"wp","href":"https:\/\/api.w.org\/{rel}","templated":true}]}}