{"id":32731,"date":"2026-02-15T10:50:29","date_gmt":"2026-02-15T13:50:29","guid":{"rendered":"https:\/\/saltacom.com\/index.php\/producto\/auricular-jbl-bluetooth-t720-blanco-6132\/"},"modified":"2026-04-07T05:19:17","modified_gmt":"2026-04-07T08:19:17","slug":"auricular-jbl-bluetooth-t720-blanco-6132","status":"publish","type":"product","link":"https:\/\/saltacom.com\/index.php\/producto\/auricular-jbl-bluetooth-t720-blanco-6132\/","title":{"rendered":"AURICULAR JBL BLUETOOTH T720 BLANCO (6132)"},"content":{"rendered":"<p>Transmite de forma inal\u00e1mbrica sonido de alta calidad desde tu smartphone sin l\u00edos de cables con la ayuda de la \u00faltima tecnolog\u00eda Bluetooth.<br \/>\nM\u00e1s informaci\u00f3n:\u00a0JBLT720BTWHTAM<\/p>\n","protected":false},"excerpt":{"rendered":"<p>Transmite de forma inal\u00e1mbrica sonido de alta calidad desde tu smartphone sin l\u00edos de cables con la ayuda de la \u00faltima tecnolog\u00eda Bluetooth. M\u00e1s informaci\u00f3n:\u00a0JBLT720BTWHTAM<\/p>\n","protected":false},"featured_media":32732,"template":"","meta":[],"product_brand":[],"product_cat":[81,130],"product_tag":[],"class_list":{"0":"post-32731","1":"product","2":"type-product","3":"status-publish","4":"has-post-thumbnail","6":"product_cat-auricular","7":"product_cat-pv","9":"first","10":"instock","11":"shipping-taxable","12":"purchasable","13":"product-type-simple"},"_links":{"self":[{"href":"https:\/\/saltacom.com\/index.php\/wp-json\/wp\/v2\/product\/32731","targetHints":{"allow":["GET"]}}],"collection":[{"href":"https:\/\/saltacom.com\/index.php\/wp-json\/wp\/v2\/product"}],"about":[{"href":"https:\/\/saltacom.com\/index.php\/wp-json\/wp\/v2\/types\/product"}],"version-history":[{"count":1,"href":"https:\/\/saltacom.com\/index.php\/wp-json\/wp\/v2\/product\/32731\/revisions"}],"predecessor-version":[{"id":32806,"href":"https:\/\/saltacom.com\/index.php\/wp-json\/wp\/v2\/product\/32731\/revisions\/32806"}],"wp:featuredmedia":[{"embeddable":true,"href":"https:\/\/saltacom.com\/index.php\/wp-json\/wp\/v2\/media\/32732"}],"wp:attachment":[{"href":"https:\/\/saltacom.com\/index.php\/wp-json\/wp\/v2\/media?parent=32731"}],"wp:term":[{"taxonomy":"product_brand","embeddable":true,"href":"https:\/\/saltacom.com\/index.php\/wp-json\/wp\/v2\/product_brand?post=32731"},{"taxonomy":"product_cat","embeddable":true,"href":"https:\/\/saltacom.com\/index.php\/wp-json\/wp\/v2\/product_cat?post=32731"},{"taxonomy":"product_tag","embeddable":true,"href":"https:\/\/saltacom.com\/index.php\/wp-json\/wp\/v2\/product_tag?post=32731"}],"curies":[{"name":"wp","href":"https:\/\/api.w.org\/{rel}","templated":true}]}}