{"id":32735,"date":"2026-02-15T10:50:36","date_gmt":"2026-02-15T13:50:36","guid":{"rendered":"https:\/\/saltacom.com\/index.php\/producto\/auricular-jbl-bluetooth-t720-negro-5869\/"},"modified":"2026-05-06T10:19:32","modified_gmt":"2026-05-06T13:19:32","slug":"auricular-jbl-bluetooth-t720-negro-5869","status":"publish","type":"product","link":"https:\/\/saltacom.com\/index.php\/producto\/auricular-jbl-bluetooth-t720-negro-5869\/","title":{"rendered":"AURICULAR JBL BLUETOOTH T720 NEGRO (5869)"},"content":{"rendered":"<p>Los auriculares JBL Tune 720BT transmiten el potente sonido JBL Pure Bass gracias a la \u00faltima tecnolog\u00eda 5.3 BT. Estos auriculares, muy f\u00e1ciles de usar, ofrecen hasta 76 horas de puro placer auditivo y 3 horas adicionales de bater\u00eda con solo 5 minutos de carga.<br \/>\nM\u00e1s informaci\u00f3n:\u00a0JBLT720BTBLKAM<\/p>\n","protected":false},"excerpt":{"rendered":"<p>Los auriculares JBL Tune 720BT transmiten el potente sonido JBL Pure Bass gracias a la \u00faltima tecnolog\u00eda 5.3 BT. Estos auriculares, muy f\u00e1ciles de usar, ofrecen hasta 76 horas de puro placer\u2026<\/p>\n","protected":false},"featured_media":32736,"template":"","meta":[],"product_brand":[],"product_cat":[81,130],"product_tag":[],"class_list":{"0":"post-32735","1":"product","2":"type-product","3":"status-publish","4":"has-post-thumbnail","6":"product_cat-auricular","7":"product_cat-pv","9":"first","10":"instock","11":"shipping-taxable","12":"purchasable","13":"product-type-simple"},"_links":{"self":[{"href":"https:\/\/saltacom.com\/index.php\/wp-json\/wp\/v2\/product\/32735","targetHints":{"allow":["GET"]}}],"collection":[{"href":"https:\/\/saltacom.com\/index.php\/wp-json\/wp\/v2\/product"}],"about":[{"href":"https:\/\/saltacom.com\/index.php\/wp-json\/wp\/v2\/types\/product"}],"version-history":[{"count":1,"href":"https:\/\/saltacom.com\/index.php\/wp-json\/wp\/v2\/product\/32735\/revisions"}],"predecessor-version":[{"id":32808,"href":"https:\/\/saltacom.com\/index.php\/wp-json\/wp\/v2\/product\/32735\/revisions\/32808"}],"wp:featuredmedia":[{"embeddable":true,"href":"https:\/\/saltacom.com\/index.php\/wp-json\/wp\/v2\/media\/32736"}],"wp:attachment":[{"href":"https:\/\/saltacom.com\/index.php\/wp-json\/wp\/v2\/media?parent=32735"}],"wp:term":[{"taxonomy":"product_brand","embeddable":true,"href":"https:\/\/saltacom.com\/index.php\/wp-json\/wp\/v2\/product_brand?post=32735"},{"taxonomy":"product_cat","embeddable":true,"href":"https:\/\/saltacom.com\/index.php\/wp-json\/wp\/v2\/product_cat?post=32735"},{"taxonomy":"product_tag","embeddable":true,"href":"https:\/\/saltacom.com\/index.php\/wp-json\/wp\/v2\/product_tag?post=32735"}],"curies":[{"name":"wp","href":"https:\/\/api.w.org\/{rel}","templated":true}]}}