{"id":32743,"date":"2026-02-15T10:50:49","date_gmt":"2026-02-15T13:50:49","guid":{"rendered":"https:\/\/saltacom.com\/index.php\/producto\/water-cooling-msi-mag-coreliquid-e240-2x-cpu-cooler-240mm-black-5728\/"},"modified":"2026-04-07T07:19:53","modified_gmt":"2026-04-07T10:19:53","slug":"water-cooling-msi-mag-coreliquid-e240-2x-cpu-cooler-240mm-black-5728","status":"publish","type":"product","link":"https:\/\/saltacom.com\/index.php\/producto\/water-cooling-msi-mag-coreliquid-e240-2x-cpu-cooler-240mm-black-5728\/","title":{"rendered":"Water Cooling MSI MAG CORELIQUID E240 2x CPU Cooler 240mm Black (5728)"},"content":{"rendered":"<p>La serie MAG lucha junto a los jugadores en pos del honor. Con elementos de inspiraci\u00f3n militar a\u00f1adidos en estos productos de juego, renacieron como s\u00edmbolo de robustez y durabilidad.<br \/>\nM\u00e1s informaci\u00f3n:\u00a0MAG CORELIQUID E240<\/p>\n","protected":false},"excerpt":{"rendered":"<p>La serie MAG lucha junto a los jugadores en pos del honor. Con elementos de inspiraci\u00f3n militar a\u00f1adidos en estos productos de juego, renacieron como s\u00edmbolo de robustez y durabilidad. M\u00e1s informaci\u00f3n:\u00a0MAG\u2026<\/p>\n","protected":false},"featured_media":32744,"template":"","meta":[],"product_brand":[],"product_cat":[91,130,141],"product_tag":[],"class_list":{"0":"post-32743","1":"product","2":"type-product","3":"status-publish","4":"has-post-thumbnail","6":"product_cat-cooler","7":"product_cat-pv","8":"product_cat-refrigeracion-liquida","10":"first","11":"instock","12":"shipping-taxable","13":"purchasable","14":"product-type-simple"},"_links":{"self":[{"href":"https:\/\/saltacom.com\/index.php\/wp-json\/wp\/v2\/product\/32743","targetHints":{"allow":["GET"]}}],"collection":[{"href":"https:\/\/saltacom.com\/index.php\/wp-json\/wp\/v2\/product"}],"about":[{"href":"https:\/\/saltacom.com\/index.php\/wp-json\/wp\/v2\/types\/product"}],"version-history":[{"count":1,"href":"https:\/\/saltacom.com\/index.php\/wp-json\/wp\/v2\/product\/32743\/revisions"}],"predecessor-version":[{"id":32812,"href":"https:\/\/saltacom.com\/index.php\/wp-json\/wp\/v2\/product\/32743\/revisions\/32812"}],"wp:featuredmedia":[{"embeddable":true,"href":"https:\/\/saltacom.com\/index.php\/wp-json\/wp\/v2\/media\/32744"}],"wp:attachment":[{"href":"https:\/\/saltacom.com\/index.php\/wp-json\/wp\/v2\/media?parent=32743"}],"wp:term":[{"taxonomy":"product_brand","embeddable":true,"href":"https:\/\/saltacom.com\/index.php\/wp-json\/wp\/v2\/product_brand?post=32743"},{"taxonomy":"product_cat","embeddable":true,"href":"https:\/\/saltacom.com\/index.php\/wp-json\/wp\/v2\/product_cat?post=32743"},{"taxonomy":"product_tag","embeddable":true,"href":"https:\/\/saltacom.com\/index.php\/wp-json\/wp\/v2\/product_tag?post=32743"}],"curies":[{"name":"wp","href":"https:\/\/api.w.org\/{rel}","templated":true}]}}