{"id":32779,"date":"2026-02-15T10:51:36","date_gmt":"2026-02-15T13:51:36","guid":{"rendered":"https:\/\/saltacom.com\/index.php\/producto\/auricular-jbl-quantum-360-playstation-blanco-0796\/"},"modified":"2026-04-07T05:19:22","modified_gmt":"2026-04-07T08:19:22","slug":"auricular-jbl-quantum-360-playstation-blanco-0796","status":"publish","type":"product","link":"https:\/\/saltacom.com\/index.php\/producto\/auricular-jbl-quantum-360-playstation-blanco-0796\/","title":{"rendered":"AURICULAR JBL QUANTUM 360 PLAYSTATION BLANCO (0796)"},"content":{"rendered":"<p>Los auriculares para consola JBL Quantum 360P inal\u00e1mbricos est\u00e1n dise\u00f1ados para ser totalmente compatibles con PlayStation 5 3D audio.<br \/>\nM\u00e1s informaci\u00f3n:\u00a0JBLQ360PWLWHTBL UAJM<\/p>\n","protected":false},"excerpt":{"rendered":"<p>Los auriculares para consola JBL Quantum 360P inal\u00e1mbricos est\u00e1n dise\u00f1ados para ser totalmente compatibles con PlayStation 5 3D audio. M\u00e1s informaci\u00f3n:\u00a0JBLQ360PWLWHTBL UAJM<\/p>\n","protected":false},"featured_media":32780,"template":"","meta":[],"product_brand":[],"product_cat":[81,130],"product_tag":[],"class_list":{"0":"post-32779","1":"product","2":"type-product","3":"status-publish","4":"has-post-thumbnail","6":"product_cat-auricular","7":"product_cat-pv","9":"first","10":"instock","11":"shipping-taxable","12":"purchasable","13":"product-type-simple"},"_links":{"self":[{"href":"https:\/\/saltacom.com\/index.php\/wp-json\/wp\/v2\/product\/32779","targetHints":{"allow":["GET"]}}],"collection":[{"href":"https:\/\/saltacom.com\/index.php\/wp-json\/wp\/v2\/product"}],"about":[{"href":"https:\/\/saltacom.com\/index.php\/wp-json\/wp\/v2\/types\/product"}],"version-history":[{"count":1,"href":"https:\/\/saltacom.com\/index.php\/wp-json\/wp\/v2\/product\/32779\/revisions"}],"predecessor-version":[{"id":32834,"href":"https:\/\/saltacom.com\/index.php\/wp-json\/wp\/v2\/product\/32779\/revisions\/32834"}],"wp:featuredmedia":[{"embeddable":true,"href":"https:\/\/saltacom.com\/index.php\/wp-json\/wp\/v2\/media\/32780"}],"wp:attachment":[{"href":"https:\/\/saltacom.com\/index.php\/wp-json\/wp\/v2\/media?parent=32779"}],"wp:term":[{"taxonomy":"product_brand","embeddable":true,"href":"https:\/\/saltacom.com\/index.php\/wp-json\/wp\/v2\/product_brand?post=32779"},{"taxonomy":"product_cat","embeddable":true,"href":"https:\/\/saltacom.com\/index.php\/wp-json\/wp\/v2\/product_cat?post=32779"},{"taxonomy":"product_tag","embeddable":true,"href":"https:\/\/saltacom.com\/index.php\/wp-json\/wp\/v2\/product_tag?post=32779"}],"curies":[{"name":"wp","href":"https:\/\/api.w.org\/{rel}","templated":true}]}}