{"id":32789,"date":"2026-02-15T10:51:47","date_gmt":"2026-02-15T13:51:47","guid":{"rendered":"https:\/\/saltacom.com\/index.php\/producto\/mother-gigabyte-b760m-d3hp-ddr5-1700-12va-13va-14va-gen-4347\/"},"modified":"2026-04-07T05:19:24","modified_gmt":"2026-04-07T08:19:24","slug":"mother-gigabyte-b760m-d3hp-ddr5-1700-12va-13va-14va-gen-4347","status":"publish","type":"product","link":"https:\/\/saltacom.com\/index.php\/producto\/mother-gigabyte-b760m-d3hp-ddr5-1700-12va-13va-14va-gen-4347\/","title":{"rendered":"Mother Gigabyte B760M D3HP DDR5 1700 (12va\/13va\/14va Gen) (4347)"},"content":{"rendered":"<p>Admite procesadores Intel\u00ae Core&trade; 14.\u00ba, 13.\u00ba y 12.\u00ba.<\/p>\n<p>Rendimiento incomparable: soluci\u00f3n VRM digital h\u00edbrida de 4+1+1 fases.<\/p>\n<p>DDR5 de canal doble: 4 m\u00f3dulos de memoria DIMM compatibles con XMP.<\/p>\n<p>Almacenamiento de pr\u00f3xima generaci\u00f3n: 2 conectores PCIe 4.0 x4 M.2.<\/p>\n<p>M\u00e1s informaci\u00f3n:\u00a0B760M D3HP<\/p>\n","protected":false},"excerpt":{"rendered":"<p>Admite procesadores Intel\u00ae Core&trade; 14.\u00ba, 13.\u00ba y 12.\u00ba. Rendimiento incomparable: soluci\u00f3n VRM digital h\u00edbrida de 4+1+1 fases. DDR5 de canal doble: 4 m\u00f3dulos de memoria DIMM compatibles con XMP. Almacenamiento de pr\u00f3xima\u2026<\/p>\n","protected":false},"featured_media":32790,"template":"","meta":[],"product_brand":[],"product_cat":[109,130],"product_tag":[],"class_list":{"0":"post-32789","1":"product","2":"type-product","3":"status-publish","4":"has-post-thumbnail","6":"product_cat-motherboard","7":"product_cat-pv","9":"first","10":"instock","11":"shipping-taxable","12":"purchasable","13":"product-type-simple"},"_links":{"self":[{"href":"https:\/\/saltacom.com\/index.php\/wp-json\/wp\/v2\/product\/32789","targetHints":{"allow":["GET"]}}],"collection":[{"href":"https:\/\/saltacom.com\/index.php\/wp-json\/wp\/v2\/product"}],"about":[{"href":"https:\/\/saltacom.com\/index.php\/wp-json\/wp\/v2\/types\/product"}],"version-history":[{"count":1,"href":"https:\/\/saltacom.com\/index.php\/wp-json\/wp\/v2\/product\/32789\/revisions"}],"predecessor-version":[{"id":32839,"href":"https:\/\/saltacom.com\/index.php\/wp-json\/wp\/v2\/product\/32789\/revisions\/32839"}],"wp:featuredmedia":[{"embeddable":true,"href":"https:\/\/saltacom.com\/index.php\/wp-json\/wp\/v2\/media\/32790"}],"wp:attachment":[{"href":"https:\/\/saltacom.com\/index.php\/wp-json\/wp\/v2\/media?parent=32789"}],"wp:term":[{"taxonomy":"product_brand","embeddable":true,"href":"https:\/\/saltacom.com\/index.php\/wp-json\/wp\/v2\/product_brand?post=32789"},{"taxonomy":"product_cat","embeddable":true,"href":"https:\/\/saltacom.com\/index.php\/wp-json\/wp\/v2\/product_cat?post=32789"},{"taxonomy":"product_tag","embeddable":true,"href":"https:\/\/saltacom.com\/index.php\/wp-json\/wp\/v2\/product_tag?post=32789"}],"curies":[{"name":"wp","href":"https:\/\/api.w.org\/{rel}","templated":true}]}}