{"id":32814,"date":"2026-02-15T17:10:20","date_gmt":"2026-02-15T20:10:20","guid":{"rendered":"https:\/\/saltacom.com\/index.php\/producto\/microfono-razer-seiren-v3-chroma-rgb-usb-black-0458\/"},"modified":"2026-04-07T07:20:06","modified_gmt":"2026-04-07T10:20:06","slug":"microfono-razer-seiren-v3-chroma-rgb-usb-black-0458","status":"publish","type":"product","link":"https:\/\/saltacom.com\/index.php\/producto\/microfono-razer-seiren-v3-chroma-rgb-usb-black-0458\/","title":{"rendered":"Microfono Razer Seiren V3 Chroma RGB USB Black (0458)"},"content":{"rendered":"<p>Hazte ver y escuchar a un nuevo nivel con el Razer Seiren V3 Chroma, un micr\u00f3fono USB de nivel profesional con iluminaci\u00f3n RGB personalizable que supera a todos los dem\u00e1s. Con iluminaci\u00f3n reactiva a la transmisi\u00f3n y un sensor multifunci\u00f3n que se toca para silenciar, obt\u00e9n el control, la claridad y el estilo que necesitas para jugar, transmitir y chatear.<br \/>\nM\u00e1s informaci\u00f3n:\u00a0RZ19-05060100-R3U1<\/p>\n","protected":false},"excerpt":{"rendered":"<p>Hazte ver y escuchar a un nuevo nivel con el Razer Seiren V3 Chroma, un micr\u00f3fono USB de nivel profesional con iluminaci\u00f3n RGB personalizable que supera a todos los dem\u00e1s. Con iluminaci\u00f3n\u2026<\/p>\n","protected":false},"featured_media":32815,"template":"","meta":[],"product_brand":[],"product_cat":[107,130],"product_tag":[],"class_list":{"0":"post-32814","1":"product","2":"type-product","3":"status-publish","4":"has-post-thumbnail","6":"product_cat-microfono","7":"product_cat-pv","9":"first","10":"instock","11":"shipping-taxable","12":"purchasable","13":"product-type-simple"},"_links":{"self":[{"href":"https:\/\/saltacom.com\/index.php\/wp-json\/wp\/v2\/product\/32814","targetHints":{"allow":["GET"]}}],"collection":[{"href":"https:\/\/saltacom.com\/index.php\/wp-json\/wp\/v2\/product"}],"about":[{"href":"https:\/\/saltacom.com\/index.php\/wp-json\/wp\/v2\/types\/product"}],"version-history":[{"count":1,"href":"https:\/\/saltacom.com\/index.php\/wp-json\/wp\/v2\/product\/32814\/revisions"}],"predecessor-version":[{"id":33149,"href":"https:\/\/saltacom.com\/index.php\/wp-json\/wp\/v2\/product\/32814\/revisions\/33149"}],"wp:featuredmedia":[{"embeddable":true,"href":"https:\/\/saltacom.com\/index.php\/wp-json\/wp\/v2\/media\/32815"}],"wp:attachment":[{"href":"https:\/\/saltacom.com\/index.php\/wp-json\/wp\/v2\/media?parent=32814"}],"wp:term":[{"taxonomy":"product_brand","embeddable":true,"href":"https:\/\/saltacom.com\/index.php\/wp-json\/wp\/v2\/product_brand?post=32814"},{"taxonomy":"product_cat","embeddable":true,"href":"https:\/\/saltacom.com\/index.php\/wp-json\/wp\/v2\/product_cat?post=32814"},{"taxonomy":"product_tag","embeddable":true,"href":"https:\/\/saltacom.com\/index.php\/wp-json\/wp\/v2\/product_tag?post=32814"}],"curies":[{"name":"wp","href":"https:\/\/api.w.org\/{rel}","templated":true}]}}