{"id":32846,"date":"2026-02-15T17:11:19","date_gmt":"2026-02-15T20:11:19","guid":{"rendered":"https:\/\/saltacom.com\/index.php\/producto\/microfono-jbl-quantum-stream-wireless-8832\/"},"modified":"2026-04-09T05:19:28","modified_gmt":"2026-04-09T08:19:28","slug":"microfono-jbl-quantum-stream-wireless-8832","status":"publish","type":"product","link":"https:\/\/saltacom.com\/index.php\/producto\/microfono-jbl-quantum-stream-wireless-8832\/","title":{"rendered":"MICROFONO JBL QUANTUM STREAM WIRELESS (8832)"},"content":{"rendered":"<p>Ll\u00e9vate tu espect\u00e1culo vayas donde vayas El contenido est\u00e1 en todas partes. Atr\u00e1palo. Tu vida, en streaming No te pierdas ninguna oportunidad de crear contenido El micr\u00f3fono ideal para llevar a todas partes Grabar nunca hab\u00eda sido tan f\u00e1cil Solo tienes que pulsar un bot\u00f3n.<br \/>\nM\u00e1s informaci\u00f3n:\u00a0JBLSTRMWLUSBCBLKAM<br \/>\n\u00a0<\/p>\n","protected":false},"excerpt":{"rendered":"<p>Ll\u00e9vate tu espect\u00e1culo vayas donde vayas El contenido est\u00e1 en todas partes. Atr\u00e1palo. Tu vida, en streaming No te pierdas ninguna oportunidad de crear contenido El micr\u00f3fono ideal para llevar a todas\u2026<\/p>\n","protected":false},"featured_media":32847,"template":"","meta":[],"product_brand":[],"product_cat":[107,130],"product_tag":[],"class_list":{"0":"post-32846","1":"product","2":"type-product","3":"status-publish","4":"has-post-thumbnail","6":"product_cat-microfono","7":"product_cat-pv","9":"first","10":"instock","11":"shipping-taxable","12":"purchasable","13":"product-type-simple"},"_links":{"self":[{"href":"https:\/\/saltacom.com\/index.php\/wp-json\/wp\/v2\/product\/32846","targetHints":{"allow":["GET"]}}],"collection":[{"href":"https:\/\/saltacom.com\/index.php\/wp-json\/wp\/v2\/product"}],"about":[{"href":"https:\/\/saltacom.com\/index.php\/wp-json\/wp\/v2\/types\/product"}],"version-history":[{"count":1,"href":"https:\/\/saltacom.com\/index.php\/wp-json\/wp\/v2\/product\/32846\/revisions"}],"predecessor-version":[{"id":33154,"href":"https:\/\/saltacom.com\/index.php\/wp-json\/wp\/v2\/product\/32846\/revisions\/33154"}],"wp:featuredmedia":[{"embeddable":true,"href":"https:\/\/saltacom.com\/index.php\/wp-json\/wp\/v2\/media\/32847"}],"wp:attachment":[{"href":"https:\/\/saltacom.com\/index.php\/wp-json\/wp\/v2\/media?parent=32846"}],"wp:term":[{"taxonomy":"product_brand","embeddable":true,"href":"https:\/\/saltacom.com\/index.php\/wp-json\/wp\/v2\/product_brand?post=32846"},{"taxonomy":"product_cat","embeddable":true,"href":"https:\/\/saltacom.com\/index.php\/wp-json\/wp\/v2\/product_cat?post=32846"},{"taxonomy":"product_tag","embeddable":true,"href":"https:\/\/saltacom.com\/index.php\/wp-json\/wp\/v2\/product_tag?post=32846"}],"curies":[{"name":"wp","href":"https:\/\/api.w.org\/{rel}","templated":true}]}}