{"id":33166,"date":"2026-03-03T09:17:33","date_gmt":"2026-03-03T12:17:33","guid":{"rendered":"https:\/\/saltacom.com\/index.php\/producto\/vga-msi-geforce-rtx-3050-ventus-2x-6g-oc-6811\/"},"modified":"2026-04-29T20:19:58","modified_gmt":"2026-04-29T23:19:58","slug":"vga-msi-geforce-rtx-3050-ventus-2x-6g-oc-6811","status":"publish","type":"product","link":"https:\/\/saltacom.com\/index.php\/producto\/vga-msi-geforce-rtx-3050-ventus-2x-6g-oc-6811\/","title":{"rendered":"VGA MSI GeForce RTX 3050 VENTUS 2X 6G OC (6811)"},"content":{"rendered":"<p>Los ventiladores de la serie VENTUS utilizan un dise\u00f1o de ventilador personalizado con una curva \u00fanica para mejorar la disipaci\u00f3n del calor al generar m\u00e1s flujo de aire y presi\u00f3n de aire.<br \/>\nM\u00e1s informaci\u00f3n:\u00a0RTX 3050 VENTUS 2X 6G OC<\/p>\n","protected":false},"excerpt":{"rendered":"<p>Los ventiladores de la serie VENTUS utilizan un dise\u00f1o de ventilador personalizado con una curva \u00fanica para mejorar la disipaci\u00f3n del calor al generar m\u00e1s flujo de aire y presi\u00f3n de aire.\u2026<\/p>\n","protected":false},"featured_media":33167,"template":"","meta":[],"product_brand":[],"product_cat":[126,130],"product_tag":[],"class_list":{"0":"post-33166","1":"product","2":"type-product","3":"status-publish","4":"has-post-thumbnail","6":"product_cat-placa-de-video","7":"product_cat-pv","9":"first","10":"instock","11":"shipping-taxable","12":"purchasable","13":"product-type-simple"},"_links":{"self":[{"href":"https:\/\/saltacom.com\/index.php\/wp-json\/wp\/v2\/product\/33166","targetHints":{"allow":["GET"]}}],"collection":[{"href":"https:\/\/saltacom.com\/index.php\/wp-json\/wp\/v2\/product"}],"about":[{"href":"https:\/\/saltacom.com\/index.php\/wp-json\/wp\/v2\/types\/product"}],"version-history":[{"count":1,"href":"https:\/\/saltacom.com\/index.php\/wp-json\/wp\/v2\/product\/33166\/revisions"}],"predecessor-version":[{"id":33285,"href":"https:\/\/saltacom.com\/index.php\/wp-json\/wp\/v2\/product\/33166\/revisions\/33285"}],"wp:featuredmedia":[{"embeddable":true,"href":"https:\/\/saltacom.com\/index.php\/wp-json\/wp\/v2\/media\/33167"}],"wp:attachment":[{"href":"https:\/\/saltacom.com\/index.php\/wp-json\/wp\/v2\/media?parent=33166"}],"wp:term":[{"taxonomy":"product_brand","embeddable":true,"href":"https:\/\/saltacom.com\/index.php\/wp-json\/wp\/v2\/product_brand?post=33166"},{"taxonomy":"product_cat","embeddable":true,"href":"https:\/\/saltacom.com\/index.php\/wp-json\/wp\/v2\/product_cat?post=33166"},{"taxonomy":"product_tag","embeddable":true,"href":"https:\/\/saltacom.com\/index.php\/wp-json\/wp\/v2\/product_tag?post=33166"}],"curies":[{"name":"wp","href":"https:\/\/api.w.org\/{rel}","templated":true}]}}