{"id":33168,"date":"2026-03-03T09:18:27","date_gmt":"2026-03-03T12:18:27","guid":{"rendered":"https:\/\/saltacom.com\/index.php\/producto\/auricular-jbl-wave-beam2-tws-anc-negro\/"},"modified":"2026-04-18T16:19:54","modified_gmt":"2026-04-18T19:19:54","slug":"auricular-jbl-wave-beam2-tws-anc-negro","status":"publish","type":"product","link":"https:\/\/saltacom.com\/index.php\/producto\/auricular-jbl-wave-beam2-tws-anc-negro\/","title":{"rendered":"AURICULAR JBL WAVE BEAM2 TWS ANC BLANCO"},"content":{"rendered":"<p>El sonido de calidad es ahora m\u00e1s f\u00e1cil y divertido. Los auriculares JBL Wave Beam 2 incorporan el emocionante sonido JBL Pure Bass, adem\u00e1s de cancelaci\u00f3n de ruido activa y tecnolog\u00eda Smart Ambient para que decidas qu\u00e9 parte del mundo exterior no quieres que se te escape. Haz llamadas n\u00edtidas y claras sin manos con solo tocar los auriculares.\u00a0<br \/>\nM\u00e1s informaci\u00f3n:\u00a0JBLWBEAM2WHT<\/p>\n","protected":false},"excerpt":{"rendered":"<p>El sonido de calidad es ahora m\u00e1s f\u00e1cil y divertido. Los auriculares JBL Wave Beam 2 incorporan el emocionante sonido JBL Pure Bass, adem\u00e1s de cancelaci\u00f3n de ruido activa y tecnolog\u00eda Smart\u2026<\/p>\n","protected":false},"featured_media":33169,"template":"","meta":[],"product_brand":[],"product_cat":[81,130],"product_tag":[],"class_list":{"0":"post-33168","1":"product","2":"type-product","3":"status-publish","4":"has-post-thumbnail","6":"product_cat-auricular","7":"product_cat-pv","9":"first","10":"instock","11":"shipping-taxable","12":"purchasable","13":"product-type-simple"},"_links":{"self":[{"href":"https:\/\/saltacom.com\/index.php\/wp-json\/wp\/v2\/product\/33168","targetHints":{"allow":["GET"]}}],"collection":[{"href":"https:\/\/saltacom.com\/index.php\/wp-json\/wp\/v2\/product"}],"about":[{"href":"https:\/\/saltacom.com\/index.php\/wp-json\/wp\/v2\/types\/product"}],"version-history":[{"count":1,"href":"https:\/\/saltacom.com\/index.php\/wp-json\/wp\/v2\/product\/33168\/revisions"}],"predecessor-version":[{"id":33286,"href":"https:\/\/saltacom.com\/index.php\/wp-json\/wp\/v2\/product\/33168\/revisions\/33286"}],"wp:featuredmedia":[{"embeddable":true,"href":"https:\/\/saltacom.com\/index.php\/wp-json\/wp\/v2\/media\/33169"}],"wp:attachment":[{"href":"https:\/\/saltacom.com\/index.php\/wp-json\/wp\/v2\/media?parent=33168"}],"wp:term":[{"taxonomy":"product_brand","embeddable":true,"href":"https:\/\/saltacom.com\/index.php\/wp-json\/wp\/v2\/product_brand?post=33168"},{"taxonomy":"product_cat","embeddable":true,"href":"https:\/\/saltacom.com\/index.php\/wp-json\/wp\/v2\/product_cat?post=33168"},{"taxonomy":"product_tag","embeddable":true,"href":"https:\/\/saltacom.com\/index.php\/wp-json\/wp\/v2\/product_tag?post=33168"}],"curies":[{"name":"wp","href":"https:\/\/api.w.org\/{rel}","templated":true}]}}