{"id":33170,"date":"2026-03-03T09:18:27","date_gmt":"2026-03-03T12:18:27","guid":{"rendered":"https:\/\/saltacom.com\/index.php\/producto\/auricular-jbl-tune-flex2-tws-negro-6172\/"},"modified":"2026-04-18T14:20:00","modified_gmt":"2026-04-18T17:20:00","slug":"auricular-jbl-tune-flex2-tws-negro-6172","status":"publish","type":"product","link":"https:\/\/saltacom.com\/index.php\/producto\/auricular-jbl-tune-flex2-tws-negro-6172\/","title":{"rendered":"AURICULAR JBL TUNE FLEX2 TWS NEGRO (6172)"},"content":{"rendered":"<p>JBL Pure Bass con sonido Spatial.\u00a0<\/p>\n<p>Cancelaci\u00f3n de ruido adaptativa con Smart Ambient.<\/p>\n<p>Llamadas perfectas y una experiencia personalizada con 6 micr\u00f3fonos.<\/p>\n<p>M\u00e1s informaci\u00f3n:\u00a0JBLTFLEX2BLKAM<\/p>\n","protected":false},"excerpt":{"rendered":"<p>JBL Pure Bass con sonido Spatial.\u00a0 Cancelaci\u00f3n de ruido adaptativa con Smart Ambient. Llamadas perfectas y una experiencia personalizada con 6 micr\u00f3fonos. M\u00e1s informaci\u00f3n:\u00a0JBLTFLEX2BLKAM<\/p>\n","protected":false},"featured_media":33171,"template":"","meta":[],"product_brand":[],"product_cat":[81,130],"product_tag":[],"class_list":{"0":"post-33170","1":"product","2":"type-product","3":"status-publish","4":"has-post-thumbnail","6":"product_cat-auricular","7":"product_cat-pv","9":"first","10":"instock","11":"shipping-taxable","12":"purchasable","13":"product-type-simple"},"_links":{"self":[{"href":"https:\/\/saltacom.com\/index.php\/wp-json\/wp\/v2\/product\/33170","targetHints":{"allow":["GET"]}}],"collection":[{"href":"https:\/\/saltacom.com\/index.php\/wp-json\/wp\/v2\/product"}],"about":[{"href":"https:\/\/saltacom.com\/index.php\/wp-json\/wp\/v2\/types\/product"}],"version-history":[{"count":1,"href":"https:\/\/saltacom.com\/index.php\/wp-json\/wp\/v2\/product\/33170\/revisions"}],"predecessor-version":[{"id":33287,"href":"https:\/\/saltacom.com\/index.php\/wp-json\/wp\/v2\/product\/33170\/revisions\/33287"}],"wp:featuredmedia":[{"embeddable":true,"href":"https:\/\/saltacom.com\/index.php\/wp-json\/wp\/v2\/media\/33171"}],"wp:attachment":[{"href":"https:\/\/saltacom.com\/index.php\/wp-json\/wp\/v2\/media?parent=33170"}],"wp:term":[{"taxonomy":"product_brand","embeddable":true,"href":"https:\/\/saltacom.com\/index.php\/wp-json\/wp\/v2\/product_brand?post=33170"},{"taxonomy":"product_cat","embeddable":true,"href":"https:\/\/saltacom.com\/index.php\/wp-json\/wp\/v2\/product_cat?post=33170"},{"taxonomy":"product_tag","embeddable":true,"href":"https:\/\/saltacom.com\/index.php\/wp-json\/wp\/v2\/product_tag?post=33170"}],"curies":[{"name":"wp","href":"https:\/\/api.w.org\/{rel}","templated":true}]}}