{"id":33172,"date":"2026-03-03T09:18:36","date_gmt":"2026-03-03T12:18:36","guid":{"rendered":"https:\/\/saltacom.com\/index.php\/producto\/vga-msi-geforce-rtx-5050-ventus-2x-oc-8g-0003\/"},"modified":"2026-04-18T16:19:55","modified_gmt":"2026-04-18T19:19:55","slug":"vga-msi-geforce-rtx-5050-ventus-2x-oc-8g-0003","status":"publish","type":"product","link":"https:\/\/saltacom.com\/index.php\/producto\/vga-msi-geforce-rtx-5050-ventus-2x-oc-8g-0003\/","title":{"rendered":"VGA MSI GeForce RTX 5050 VENTUS 2X OC 8G (0003)"},"content":{"rendered":"<p>Impulsada por la arquitectura NVIDIA Blackwell y DLSS 4<\/p>\n<p>TORX Fan 5.0: Las aspas del ventilador unidas por arcos circulares trabajan en conjunto para estabilizar y mantener un flujo de aire de alta presi\u00f3n.<\/p>\n<p>Heat Pipe: Dise\u00f1ado para una transferencia t\u00e9rmica eficiente, el heat pipe extrae eficazmente el calor del GPU, mejorando el rendimiento de refrigeraci\u00f3n general.<\/p>\n<p>M\u00e1s informaci\u00f3n:\u00a0RTX 5050 8G VENTUS 2X OC<\/p>\n","protected":false},"excerpt":{"rendered":"<p>Impulsada por la arquitectura NVIDIA Blackwell y DLSS 4 TORX Fan 5.0: Las aspas del ventilador unidas por arcos circulares trabajan en conjunto para estabilizar y mantener un flujo de aire de\u2026<\/p>\n","protected":false},"featured_media":33173,"template":"","meta":[],"product_brand":[],"product_cat":[126,130],"product_tag":[],"class_list":{"0":"post-33172","1":"product","2":"type-product","3":"status-publish","4":"has-post-thumbnail","6":"product_cat-placa-de-video","7":"product_cat-pv","9":"first","10":"instock","11":"shipping-taxable","12":"purchasable","13":"product-type-simple"},"_links":{"self":[{"href":"https:\/\/saltacom.com\/index.php\/wp-json\/wp\/v2\/product\/33172","targetHints":{"allow":["GET"]}}],"collection":[{"href":"https:\/\/saltacom.com\/index.php\/wp-json\/wp\/v2\/product"}],"about":[{"href":"https:\/\/saltacom.com\/index.php\/wp-json\/wp\/v2\/types\/product"}],"version-history":[{"count":1,"href":"https:\/\/saltacom.com\/index.php\/wp-json\/wp\/v2\/product\/33172\/revisions"}],"predecessor-version":[{"id":33288,"href":"https:\/\/saltacom.com\/index.php\/wp-json\/wp\/v2\/product\/33172\/revisions\/33288"}],"wp:featuredmedia":[{"embeddable":true,"href":"https:\/\/saltacom.com\/index.php\/wp-json\/wp\/v2\/media\/33173"}],"wp:attachment":[{"href":"https:\/\/saltacom.com\/index.php\/wp-json\/wp\/v2\/media?parent=33172"}],"wp:term":[{"taxonomy":"product_brand","embeddable":true,"href":"https:\/\/saltacom.com\/index.php\/wp-json\/wp\/v2\/product_brand?post=33172"},{"taxonomy":"product_cat","embeddable":true,"href":"https:\/\/saltacom.com\/index.php\/wp-json\/wp\/v2\/product_cat?post=33172"},{"taxonomy":"product_tag","embeddable":true,"href":"https:\/\/saltacom.com\/index.php\/wp-json\/wp\/v2\/product_tag?post=33172"}],"curies":[{"name":"wp","href":"https:\/\/api.w.org\/{rel}","templated":true}]}}