{"id":33292,"date":"2026-03-05T09:34:17","date_gmt":"2026-03-05T12:34:17","guid":{"rendered":"https:\/\/saltacom.com\/index.php\/producto\/mouse-logitech-g-pro-x-superlight-2-se-black-910-007648\/"},"modified":"2026-04-20T10:19:37","modified_gmt":"2026-04-20T13:19:37","slug":"mouse-logitech-g-pro-x-superlight-2-se-black-910-007648","status":"publish","type":"product","link":"https:\/\/saltacom.com\/index.php\/producto\/mouse-logitech-g-pro-x-superlight-2-se-black-910-007648\/","title":{"rendered":"Mouse Logitech G Pro X Superlight 2 SE Black 910-007648"},"content":{"rendered":"<p>Un \u00edcono del gaming profesional, dise\u00f1ado en colaboraci\u00f3n con los mejores jugadores de esports del mundo y desarrollado para ganar. HERO 2 ofrece seguimiento de m\u00e1s de 888 IPS, hasta 44,000 DPI y una calibraci\u00f3n de sensor precisa.\u00a0<\/p>\n","protected":false},"excerpt":{"rendered":"<p>Un \u00edcono del gaming profesional, dise\u00f1ado en colaboraci\u00f3n con los mejores jugadores de esports del mundo y desarrollado para ganar. HERO 2 ofrece seguimiento de m\u00e1s de 888 IPS, hasta 44,000 DPI\u2026<\/p>\n","protected":false},"featured_media":33293,"template":"","meta":[],"product_brand":[],"product_cat":[110,130],"product_tag":[],"class_list":{"0":"post-33292","1":"product","2":"type-product","3":"status-publish","4":"has-post-thumbnail","6":"product_cat-mouse","7":"product_cat-pv","9":"first","10":"instock","11":"shipping-taxable","12":"purchasable","13":"product-type-simple"},"_links":{"self":[{"href":"https:\/\/saltacom.com\/index.php\/wp-json\/wp\/v2\/product\/33292","targetHints":{"allow":["GET"]}}],"collection":[{"href":"https:\/\/saltacom.com\/index.php\/wp-json\/wp\/v2\/product"}],"about":[{"href":"https:\/\/saltacom.com\/index.php\/wp-json\/wp\/v2\/types\/product"}],"version-history":[{"count":1,"href":"https:\/\/saltacom.com\/index.php\/wp-json\/wp\/v2\/product\/33292\/revisions"}],"predecessor-version":[{"id":33304,"href":"https:\/\/saltacom.com\/index.php\/wp-json\/wp\/v2\/product\/33292\/revisions\/33304"}],"wp:featuredmedia":[{"embeddable":true,"href":"https:\/\/saltacom.com\/index.php\/wp-json\/wp\/v2\/media\/33293"}],"wp:attachment":[{"href":"https:\/\/saltacom.com\/index.php\/wp-json\/wp\/v2\/media?parent=33292"}],"wp:term":[{"taxonomy":"product_brand","embeddable":true,"href":"https:\/\/saltacom.com\/index.php\/wp-json\/wp\/v2\/product_brand?post=33292"},{"taxonomy":"product_cat","embeddable":true,"href":"https:\/\/saltacom.com\/index.php\/wp-json\/wp\/v2\/product_cat?post=33292"},{"taxonomy":"product_tag","embeddable":true,"href":"https:\/\/saltacom.com\/index.php\/wp-json\/wp\/v2\/product_tag?post=33292"}],"curies":[{"name":"wp","href":"https:\/\/api.w.org\/{rel}","templated":true}]}}