{"id":33654,"date":"2026-03-15T08:57:43","date_gmt":"2026-03-15T11:57:43","guid":{"rendered":"https:\/\/saltacom.com\/index.php\/producto\/ssd-m-2-nvme-2tb-g4-kingston-nv3\/"},"modified":"2026-04-27T04:06:53","modified_gmt":"2026-04-27T07:06:53","slug":"ssd-m-2-nvme-2tb-g4-kingston-nv3","status":"publish","type":"product","link":"https:\/\/saltacom.com\/index.php\/producto\/ssd-m-2-nvme-2tb-g4-kingston-nv3\/","title":{"rendered":"SSD M.2 NVME 2TB G4 KINGSTON NV3"},"content":{"rendered":"<p>Factor de formatM.2 2280rnInterfaztNVMe PCIe 4.0 x4rnCapacidades2t500GB, 1TB, 2TB, 4TB3rnLectura\/escritura secuenciales1t500GB-5.000\/3.000MB\/srn1TB-6.000\/4.000MB\/srn2TB-4TB3-6.000\/5.000MB\/srnNANDt3DrnResistencia (total de bytes escritos)4t500GB-160TBrn1TB-320TBrn2TB-640TBrn4TB-1280TBrnTemperatura de almacenamientot-40u00b0C~85u00b0CrnTemperatura de funcionamientot0u00b0C~70u00b0CrnDimensionest22mm u00d7 80mm u00d7 2,3mmrnPesot7g (todas las capacidades)rnVibraciones en reposot10G (10-1.000Hz)rnTiempo medio entre fallos (MTBF)t2.000.000 horasrnGarantu00eda y asistencia5tGarantu00eda limitada de 3 au00f1os con asistencia tu00e9cnica gratuita<\/p>\n","protected":false},"excerpt":{"rendered":"<p>SSD Kingston NV3 2TB PCIe 4.0 NVMePara necesidades de almacenamiento de alta velocidad y bajo consumo de energ\u00eda.El SSD Kingston NV3 PCIe 4.0 NVMe es una soluci\u00f3n de almacenamiento de \u00faltima generaci\u00f3n alimentada por un controlador NVMe 4&#215;4 Gen, que ofrece velocidades de lectura\/escritura de hasta 6.000\/5.000MB\/seg. Ofrece un menor consumo de energ\u00eda y reduce el calor, optimizando el rendimiento de tu sistema sin comprometer el valor. El dise\u00f1o compacto de una sola cara M.2 2280 (22&#215;80 mm) ampl\u00eda el almacenamiento hasta 4 TB conservando espacio para otros componentes. Vive las velocidades de NVMe con NV3.Disponible en capacidades de 500GB a 4TB para ofrecerte todo el espacio que necesitas para aplicaciones, documentos, fotos, v\u00eddeos, juegos y mucho m\u00e1s.ESPECIFICACIONES- Factor de forma: M.2 2280- Interfaz: NVMe PCIe 4.0 x4- Capacidad: 2TB- Velocidad secuencial de lectura\/escritura: 2TB \u2013 6,000\/5,000MB\/seg- NAND: 3D- Resistencia (total de bytes escritos): 2TB a 640TB- Temperatura de almacenamiento: -40\u00b0 a 85\u00b0C- Temperatura de funcionamiento: 0 a 70\u00b0C- Dimensiones: 22mm x 80mm x 2,3mm- Peso: 7g- Vibraci\u00f3n fuera de operaci\u00f3n: 20G (10 -1000Hz)- Vida \u00fatil: 2.000.000 horas MTBF<\/p>\n","protected":false},"featured_media":34151,"template":"","meta":[],"product_brand":[],"product_cat":[127,76],"product_tag":[],"class_list":{"0":"post-33654","1":"product","2":"type-product","3":"status-publish","4":"has-post-thumbnail","6":"product_cat-ar","7":"product_cat-discos","9":"first","10":"instock","11":"shipping-taxable","12":"purchasable","13":"product-type-simple"},"_links":{"self":[{"href":"https:\/\/saltacom.com\/index.php\/wp-json\/wp\/v2\/product\/33654","targetHints":{"allow":["GET"]}}],"collection":[{"href":"https:\/\/saltacom.com\/index.php\/wp-json\/wp\/v2\/product"}],"about":[{"href":"https:\/\/saltacom.com\/index.php\/wp-json\/wp\/v2\/types\/product"}],"version-history":[{"count":3,"href":"https:\/\/saltacom.com\/index.php\/wp-json\/wp\/v2\/product\/33654\/revisions"}],"predecessor-version":[{"id":34150,"href":"https:\/\/saltacom.com\/index.php\/wp-json\/wp\/v2\/product\/33654\/revisions\/34150"}],"wp:featuredmedia":[{"embeddable":true,"href":"https:\/\/saltacom.com\/index.php\/wp-json\/wp\/v2\/media\/34151"}],"wp:attachment":[{"href":"https:\/\/saltacom.com\/index.php\/wp-json\/wp\/v2\/media?parent=33654"}],"wp:term":[{"taxonomy":"product_brand","embeddable":true,"href":"https:\/\/saltacom.com\/index.php\/wp-json\/wp\/v2\/product_brand?post=33654"},{"taxonomy":"product_cat","embeddable":true,"href":"https:\/\/saltacom.com\/index.php\/wp-json\/wp\/v2\/product_cat?post=33654"},{"taxonomy":"product_tag","embeddable":true,"href":"https:\/\/saltacom.com\/index.php\/wp-json\/wp\/v2\/product_tag?post=33654"}],"curies":[{"name":"wp","href":"https:\/\/api.w.org\/{rel}","templated":true}]}}