{"id":33658,"date":"2026-03-15T08:57:46","date_gmt":"2026-03-15T11:57:46","guid":{"rendered":"https:\/\/saltacom.com\/index.php\/producto\/ssd-externo-1tb-hiksemi-shield\/"},"modified":"2026-04-27T09:06:54","modified_gmt":"2026-04-27T12:06:54","slug":"ssd-externo-1tb-hiksemi-shield","status":"publish","type":"product","link":"https:\/\/saltacom.com\/index.php\/producto\/ssd-externo-1tb-hiksemi-shield\/","title":{"rendered":"SSD EXTERNO 1TB HIKSEMI SHIELD"},"content":{"rendered":"<p>Capacityrn1TB\/2TBrnInterfacernUSB 3.2 Type-CrnSupport DevicesrnAndroid Phone\/Android Tablet\/PC\/LaptoprnSizern78.3mm*61.4mm*12.45mmrnWeightrn48grnMax Read Speedrn560MB\/srnMax Write Speedrn500MB\/srnMaterialrnAluminum AlloyrnColourrnGreyrnWorking indicatorrnBluernSupport SystemsrnWin\/Mac\/Android 4.0 or abovernWarrantyrn3 YearsrnWorking Temperaturern0 u00b0C to +40 u00b0C<\/p>\n","protected":false},"excerpt":{"rendered":"<p>inEspecificaciones del ProductoCapacidad: 1TB Interfaz: USB 3.2 Tipo-CCompatibilidad de Dispositivos: Tel\u00e9fonos Android, Tablets Android, PC, LaptopSistemas Operativos Compatibles: Windows, Mac, Android 4.0 o superiorMaterial: Aleaci\u00f3n de aluminioColor: GrisIndicador de funcionamiento: Luz azulGarant\u00eda: 1 a\u00f1oDimensiones y PesoTama\u00f1o: 78.3 mm \u00d7 61.4 mm \u00d7 12.45 mmPeso: 48 gRendimiento<\/p>\n","protected":false},"featured_media":34132,"template":"","meta":[],"product_brand":[],"product_cat":[127],"product_tag":[],"class_list":{"0":"post-33658","1":"product","2":"type-product","3":"status-publish","4":"has-post-thumbnail","6":"product_cat-ar","8":"first","9":"instock","10":"shipping-taxable","11":"purchasable","12":"product-type-simple"},"_links":{"self":[{"href":"https:\/\/saltacom.com\/index.php\/wp-json\/wp\/v2\/product\/33658","targetHints":{"allow":["GET"]}}],"collection":[{"href":"https:\/\/saltacom.com\/index.php\/wp-json\/wp\/v2\/product"}],"about":[{"href":"https:\/\/saltacom.com\/index.php\/wp-json\/wp\/v2\/types\/product"}],"version-history":[{"count":3,"href":"https:\/\/saltacom.com\/index.php\/wp-json\/wp\/v2\/product\/33658\/revisions"}],"predecessor-version":[{"id":34131,"href":"https:\/\/saltacom.com\/index.php\/wp-json\/wp\/v2\/product\/33658\/revisions\/34131"}],"wp:featuredmedia":[{"embeddable":true,"href":"https:\/\/saltacom.com\/index.php\/wp-json\/wp\/v2\/media\/34132"}],"wp:attachment":[{"href":"https:\/\/saltacom.com\/index.php\/wp-json\/wp\/v2\/media?parent=33658"}],"wp:term":[{"taxonomy":"product_brand","embeddable":true,"href":"https:\/\/saltacom.com\/index.php\/wp-json\/wp\/v2\/product_brand?post=33658"},{"taxonomy":"product_cat","embeddable":true,"href":"https:\/\/saltacom.com\/index.php\/wp-json\/wp\/v2\/product_cat?post=33658"},{"taxonomy":"product_tag","embeddable":true,"href":"https:\/\/saltacom.com\/index.php\/wp-json\/wp\/v2\/product_tag?post=33658"}],"curies":[{"name":"wp","href":"https:\/\/api.w.org\/{rel}","templated":true}]}}