{"id":33885,"date":"2026-03-17T09:09:14","date_gmt":"2026-03-17T12:09:14","guid":{"rendered":"https:\/\/saltacom.com\/index.php\/producto\/notebook-hp-opp-15-fd0331la-i3-c3-100u-15-fhd-8gb-512-sva-250-nits-border-ultraslim-windows-11-home-1858\/"},"modified":"2026-05-06T11:19:14","modified_gmt":"2026-05-06T14:19:14","slug":"notebook-hp-opp-15-fd0331la-i3-c3-100u-15-fhd-8gb-512-sva-250-nits-border-ultraslim-windows-11-home-1858","status":"publish","type":"product","link":"https:\/\/saltacom.com\/index.php\/producto\/notebook-hp-opp-15-fd0331la-i3-c3-100u-15-fhd-8gb-512-sva-250-nits-border-ultraslim-windows-11-home-1858\/","title":{"rendered":"Notebook HP OPP 15-fd0331la i3-c3-100U 15 FHD 8GB\/512 SVA 250 nits Border Ultraslim Windows\u00ae 11 Home (1858)"},"content":{"rendered":"<p>Laptop HP 15, tu compa\u00f1era para todo lo que haces. Con bater\u00eda que aguanta tu ritmo y carga r\u00e1pida para seguir sin pausas, te ofrece la potencia que necesitas para crear, estudiar y disfrutar sin l\u00edmites.<br \/>\nM\u00e1s informaci\u00f3n:\u00a0D0CJ4LA<\/p>\n","protected":false},"excerpt":{"rendered":"<p>Laptop HP 15, tu compa\u00f1era para todo lo que haces. Con bater\u00eda que aguanta tu ritmo y carga r\u00e1pida para seguir sin pausas, te ofrece la potencia que necesitas para crear, estudiar\u2026<\/p>\n","protected":false},"featured_media":33886,"template":"","meta":[],"product_brand":[],"product_cat":[113,130],"product_tag":[],"class_list":{"0":"post-33885","1":"product","2":"type-product","3":"status-publish","4":"has-post-thumbnail","6":"product_cat-notebook","7":"product_cat-pv","9":"first","10":"instock","11":"shipping-taxable","12":"purchasable","13":"product-type-simple"},"_links":{"self":[{"href":"https:\/\/saltacom.com\/index.php\/wp-json\/wp\/v2\/product\/33885","targetHints":{"allow":["GET"]}}],"collection":[{"href":"https:\/\/saltacom.com\/index.php\/wp-json\/wp\/v2\/product"}],"about":[{"href":"https:\/\/saltacom.com\/index.php\/wp-json\/wp\/v2\/types\/product"}],"version-history":[{"count":1,"href":"https:\/\/saltacom.com\/index.php\/wp-json\/wp\/v2\/product\/33885\/revisions"}],"predecessor-version":[{"id":34034,"href":"https:\/\/saltacom.com\/index.php\/wp-json\/wp\/v2\/product\/33885\/revisions\/34034"}],"wp:featuredmedia":[{"embeddable":true,"href":"https:\/\/saltacom.com\/index.php\/wp-json\/wp\/v2\/media\/33886"}],"wp:attachment":[{"href":"https:\/\/saltacom.com\/index.php\/wp-json\/wp\/v2\/media?parent=33885"}],"wp:term":[{"taxonomy":"product_brand","embeddable":true,"href":"https:\/\/saltacom.com\/index.php\/wp-json\/wp\/v2\/product_brand?post=33885"},{"taxonomy":"product_cat","embeddable":true,"href":"https:\/\/saltacom.com\/index.php\/wp-json\/wp\/v2\/product_cat?post=33885"},{"taxonomy":"product_tag","embeddable":true,"href":"https:\/\/saltacom.com\/index.php\/wp-json\/wp\/v2\/product_tag?post=33885"}],"curies":[{"name":"wp","href":"https:\/\/api.w.org\/{rel}","templated":true}]}}