{"id":33887,"date":"2026-03-17T09:09:15","date_gmt":"2026-03-17T12:09:15","guid":{"rendered":"https:\/\/saltacom.com\/index.php\/producto\/notebook-hp-opp-15-fd0333la-i3-c3-100u-15-fhd-touch-8gb-512-ips-300-nits-windows-11-home-0607\/"},"modified":"2026-05-06T11:19:14","modified_gmt":"2026-05-06T14:19:14","slug":"notebook-hp-opp-15-fd0333la-i3-c3-100u-15-fhd-touch-8gb-512-ips-300-nits-windows-11-home-0607","status":"publish","type":"product","link":"https:\/\/saltacom.com\/index.php\/producto\/notebook-hp-opp-15-fd0333la-i3-c3-100u-15-fhd-touch-8gb-512-ips-300-nits-windows-11-home-0607\/","title":{"rendered":"Notebook HP OPP 15-fd0333la i3-c3-100U 15 FHD\/Touch 8GB\/512 IPS 300 nits Windows\u00ae 11 Home (0607)"},"content":{"rendered":"<p>Con\u00e9ctate f\u00e1cilmente con las actividades del d\u00eda a d\u00eda. Desde sus herramientas colaborativas, sorprendente visualizaci\u00f3n, conexi\u00f3n r\u00e1pida con Wi-Fi 6, amplio almacenamiento y procesador Intel\u00ae, so su dise\u00f1o renovado el cual integra materiales reciclados y una c\u00e1mara segura de alta resoluci\u00f3n, har\u00e1s libremente todo lo que quieras.<br \/>\n\u00a0<\/p>\n","protected":false},"excerpt":{"rendered":"<p>Con\u00e9ctate f\u00e1cilmente con las actividades del d\u00eda a d\u00eda. Desde sus herramientas colaborativas, sorprendente visualizaci\u00f3n, conexi\u00f3n r\u00e1pida con Wi-Fi 6, amplio almacenamiento y procesador Intel\u00ae, so su dise\u00f1o renovado el cual integra\u2026<\/p>\n","protected":false},"featured_media":33888,"template":"","meta":[],"product_brand":[],"product_cat":[113,130],"product_tag":[],"class_list":{"0":"post-33887","1":"product","2":"type-product","3":"status-publish","4":"has-post-thumbnail","6":"product_cat-notebook","7":"product_cat-pv","9":"first","10":"instock","11":"shipping-taxable","12":"purchasable","13":"product-type-simple"},"_links":{"self":[{"href":"https:\/\/saltacom.com\/index.php\/wp-json\/wp\/v2\/product\/33887","targetHints":{"allow":["GET"]}}],"collection":[{"href":"https:\/\/saltacom.com\/index.php\/wp-json\/wp\/v2\/product"}],"about":[{"href":"https:\/\/saltacom.com\/index.php\/wp-json\/wp\/v2\/types\/product"}],"version-history":[{"count":1,"href":"https:\/\/saltacom.com\/index.php\/wp-json\/wp\/v2\/product\/33887\/revisions"}],"predecessor-version":[{"id":34035,"href":"https:\/\/saltacom.com\/index.php\/wp-json\/wp\/v2\/product\/33887\/revisions\/34035"}],"wp:featuredmedia":[{"embeddable":true,"href":"https:\/\/saltacom.com\/index.php\/wp-json\/wp\/v2\/media\/33888"}],"wp:attachment":[{"href":"https:\/\/saltacom.com\/index.php\/wp-json\/wp\/v2\/media?parent=33887"}],"wp:term":[{"taxonomy":"product_brand","embeddable":true,"href":"https:\/\/saltacom.com\/index.php\/wp-json\/wp\/v2\/product_brand?post=33887"},{"taxonomy":"product_cat","embeddable":true,"href":"https:\/\/saltacom.com\/index.php\/wp-json\/wp\/v2\/product_cat?post=33887"},{"taxonomy":"product_tag","embeddable":true,"href":"https:\/\/saltacom.com\/index.php\/wp-json\/wp\/v2\/product_tag?post=33887"}],"curies":[{"name":"wp","href":"https:\/\/api.w.org\/{rel}","templated":true}]}}