{"id":33891,"date":"2026-03-17T09:09:18","date_gmt":"2026-03-17T12:09:18","guid":{"rendered":"https:\/\/saltacom.com\/index.php\/producto\/vga-gigabyte-geforce-rtx-5050-windforce-oc-8g\/"},"modified":"2026-05-06T11:19:15","modified_gmt":"2026-05-06T14:19:15","slug":"vga-gigabyte-geforce-rtx-5050-windforce-oc-8g","status":"publish","type":"product","link":"https:\/\/saltacom.com\/index.php\/producto\/vga-gigabyte-geforce-rtx-5050-windforce-oc-8g\/","title":{"rendered":"VGA Gigabyte GeForce RTX 5050 WINDFORCE OC 8G (6743)"},"content":{"rendered":"<p>Desarrollado con la arquitectura NVIDIA Blackwell y DLSS 4<\/p>\n<p>Desarrollado por GeForce RTX&trade; 5050<\/p>\n<p>Integrado con interfaz de memoria GDDR6 de 128 bits y 8 GB<\/p>\n<p>Sistema de refrigeraci\u00f3n WINDFORCE<\/p>\n<p>M\u00e1s informaci\u00f3n:\u00a0GV-N5050WF2OC-8GD<\/p>\n","protected":false},"excerpt":{"rendered":"<p>Desarrollado con la arquitectura NVIDIA Blackwell y DLSS 4 Desarrollado por GeForce RTX&trade; 5050 Integrado con interfaz de memoria GDDR6 de 128 bits y 8 GB Sistema de refrigeraci\u00f3n WINDFORCE M\u00e1s informaci\u00f3n:\u00a0GV-N5050WF2OC-8GD<\/p>\n","protected":false},"featured_media":33892,"template":"","meta":[],"product_brand":[],"product_cat":[126,130],"product_tag":[],"class_list":{"0":"post-33891","1":"product","2":"type-product","3":"status-publish","4":"has-post-thumbnail","6":"product_cat-placa-de-video","7":"product_cat-pv","9":"first","10":"instock","11":"shipping-taxable","12":"purchasable","13":"product-type-simple"},"_links":{"self":[{"href":"https:\/\/saltacom.com\/index.php\/wp-json\/wp\/v2\/product\/33891","targetHints":{"allow":["GET"]}}],"collection":[{"href":"https:\/\/saltacom.com\/index.php\/wp-json\/wp\/v2\/product"}],"about":[{"href":"https:\/\/saltacom.com\/index.php\/wp-json\/wp\/v2\/types\/product"}],"version-history":[{"count":2,"href":"https:\/\/saltacom.com\/index.php\/wp-json\/wp\/v2\/product\/33891\/revisions"}],"predecessor-version":[{"id":35167,"href":"https:\/\/saltacom.com\/index.php\/wp-json\/wp\/v2\/product\/33891\/revisions\/35167"}],"wp:featuredmedia":[{"embeddable":true,"href":"https:\/\/saltacom.com\/index.php\/wp-json\/wp\/v2\/media\/33892"}],"wp:attachment":[{"href":"https:\/\/saltacom.com\/index.php\/wp-json\/wp\/v2\/media?parent=33891"}],"wp:term":[{"taxonomy":"product_brand","embeddable":true,"href":"https:\/\/saltacom.com\/index.php\/wp-json\/wp\/v2\/product_brand?post=33891"},{"taxonomy":"product_cat","embeddable":true,"href":"https:\/\/saltacom.com\/index.php\/wp-json\/wp\/v2\/product_cat?post=33891"},{"taxonomy":"product_tag","embeddable":true,"href":"https:\/\/saltacom.com\/index.php\/wp-json\/wp\/v2\/product_tag?post=33891"}],"curies":[{"name":"wp","href":"https:\/\/api.w.org\/{rel}","templated":true}]}}