{"id":34213,"date":"2026-04-04T19:14:46","date_gmt":"2026-04-04T22:14:46","guid":{"rendered":"https:\/\/saltacom.com\/index.php\/producto\/gab-gamemax-prism-3fan-argb-atx\/"},"modified":"2026-04-06T03:07:09","modified_gmt":"2026-04-06T06:07:09","slug":"gab-gamemax-prism-3fan-argb-atx","status":"publish","type":"product","link":"https:\/\/saltacom.com\/index.php\/producto\/gab-gamemax-prism-3fan-argb-atx\/","title":{"rendered":"GAB GAMEMAX PRISM 3*FAN ARGB ATX"},"content":{"rendered":"<p>Caja para PC Prism Premium Mid Tower ATX de GameMax: tiene una ruta de flujo de aire u00fanica que permite una amplia gama de compatibilidad y muchas opciones de enfriamientornu2022Caracteru00edsticas Visualizaciu00f3n completa diseu00f1ada para dibujar suavemente en los ojos del espectadorrnu2022Carcasa de ordenador Focus on Cooling- 3 x Ventiladores ARGB de 120mm preinstalados- 2 en la parte superior y uno en la parte posterior de la carcasarnu2022ayuda con una gran ventilaciu00f3n, el fornt del TIME BANDIT-BK admite un radiador de hasta 280 mmrnu2022El panel frontal estu00e1 reflejado con un espacio infinito para captar la atenciu00f3n del espectadorrnu2022Generoso espacio para tarjetas gru00e1ficas de gama alta y refrigeradores grandes. Admite placas base ATX, M-ATX, ITX.rnrnEspecificacionesrn- Factor de forma M\/B: ATX, Micro ATX, Mini-ITXrn- Chasis: Negrorn- Panel Frontal: Plu00e1stico con tiras ARGB y espejos de espacio infinitorn- Panel Lateral: Vidrio templadorn- Puertos:rn  1x USB 3.0rn  2x USB 2.0rn  HD Audiorn- Ventiladores:rn  2x 120mm ARGB PWM en la parte superiorrn  1x 120mm ARGB PWM en la parte traserarn- Hub ARGB: 6 puertos ARGB PWMrn- Compatibilidad: Soporte para AURA Syncrn- Bahu00edas internas: 2 x 3.5 (disco duro) y 2 x 2.5 (SSD)rn- Dimensiones: 330 * 200 * 445 (L * W * H) mmrn- Longitud de la tarjeta VGA: Mu00c1X. 320 mmrn- Altura del enfriador de CPU: 165 milu00edmetros<\/p>\n","protected":false},"excerpt":{"rendered":"<p>Caja para PC Prism Premium Mid Tower ATX de GameMax: tiene una ruta de flujo de aire \u00fanica que permite una amplia gama de compatibilidad y muchas opciones de enfriamiento\u2022Caracter\u00edsticas Visualizaci\u00f3n completa dise\u00f1ada para dibujar suavemente en los ojos del espectador\u2022Carcasa de ordenador Focus on Cooling- 3 x Ventiladores ARGB de 120mm preinstalados- 2 en la parte superior y uno en la parte posterior de la carcasa\u2022ayuda con una gran ventilaci\u00f3n, el fornt del TIME BANDIT-BK admite un radiador de hasta 280 mm\u2022El panel frontal est\u00e1 reflejado con un espacio infinito para captar la atenci\u00f3n del espectador\u2022Generoso espacio para tarjetas gr\u00e1ficas de gama alta y refrigeradores grandes. Admite placas base ATX, M-ATX, ITX.Especificaciones- Factor de forma M\/B: ATX, Micro ATX, Mini-ITX- Chasis: Negro- Panel Frontal: Pl\u00e1stico con tiras ARGB y espejos de espacio infinito- Panel Lateral: Vidrio templado- Puertos: 1x USB 3.0 2x USB 2.0 HD Audio- Ventiladores: 2x 120mm ARGB PWM en la parte superior 1x 120mm ARGB PWM en la parte trasera- Hub ARGB: 6 puertos ARGB PWM- Compatibilidad: Soporte para AURA Sync- Bah\u00edas internas: 2 x 3.5in (disco duro) y 2 x 2.5in (SSD)- Dimensiones: 330 * 200 * 445 (L * W * H) mm- Longitud de la tarjeta VGA: M\u00c1X. 320 mm- Altura del enfriador de CPU: 165 mil\u00edmetros<\/p>\n","protected":false},"featured_media":34216,"template":"","meta":[],"product_brand":[],"product_cat":[127,100],"product_tag":[],"class_list":{"0":"post-34213","1":"product","2":"type-product","3":"status-publish","4":"has-post-thumbnail","6":"product_cat-ar","7":"product_cat-gabinete","9":"first","10":"instock","11":"shipping-taxable","12":"purchasable","13":"product-type-simple"},"_links":{"self":[{"href":"https:\/\/saltacom.com\/index.php\/wp-json\/wp\/v2\/product\/34213","targetHints":{"allow":["GET"]}}],"collection":[{"href":"https:\/\/saltacom.com\/index.php\/wp-json\/wp\/v2\/product"}],"about":[{"href":"https:\/\/saltacom.com\/index.php\/wp-json\/wp\/v2\/types\/product"}],"version-history":[{"count":2,"href":"https:\/\/saltacom.com\/index.php\/wp-json\/wp\/v2\/product\/34213\/revisions"}],"predecessor-version":[{"id":34215,"href":"https:\/\/saltacom.com\/index.php\/wp-json\/wp\/v2\/product\/34213\/revisions\/34215"}],"wp:featuredmedia":[{"embeddable":true,"href":"https:\/\/saltacom.com\/index.php\/wp-json\/wp\/v2\/media\/34216"}],"wp:attachment":[{"href":"https:\/\/saltacom.com\/index.php\/wp-json\/wp\/v2\/media?parent=34213"}],"wp:term":[{"taxonomy":"product_brand","embeddable":true,"href":"https:\/\/saltacom.com\/index.php\/wp-json\/wp\/v2\/product_brand?post=34213"},{"taxonomy":"product_cat","embeddable":true,"href":"https:\/\/saltacom.com\/index.php\/wp-json\/wp\/v2\/product_cat?post=34213"},{"taxonomy":"product_tag","embeddable":true,"href":"https:\/\/saltacom.com\/index.php\/wp-json\/wp\/v2\/product_tag?post=34213"}],"curies":[{"name":"wp","href":"https:\/\/api.w.org\/{rel}","templated":true}]}}