{"id":34236,"date":"2026-04-04T19:15:13","date_gmt":"2026-04-04T22:15:13","guid":{"rendered":"https:\/\/saltacom.com\/index.php\/producto\/gab-arkham-cancri-4fan-argb-atx\/"},"modified":"2026-04-06T01:07:34","modified_gmt":"2026-04-06T04:07:34","slug":"gab-arkham-cancri-4fan-argb-atx","status":"publish","type":"product","link":"https:\/\/saltacom.com\/index.php\/producto\/gab-arkham-cancri-4fan-argb-atx\/","title":{"rendered":"GAB ARKHAM CANCRI 4*FAN ARGB ATX"},"content":{"rendered":"<p>Caracteru00edsticas Generalesrn- Modelo: CANCRIrn- Color: Negrorn- Factor de forma: Torre mediarn- Estructura: ATXrn- Material: Acero SPCC con recubrimiento negrorn- Tamau00f1o del chasis: 330 x 200 x 430 mmrn- Gestiu00f3n de cables: 19 mmrnrnCompatibilidadrn- Placas base: ATX \/ Micro ATX \/ ITXrn- Fuente de alimentaciu00f3n: ATX estu00e1ndar (mu00e1x. 220 mm sin soporte para HDD)rn- Ranuras PCI: 7rn- Bahu00edas: 2 x HDD de 3.5 o 2 x SSD de 2.5 (posiciu00f3n compartida)rn- Kits SSD adicionales: 2 SSD en la parte trasera de la placa basern- Altura mu00e1xima del CPU: 160 mmrn- Longitud mu00e1xima de la GPU: 325 mmrnrnPanelesrn- Superior: Con rejilla anti-polvorn- Frontal: Plu00e1stico + vidrio templadorn- Lateral izquierdo: Vidrio templadornrnPuertos Frontalesrn- 1 x USB 3.0 (real)rn- 2 x USB 1.0rn- Audio HDrnrnVentilaciu00f3nrn- Incluye 4 ventiladores de 12 cm (3 frontales, 1 trasero)rn- Capacidad total: Hasta 6 ventiladoresrn- Modelo de ventilador: YJ-H estilo ARGBrn- Caracteru00edsticas: Soporte EVA, espejo en el centro y ambos ladosrnrnControlador (HUB)rn- Control remoto ARGB (5V 3 pines + PWM)rn- Soporte para hasta 6 ventiladoresrnrnVentiladores Soportadosrn- Frontal: 3 x 120 mm \/ 2 x 140 mmrn- Superior: 2 x 120 mm \/ 2 x 140 mmrn- Trasero: 1 x 120 mmrnrnRefrigeraciu00f3n Lu00edquida Soportadarn- Frontal: 240 \/ 360 mmrn- Superior: NO soportarn- Trasero: 120 mm<\/p>\n","protected":false},"excerpt":{"rendered":"<p>Caracter\u00edsticas Generales- Modelo: CANCRI- Color: Negro- Factor de forma: Torre media- Estructura: ATX- Material: Acero SPCC con recubrimiento negro- Tama\u00f1o del chasis: 330 x 200 x 430 mm- Gesti\u00f3n de cables: 19 mmCompatibilidad- Placas base: ATX \/ Micro ATX \/ ITX- Fuente de alimentaci\u00f3n: ATX est\u00e1ndar (m\u00e1x. 220 mm sin soporte para HDD)- Ranuras PCI: 7- Bah\u00edas: 2 x HDD de 3.5in o 2 x SSD de 2.5in (posici\u00f3n compartida)- Kits SSD adicionales: 2 SSD en la parte trasera de la placa base- Altura m\u00e1xima del CPU: 160 mm- Longitud m\u00e1xima de la GPU: 325 mmPaneles- Superior: Con rejilla anti-polvo- Frontal: Pl\u00e1stico vidrio templado- Lateral izquierdo: Vidrio templadoPuertos Frontales- 1 x USB 3.0 (real)- 2 x USB 1.0- Audio HDVentilaci\u00f3n- Incluye 4 ventiladores de 12 cm (3 frontales, 1 trasero)- Capacidad total: Hasta 6 ventiladores- Modelo de ventilador: YJ-H estilo ARGB- Caracter\u00edsticas: Soporte EVA, espejo en el centro y ambos ladosControlador (HUB)- Control remoto ARGB (5V 3 pines PWM)- Soporte para hasta 6 ventiladoresVentiladores Soportados- Frontal: 3 x 120 mm \/ 2 x 140 mm- Superior: 2 x 120 mm \/ 2 x 140 mm- Trasero: 1 x 120 mmRefrigeraci\u00f3n L\u00edquida Soportada- Frontal: 240 \/ 360 mm- Superior: NO soporta- Trasero: 120 mm<\/p>\n","protected":false},"featured_media":34239,"template":"","meta":[],"product_brand":[],"product_cat":[127,100],"product_tag":[],"class_list":{"0":"post-34236","1":"product","2":"type-product","3":"status-publish","4":"has-post-thumbnail","6":"product_cat-ar","7":"product_cat-gabinete","9":"first","10":"instock","11":"shipping-taxable","12":"purchasable","13":"product-type-simple"},"_links":{"self":[{"href":"https:\/\/saltacom.com\/index.php\/wp-json\/wp\/v2\/product\/34236","targetHints":{"allow":["GET"]}}],"collection":[{"href":"https:\/\/saltacom.com\/index.php\/wp-json\/wp\/v2\/product"}],"about":[{"href":"https:\/\/saltacom.com\/index.php\/wp-json\/wp\/v2\/types\/product"}],"version-history":[{"count":2,"href":"https:\/\/saltacom.com\/index.php\/wp-json\/wp\/v2\/product\/34236\/revisions"}],"predecessor-version":[{"id":34238,"href":"https:\/\/saltacom.com\/index.php\/wp-json\/wp\/v2\/product\/34236\/revisions\/34238"}],"wp:featuredmedia":[{"embeddable":true,"href":"https:\/\/saltacom.com\/index.php\/wp-json\/wp\/v2\/media\/34239"}],"wp:attachment":[{"href":"https:\/\/saltacom.com\/index.php\/wp-json\/wp\/v2\/media?parent=34236"}],"wp:term":[{"taxonomy":"product_brand","embeddable":true,"href":"https:\/\/saltacom.com\/index.php\/wp-json\/wp\/v2\/product_brand?post=34236"},{"taxonomy":"product_cat","embeddable":true,"href":"https:\/\/saltacom.com\/index.php\/wp-json\/wp\/v2\/product_cat?post=34236"},{"taxonomy":"product_tag","embeddable":true,"href":"https:\/\/saltacom.com\/index.php\/wp-json\/wp\/v2\/product_tag?post=34236"}],"curies":[{"name":"wp","href":"https:\/\/api.w.org\/{rel}","templated":true}]}}