{"id":34249,"date":"2026-04-04T19:15:34","date_gmt":"2026-04-04T22:15:34","guid":{"rendered":"https:\/\/saltacom.com\/index.php\/producto\/gab-arkham-cozu-4fan-argb-atx\/"},"modified":"2026-04-06T01:07:34","modified_gmt":"2026-04-06T04:07:34","slug":"gab-arkham-cozu-4fan-argb-atx","status":"publish","type":"product","link":"https:\/\/saltacom.com\/index.php\/producto\/gab-arkham-cozu-4fan-argb-atx\/","title":{"rendered":"GAB ARKHAM COZU 4*FAN ARGB ATX"},"content":{"rendered":"<p>Caracteru00edsticas Generalesrn- Modelo: COZUrn- Color: Negrorn- Material: 0.4mm SPCCrn- Panel frontal: Metu00e1licorn- Panel lateral izquierdo: Vidrio templadorn- Puertos superiores: USB 3.0 u00d7 1, USB 2.0 u00d7 2, HD AUDIOrn- Bahu00edas de unidades: 3.5 HDD u00d7 2, 2.5 SSD u00d7 2rn- Altura mu00e1xima del CPU: 155 mmrn- Longitud mu00e1xima de GPU: Hasta 280 mmrn- Tipo de placa madre soportada: ATX \/ Mini-ITX \/ M-ATXrn- Fuente de alimentaciu00f3n: Ubicada en la parte inferiorrn- Tamau00f1o del gabinete: 335 u00d7 193 u00d7 445 mmrn- Tamau00f1o del chasis: 305 u00d7 192 u00d7 435 mmrnrnVentiladores Soportadosrn- Superior: 120 mm u00d7 2rn- Frontal: 120 mm u00d7 3 (incluido) ARGBrn- Trasero: 120 mm u00d7 1 (incluido) ARGBrnrnRefrigeraciu00f3n Lu00edquida Soportadarn- Frontal: 240 mmrn- Superior: NO soportarn- Trasero: 120 mm<\/p>\n","protected":false},"excerpt":{"rendered":"<p>Caracter\u00edsticas Generales- Modelo: COZU- Color: Negro- Material: 0.4mm SPCC- Panel frontal: Met\u00e1lico- Panel lateral izquierdo: Vidrio templado- Puertos superiores: USB 3.0 \u00d7 1, USB 2.0 \u00d7 2, HD AUDIO- Bah\u00edas de unidades: 3.5 HDD \u00d7 2, 2.5 SSD \u00d7 2- Altura m\u00e1xima del CPU: 155 mm- Longitud m\u00e1xima de GPU: Hasta 280 mm- Tipo de placa madre soportada: ATX \/ Mini-ITX \/ M-ATX- Fuente de alimentaci\u00f3n: Ubicada en la parte inferior- Tama\u00f1o del gabinete: 335 \u00d7 193 \u00d7 445 mm- Tama\u00f1o del chasis: 305 \u00d7 192 \u00d7 435 mmVentiladores Soportados- Superior: 120 mm \u00d7 2- Frontal: 120 mm \u00d7 3 (incluido) ARGB- Trasero: 120 mm \u00d7 1 (incluido) ARGBRefrigeraci\u00f3n L\u00edquida Soportada- Frontal: 240 mm- Superior: NO soporta- Trasero: 120 mm<\/p>\n","protected":false},"featured_media":34252,"template":"","meta":[],"product_brand":[],"product_cat":[127,100],"product_tag":[],"class_list":{"0":"post-34249","1":"product","2":"type-product","3":"status-publish","4":"has-post-thumbnail","6":"product_cat-ar","7":"product_cat-gabinete","9":"first","10":"instock","11":"shipping-taxable","12":"purchasable","13":"product-type-simple"},"_links":{"self":[{"href":"https:\/\/saltacom.com\/index.php\/wp-json\/wp\/v2\/product\/34249","targetHints":{"allow":["GET"]}}],"collection":[{"href":"https:\/\/saltacom.com\/index.php\/wp-json\/wp\/v2\/product"}],"about":[{"href":"https:\/\/saltacom.com\/index.php\/wp-json\/wp\/v2\/types\/product"}],"version-history":[{"count":2,"href":"https:\/\/saltacom.com\/index.php\/wp-json\/wp\/v2\/product\/34249\/revisions"}],"predecessor-version":[{"id":34251,"href":"https:\/\/saltacom.com\/index.php\/wp-json\/wp\/v2\/product\/34249\/revisions\/34251"}],"wp:featuredmedia":[{"embeddable":true,"href":"https:\/\/saltacom.com\/index.php\/wp-json\/wp\/v2\/media\/34252"}],"wp:attachment":[{"href":"https:\/\/saltacom.com\/index.php\/wp-json\/wp\/v2\/media?parent=34249"}],"wp:term":[{"taxonomy":"product_brand","embeddable":true,"href":"https:\/\/saltacom.com\/index.php\/wp-json\/wp\/v2\/product_brand?post=34249"},{"taxonomy":"product_cat","embeddable":true,"href":"https:\/\/saltacom.com\/index.php\/wp-json\/wp\/v2\/product_cat?post=34249"},{"taxonomy":"product_tag","embeddable":true,"href":"https:\/\/saltacom.com\/index.php\/wp-json\/wp\/v2\/product_tag?post=34249"}],"curies":[{"name":"wp","href":"https:\/\/api.w.org\/{rel}","templated":true}]}}