{"id":34282,"date":"2026-04-04T19:16:52","date_gmt":"2026-04-04T22:16:52","guid":{"rendered":"https:\/\/saltacom.com\/index.php\/producto\/gab-arkham-pygma-6fan-argb-e-atx\/"},"modified":"2026-04-08T08:06:33","modified_gmt":"2026-04-08T11:06:33","slug":"gab-arkham-pygma-6fan-argb-e-atx","status":"publish","type":"product","link":"https:\/\/saltacom.com\/index.php\/producto\/gab-arkham-pygma-6fan-argb-e-atx\/","title":{"rendered":"GAB ARKHAM PYGMA 6*FAN ARGB E-ATX"},"content":{"rendered":"<p>CCaracteru00edsticas Generalesrn- Modelo: PYGMArn- Color: Negrorn- Factor de forma: Torre mediarn- Estructura: ATXrn- Material: Acero SPCC con recubrimiento negrorn- Tamau00f1o del chasis: 415 x 210 x 470 mmrnrnCompatibilidadrn- Placas base: E-ATX \/ ATX \/ Micro ATX \/ Mini-ITXrn- Ranuras PCI: 7rn- Fuente de alimentaciu00f3n: ATXrn- Bahu00edas: 2 x HDD de 3.5 \/ 2 x SSD de 2.5rn- Altura mu00e1xima del CPU: 170 mmrn- Longitud mu00e1xima de la GPU: 360 mmrnrnPanelesrn- Superior: Con rejilla anti-polvorn- Frontal: Plu00e1stico y mallarn- Lateral izquierdo: Vidrio templado de ventana completarnrnPuertos Frontalesrn- 1 x USB 3.0 (real)rn- 2 x USB 1.0rn- Audio HDrnrnVentilaciu00f3n y Refrigeraciu00f3nrn- Ventiladores incluidos: 6 x 120 mm (3 frontales, 1 trasero, 2 en cubierta de fuente)rn- Modelo de ventilador: YJ-H estilo ARGB con soporte EVA y espejo en el centro y ambos ladosrn- HUB: Controlador ARGB (5V 3 pines + PWM) con control remoto para 6 ventiladoresrnrnCompatibilidad con Ventiladoresrn- Frontal: 3 x 120 mm \/ 2 x 140 mmrn- Superior: 3 x 120 mm \/ 2 x 140 mmrn- Trasero: 1 x 120 mmrnrnCompatibilidad con Refrigeraciu00f3n Lu00edquidarn- Frontal: 240 \/ 280 \/ 360 mmrn- Superior: 240 \/ 280 \/ 360 mmrn- Trasero: 120 mm<\/p>\n","protected":false},"excerpt":{"rendered":"<p>Caracter\u00edsticas Generales- Modelo: PYGMA- Color: Negro- Factor de forma: Torre media- Estructura: ATX- Material: Acero SPCC con recubrimiento negro- Tama\u00f1o del chasis: 415 x 210 x 470 mmCompatibilidad- Placas base: E-ATX \/ ATX \/ Micro ATX \/ Mini-ITX- Ranuras PCI: 7- Fuente de alimentaci\u00f3n: ATX- Bah\u00edas: 2 x HDD de 3.5 \/ 2 x SSD de 2.5- Altura m\u00e1xima del CPU: 170 mm- Longitud m\u00e1xima de la GPU: 360 mmPaneles- Superior: Con rejilla anti-polvo- Frontal: Pl\u00e1stico y malla- Lateral izquierdo: Vidrio templado de ventana completaPuertos Frontales- 1 x USB 3.0 (real)- 2 x USB 1.0- Audio HDVentilaci\u00f3n y Refrigeraci\u00f3n- Ventiladores incluidos: 6 x 120 mm (3 frontales, 1 trasero, 2 en cubierta de fuente)- Modelo de ventilador: YJ-H estilo ARGB con soporte EVA y espejo en el centro y ambos lados- HUB: Controlador ARGB (5V 3 pines PWM) con control remoto para 6 ventiladoresCompatibilidad con Ventiladores- Frontal: 3 x 120 mm \/ 2 x 140 mm- Superior: 3 x 120 mm \/ 2 x 140 mm- Trasero: 1 x 120 mmCompatibilidad con Refrigeraci\u00f3n L\u00edquida- Frontal: 240 \/ 280 \/ 360 mm- Superior: 240 \/ 280 \/ 360 mm- Trasero: 120 mm<\/p>\n","protected":false},"featured_media":34285,"template":"","meta":[],"product_brand":[],"product_cat":[127,100],"product_tag":[],"class_list":{"0":"post-34282","1":"product","2":"type-product","3":"status-publish","4":"has-post-thumbnail","6":"product_cat-ar","7":"product_cat-gabinete","9":"first","10":"instock","11":"shipping-taxable","12":"purchasable","13":"product-type-simple"},"_links":{"self":[{"href":"https:\/\/saltacom.com\/index.php\/wp-json\/wp\/v2\/product\/34282","targetHints":{"allow":["GET"]}}],"collection":[{"href":"https:\/\/saltacom.com\/index.php\/wp-json\/wp\/v2\/product"}],"about":[{"href":"https:\/\/saltacom.com\/index.php\/wp-json\/wp\/v2\/types\/product"}],"version-history":[{"count":2,"href":"https:\/\/saltacom.com\/index.php\/wp-json\/wp\/v2\/product\/34282\/revisions"}],"predecessor-version":[{"id":34284,"href":"https:\/\/saltacom.com\/index.php\/wp-json\/wp\/v2\/product\/34282\/revisions\/34284"}],"wp:featuredmedia":[{"embeddable":true,"href":"https:\/\/saltacom.com\/index.php\/wp-json\/wp\/v2\/media\/34285"}],"wp:attachment":[{"href":"https:\/\/saltacom.com\/index.php\/wp-json\/wp\/v2\/media?parent=34282"}],"wp:term":[{"taxonomy":"product_brand","embeddable":true,"href":"https:\/\/saltacom.com\/index.php\/wp-json\/wp\/v2\/product_brand?post=34282"},{"taxonomy":"product_cat","embeddable":true,"href":"https:\/\/saltacom.com\/index.php\/wp-json\/wp\/v2\/product_cat?post=34282"},{"taxonomy":"product_tag","embeddable":true,"href":"https:\/\/saltacom.com\/index.php\/wp-json\/wp\/v2\/product_tag?post=34282"}],"curies":[{"name":"wp","href":"https:\/\/api.w.org\/{rel}","templated":true}]}}