{"id":34286,"date":"2026-04-04T19:17:08","date_gmt":"2026-04-04T22:17:08","guid":{"rendered":"https:\/\/saltacom.com\/index.php\/producto\/gab-arkham-vorus-eco-4fan-argb-atx\/"},"modified":"2026-04-06T01:07:34","modified_gmt":"2026-04-06T04:07:34","slug":"gab-arkham-vorus-eco-4fan-argb-atx","status":"publish","type":"product","link":"https:\/\/saltacom.com\/index.php\/producto\/gab-arkham-vorus-eco-4fan-argb-atx\/","title":{"rendered":"GAB ARKHAM VORUS ECO 4*FAN ARGB ATX"},"content":{"rendered":"<p>Caracteru00edsticas Generalesrn- Modelo: VORUS ECOrn- Color: Negrorn- Material: Acero SPCCrn- Espesor del chasis: 0.45 mmrn- Panel frontal: Plu00e1sticorn- Panel izquierdo: Vidrio templadorn- Puertos: 1u00d7USB 3.0, 2u00d7USB 2.0, Audiorn- Compatibilidad de placa madre: ATX \/ Micro-ATX \/ ITXrn- Bahu00edas de disco: 2u00d7HDD 3.5, 2u00d7SSD 2.5rn- Longitud mu00e1xima de GPU: 280 mmrn- Altura mu00e1xima de CPU: 158 mmrn- Dimensiones: 335u00d7195u00d7440 mmrnrnVentiladores Soportadosrn- Superior: 120 mm u00d7 2rn- Frontal: 120 mm u00d7 3 (incluido) ARGBrn- Trasero: 120 mm u00d7 1 (incluido) ARGBrnrnRefrigeraciu00f3n Lu00edquida Soportadarn- Frontal: 240 mmrn- Superior: NO soportarn- Trasero: 120 mm<\/p>\n","protected":false},"excerpt":{"rendered":"<p>Caracter\u00edsticas Generales- Modelo: VORUS ECO- Color: Negro- Material: Acero SPCC- Espesor del chasis: 0.45 mm- Panel frontal: Pl\u00e1stico- Panel izquierdo: Vidrio templado- Puertos: 1\u00d7USB 3.0, 2\u00d7USB 2.0, Audio- Compatibilidad de placa madre: ATX \/ Micro-ATX \/ ITX- Bah\u00edas de disco: 2\u00d7HDD 3.5, 2\u00d7SSD 2.5- Longitud m\u00e1xima de GPU: 280 mm- Altura m\u00e1xima de CPU: 158 mm- Dimensiones: 335\u00d7195\u00d7440 mmVentiladores Soportados- Superior: 120 mm \u00d7 2- Frontal: 120 mm \u00d7 3 (incluido) ARGB- Trasero: 120 mm \u00d7 1 (incluido) ARGBRefrigeraci\u00f3n L\u00edquida Soportada- Frontal: 240 mm- Superior: NO soporta- Trasero: 120 mm<\/p>\n","protected":false},"featured_media":34289,"template":"","meta":[],"product_brand":[],"product_cat":[127,100],"product_tag":[],"class_list":{"0":"post-34286","1":"product","2":"type-product","3":"status-publish","4":"has-post-thumbnail","6":"product_cat-ar","7":"product_cat-gabinete","9":"first","10":"instock","11":"shipping-taxable","12":"purchasable","13":"product-type-simple"},"_links":{"self":[{"href":"https:\/\/saltacom.com\/index.php\/wp-json\/wp\/v2\/product\/34286","targetHints":{"allow":["GET"]}}],"collection":[{"href":"https:\/\/saltacom.com\/index.php\/wp-json\/wp\/v2\/product"}],"about":[{"href":"https:\/\/saltacom.com\/index.php\/wp-json\/wp\/v2\/types\/product"}],"version-history":[{"count":2,"href":"https:\/\/saltacom.com\/index.php\/wp-json\/wp\/v2\/product\/34286\/revisions"}],"predecessor-version":[{"id":34288,"href":"https:\/\/saltacom.com\/index.php\/wp-json\/wp\/v2\/product\/34286\/revisions\/34288"}],"wp:featuredmedia":[{"embeddable":true,"href":"https:\/\/saltacom.com\/index.php\/wp-json\/wp\/v2\/media\/34289"}],"wp:attachment":[{"href":"https:\/\/saltacom.com\/index.php\/wp-json\/wp\/v2\/media?parent=34286"}],"wp:term":[{"taxonomy":"product_brand","embeddable":true,"href":"https:\/\/saltacom.com\/index.php\/wp-json\/wp\/v2\/product_brand?post=34286"},{"taxonomy":"product_cat","embeddable":true,"href":"https:\/\/saltacom.com\/index.php\/wp-json\/wp\/v2\/product_cat?post=34286"},{"taxonomy":"product_tag","embeddable":true,"href":"https:\/\/saltacom.com\/index.php\/wp-json\/wp\/v2\/product_tag?post=34286"}],"curies":[{"name":"wp","href":"https:\/\/api.w.org\/{rel}","templated":true}]}}