{"id":34360,"date":"2026-04-04T19:20:53","date_gmt":"2026-04-04T22:20:53","guid":{"rendered":"https:\/\/saltacom.com\/index.php\/producto\/nb-lenovo-16-tbook-r5-7535hs-8g-ssd512-gtia-1ps\/"},"modified":"2026-04-26T11:06:37","modified_gmt":"2026-04-26T14:06:37","slug":"nb-lenovo-16-tbook-r5-7535hs-8g-ssd512-gtia-1ps","status":"publish","type":"product","link":"https:\/\/saltacom.com\/index.php\/producto\/nb-lenovo-16-tbook-r5-7535hs-8g-ssd512-gtia-1ps\/","title":{"rendered":"NB LENOVO 16 TBOOK R5-7535HS 8G SSD512 GTIA 1PS"},"content":{"rendered":"<p>INFO IMPORTANTE : rnMICRO           : AMD Ryzenu2122 5 7535HS (6C \/ 12T, 2.3 \/ 4.3GHz, 3MB L2 \/ 16MB L3)rnCHIPSET         : AMD SoC PlatformrnMEMORIA         : 1x 8GB SO-DIMM DDR5-4800rnCANT SLOT DDR   : 2 ddr5 &#8211; Up to 64GB rnPANTALLA        : 16 WUXGA (1920&#215;1200) IPS 300nits Anti-glare, 45% NTSC, 60HzrnDISCO           : 512GB SSD M.2 2242 PCIeu00ae 4.0&#215;4 NVMeu00aernCANT SLOT SATA  :NOrnCANT SLOT M.2   : Up to two drives, 2x M.2 SSDrnDVD             : NOrnWIFI            : SIrnOTROS           : red 100\/1000M (RJ-45)rnGTIA FABRICA    : 1 premier support rnGTIA EXTENDIDA  : rnSIST OPERATIVO  : rn<\/p>\n","protected":false},"excerpt":{"rendered":"<p>inProcesador: AMD Ryzen\u2122 5 7535HS (6 n\u00facleos \/ 12 hilos, 2.3 \/ 4.3GHz, 3MB L2 \/ 16MB L3)Chipset: Plataforma AMD SoCMemoria: 1x 8GB SO-DIMM DDR4-3200Ranuras de memoria: 2 DDR4, hasta 64GB DDR4-3200Pantalla: 16inin WUXGA (1920&#215;1200) IPS, 300 nits, antirreflejo, 45% NTSC, 60HzDisco: 512GB SSD M.2 2242 PCIe\u00ae 4.0&#215;4 NVMe\u00aeRanuras SATA: NoRanuras M.2: Hasta dos unidades, 2x M.2 SSDDVD: NoWi-Fi: S\u00edOtros: Red 100\/1000M (RJ-45)Garant\u00eda de f\u00e1brica: 1 a\u00f1o de soporte premierin<\/p>\n","protected":false},"featured_media":34363,"template":"","meta":[],"product_brand":[],"product_cat":[127,113],"product_tag":[],"class_list":{"0":"post-34360","1":"product","2":"type-product","3":"status-publish","4":"has-post-thumbnail","6":"product_cat-ar","7":"product_cat-notebook","9":"first","10":"instock","11":"shipping-taxable","12":"purchasable","13":"product-type-simple"},"_links":{"self":[{"href":"https:\/\/saltacom.com\/index.php\/wp-json\/wp\/v2\/product\/34360","targetHints":{"allow":["GET"]}}],"collection":[{"href":"https:\/\/saltacom.com\/index.php\/wp-json\/wp\/v2\/product"}],"about":[{"href":"https:\/\/saltacom.com\/index.php\/wp-json\/wp\/v2\/types\/product"}],"version-history":[{"count":2,"href":"https:\/\/saltacom.com\/index.php\/wp-json\/wp\/v2\/product\/34360\/revisions"}],"predecessor-version":[{"id":34362,"href":"https:\/\/saltacom.com\/index.php\/wp-json\/wp\/v2\/product\/34360\/revisions\/34362"}],"wp:featuredmedia":[{"embeddable":true,"href":"https:\/\/saltacom.com\/index.php\/wp-json\/wp\/v2\/media\/34363"}],"wp:attachment":[{"href":"https:\/\/saltacom.com\/index.php\/wp-json\/wp\/v2\/media?parent=34360"}],"wp:term":[{"taxonomy":"product_brand","embeddable":true,"href":"https:\/\/saltacom.com\/index.php\/wp-json\/wp\/v2\/product_brand?post=34360"},{"taxonomy":"product_cat","embeddable":true,"href":"https:\/\/saltacom.com\/index.php\/wp-json\/wp\/v2\/product_cat?post=34360"},{"taxonomy":"product_tag","embeddable":true,"href":"https:\/\/saltacom.com\/index.php\/wp-json\/wp\/v2\/product_tag?post=34360"}],"curies":[{"name":"wp","href":"https:\/\/api.w.org\/{rel}","templated":true}]}}