{"id":34367,"date":"2026-04-04T19:21:03","date_gmt":"2026-04-04T22:21:03","guid":{"rendered":"https:\/\/saltacom.com\/index.php\/producto\/nb-hp-15-6-victus-i5-12450h-8g-512g-win11h-rtx3050\/"},"modified":"2026-04-06T14:06:36","modified_gmt":"2026-04-06T17:06:36","slug":"nb-hp-15-6-victus-i5-12450h-8g-512g-win11h-rtx3050","status":"publish","type":"product","link":"https:\/\/saltacom.com\/index.php\/producto\/nb-hp-15-6-victus-i5-12450h-8g-512g-win11h-rtx3050\/","title":{"rendered":"NB HP 15.6 VICTUS I5-12450H 8G 512G WIN11H RTX3050"},"content":{"rendered":"<p>GENERACIONt     : Victus Gaming Laptop 15-fa0021larnRJ45                 : IncluyernSISTEMA OPERATIVO    : Windows 11 Home Single LanguagernVIDEO                : GPU NVIDIAu00ae GeForce RTXu2122 3050 para laptop (GDDR6 de 4 GB dedicada)rnMICROPROCESADORt     : Intelu00ae Coreu2122 i5-12450H (hasta 4,4 GHz con tecnologu00eda Intelu00ae Turbo Boost, 12 MB de cachu00e9 L3, 8 nu00facleos y 12 subprocesos)rnCHIPSETt             : SoC integrado IntelrnMEMORIAt             : RAM DDR4-3200 MT\/s de 8 GB (1 x 8 GB)rnMEMORIA MAXIMAt     : 32grnCANTIDAD DE SLOT DDR : 2 (1 utilizado &#8211; 1 libre)rnDISCOt             : Unidad de estado su00f3lido PCIeu00ae Gen4 NVMeu2122 M.2 de 512 GBrnCANTIDAD DE SLOT SATA: -rnCANTIDAD DE SLOT M.2.: 1 slot utilizado por el discornPANTALLAt     : 15.6 diagonal, FHD (1920 x 1080), 144 Hz, IPS, micro-edge, anti-glare, 250 nits, 45% NTSC [17,21,28]rnDVD \/ ODDt     : No incluyernINTERFAZ DE RED      : LAN 10\/100\/1000 GbE integradarnWIFIt             : Tarjeta inalu00e1mbrica MediaTek Wi-Fi 6 MT7921 (2&#215;2) rnBLUETOOTHt     : Bluetoothu00ae 5.3 (compatible con velocidad de datos de Gigabit)rnTECLADO              : Teclado de tamau00f1o completo retroiluminado con teclado numu00e9ricornMOUSE                : HP Imagepad compatible con la funciu00f3n multitu00e1ctilrnPARLANTE             : Audio by B&amp;O; Altavoces dobles; HP Audio BoostrnGTIA FABRICAt     : 1\/1\/0 (1 au00f1o partes | 1 au00f1o mano de obra | 0 au00f1o in situ)rnGTIA EXTENDIDAt     : No permite extension de garantiarnPUERTOSt             : 1 USB Type-Cu00ae con velocidad de seu00f1alizaciu00f3n de 5 Gb\/s (DisplayPortu2122 1.4, HP Sleep and Charge); 1 USB Tipo-A con velocidad de seu00f1alizaciu00f3n de 5 Gb\/s (HP Sleep and Charge); 1 USB Tipo-A con velocidad de seu00f1alizaciu00f3n de 5 Gb\/s; 1 HDMI 2.1; 1 RJ-45; 1 pin inteligente de CA; 1 combinaciu00f3n de auriculares\/micru00f3fono; 1 lector de tarjetas SD multiformatornBATERIAt             : Polu00edmero de iones de litio, de 4 celdas y 70 WhrnPESOt             : 2,29 kgrnCOLORt             : Plata mica (GRIS OSCURO)rnSEGURIDADt     : rnCAMARA               : Cu00e1mara HD HP Wide Vision de 720p con reducciu00f3n de ruido temporal y micru00f3fonos digitales integrados de doble matriz<\/p>\n","protected":false},"excerpt":{"rendered":"<p>inGeneraci\u00f3n: Victus Gaming Laptop 15-fa0021laRJ45: IncluyeSistema operativo: Windows 11 Home Single LanguageGr\u00e1ficos: NVIDIA\u00ae GeForce RTX\u2122 3050 para laptop (GDDR6 de 4 GB dedicada)Procesador: Intel\u00ae Core\u2122 i5-12450H (hasta 4.4 GHz con tecnolog\u00eda Intel\u00ae Turbo Boost, 12 MB de cach\u00e9 L3, 8 n\u00facleos, 12 hilos)Chipset: SoC integrado IntelMemoria: RAM DDR4-3200 MT\/s de 8 GB (1 x 8 GB)Disco: Unidad de estado s\u00f3lido PCIe\u00ae Gen4 NVMe\u2122 M.2 de 512 GBPantalla: 15.6inin diagonal FHD (1920 x 1080), 144 Hz, IPS, micro-edge, antirreflejante, 250 nits, 45% NTSCDVD \/ ODD: No incluyeInterfaz de red: LAN 10\/100\/1000 GbE integradaWi-Fi: Tarjeta inal\u00e1mbrica MediaTek Wi-Fi 6 MT7921 (2&#215;2)Bluetooth: 5.3 (compatible con velocidad de datos de Gigabit)Teclado: Tama\u00f1o completo, retroiluminado, con teclado num\u00e9ricoMouse: HP Imagepad compatible con la funci\u00f3n multit\u00e1ctilParlantes: Audio by B&#038;O, altavoces dobles, HP Audio BoostGarant\u00eda de f\u00e1brica: 1 a\u00f1o en partes, 1 a\u00f1o en mano de obra, 0 a\u00f1o in situGarant\u00eda extendida: Ver en F6Puertos:- 1 USB Type-C\u00ae (5 Gb\/s, DisplayPort\u2122 1.4, HP Sleep and Charge)- 1 USB Tipo-A (5 Gb\/s, HP Sleep and Charge)- 1 USB Tipo-A (5 Gb\/s)- 1 HDMI 2.1- 1 RJ-45- 1 pin inteligente de CA- 1 combinaci\u00f3n auriculares\/micr\u00f3fono- 1 lector de tarjetas SD multiformatoBater\u00eda: Pol\u00edmero de iones de litio, de 4 celdas y 70 WhPeso: 2.29 kgColor: Plata mica (gris oscuro)C\u00e1mara: HP Wide Vision HD 720p con reducci\u00f3n temporal de ruido y micr\u00f3fonos digitales de matriz doble integradosin<\/p>\n","protected":false},"featured_media":34370,"template":"","meta":[],"product_brand":[],"product_cat":[127,113],"product_tag":[],"class_list":{"0":"post-34367","1":"product","2":"type-product","3":"status-publish","4":"has-post-thumbnail","6":"product_cat-ar","7":"product_cat-notebook","9":"first","10":"instock","11":"shipping-taxable","12":"purchasable","13":"product-type-simple"},"_links":{"self":[{"href":"https:\/\/saltacom.com\/index.php\/wp-json\/wp\/v2\/product\/34367","targetHints":{"allow":["GET"]}}],"collection":[{"href":"https:\/\/saltacom.com\/index.php\/wp-json\/wp\/v2\/product"}],"about":[{"href":"https:\/\/saltacom.com\/index.php\/wp-json\/wp\/v2\/types\/product"}],"version-history":[{"count":2,"href":"https:\/\/saltacom.com\/index.php\/wp-json\/wp\/v2\/product\/34367\/revisions"}],"predecessor-version":[{"id":34369,"href":"https:\/\/saltacom.com\/index.php\/wp-json\/wp\/v2\/product\/34367\/revisions\/34369"}],"wp:featuredmedia":[{"embeddable":true,"href":"https:\/\/saltacom.com\/index.php\/wp-json\/wp\/v2\/media\/34370"}],"wp:attachment":[{"href":"https:\/\/saltacom.com\/index.php\/wp-json\/wp\/v2\/media?parent=34367"}],"wp:term":[{"taxonomy":"product_brand","embeddable":true,"href":"https:\/\/saltacom.com\/index.php\/wp-json\/wp\/v2\/product_brand?post=34367"},{"taxonomy":"product_cat","embeddable":true,"href":"https:\/\/saltacom.com\/index.php\/wp-json\/wp\/v2\/product_cat?post=34367"},{"taxonomy":"product_tag","embeddable":true,"href":"https:\/\/saltacom.com\/index.php\/wp-json\/wp\/v2\/product_tag?post=34367"}],"curies":[{"name":"wp","href":"https:\/\/api.w.org\/{rel}","templated":true}]}}