{"id":34375,"date":"2026-04-04T19:21:50","date_gmt":"2026-04-04T22:21:50","guid":{"rendered":"https:\/\/saltacom.com\/index.php\/producto\/nb-hp-15-6-victus-i5-12450h-16g-512g-w11h-rtx3050\/"},"modified":"2026-04-06T11:06:56","modified_gmt":"2026-04-06T14:06:56","slug":"nb-hp-15-6-victus-i5-12450h-16g-512g-w11h-rtx3050","status":"publish","type":"product","link":"https:\/\/saltacom.com\/index.php\/producto\/nb-hp-15-6-victus-i5-12450h-16g-512g-w11h-rtx3050\/","title":{"rendered":"NB HP 15.6 VICTUS I5-12450H 16G 512G W11H RTX3050"},"content":{"rendered":"<p>GENERACIONt     : Victus Gaming Laptop 15-fa0021larnRJ45                 : IncluyernSISTEMA OPERATIVO    : Windows 11 Home Single LanguagernVIDEO                : GPU NVIDIAu00ae GeForce RTXu2122 3050 para laptop (GDDR6 de 4 GB dedicada)rnMICROPROCESADORt     : Intelu00ae Coreu2122 i5-12450H (hasta 4,4 GHz con tecnologu00eda Intelu00ae Turbo Boost, 12 MB de cachu00e9 L3, 8 nu00facleos y 12 subprocesos)rnCHIPSETt             : SoC integrado IntelrnMEMORIAt             : 16GB (RAM DDR4-3200 MT\/s de 8 GB (2 x 8 GB)rnMEMORIA MAXIMAt     : 32grnCANTIDAD DE SLOT DDR : 2 Slot (ambos utilizados)rnDISCOt             : Unidad de estado su00f3lido PCIeu00ae Gen4 NVMeu2122 M.2 de 512 GBrnCANTIDAD DE SLOT SATA: -rnCANTIDAD DE SLOT M.2.: 1 utilizado por el ssdrnPANTALLAt     : 15.6 diagonal, FHD (1920 x 1080), 144 Hz, IPS, micro-edge, anti-glare, 250 nits, 45% NTSC [17,21,28]rnDVD \/ ODDt     : No incluyernINTERFAZ DE RED      : LAN 10\/100\/1000 GbE integradarnWIFIt             : Tarjeta inalu00e1mbrica MediaTek Wi-Fi 6 MT7921 (2&#215;2) rnBLUETOOTHt     : Bluetoothu00ae 5.3 (compatible con velocidad de datos de Gigabit)rnTECLADO              : Teclado de tamau00f1o completo retroiluminado con teclado numu00e9ricornMOUSE                : HP Imagepad compatible con la funciu00f3n multitu00e1ctilrnPARLANTE             : Audio by B&amp;O; Altavoces dobles; HP Audio BoostrnGTIA FABRICAt     : 1\/1\/0 (1 au00f1o partes | 1 au00f1o mano de obra | 0 au00f1o in situ)rnGTIA EXTENDIDAt     : No permite extension de garantiarnPUERTOSt             : 1 USB Type-Cu00ae con velocidad de seu00f1alizaciu00f3n de 5 Gb\/s (DisplayPortu2122 1.4, HP Sleep and Charge); 1 USB Tipo-A con velocidad de seu00f1alizaciu00f3n de 5 Gb\/s (HP Sleep and Charge); 1 USB Tipo-A con velocidad de seu00f1alizaciu00f3n de 5 Gb\/s; 1 HDMI 2.1; 1 RJ-45; 1 pin inteligente de CA; 1 combinaciu00f3n de auriculares\/micru00f3fono; 1 lector de tarjetas SD multiformatornBATERIAt             : Polu00edmero de iones de litio, de 4 celdas y 70 WhrnPESOt             : 2,29 kgrnCOLORt             : Plata mica (GRIS OSCURO)rnSEGURIDADt     : rnCAMARA               : Cu00e1mara HD HP Wide Vision de 720p con reducciu00f3n de ruido temporal y micru00f3fonos digitales integrados de doble matriz<\/p>\n","protected":false},"excerpt":{"rendered":"<p>inGENERACION : Victus Gaming Laptop 15-fa0021laRJ45 : IncluyeSISTEMA OPERATIVO : Windows 11 Home Single LanguageVIDEO : GPU NVIDIA\u00ae GeForce RTX\u2122 3050 para laptop (GDDR6 de 4 GB dedicada)MICROPROCESADOR : Intel\u00ae Core\u2122 i5-12450H (hasta 4,4 GHz con tecnolog\u00eda Intel\u00ae Turbo Boost, 12 MB de cach\u00e9 L3, 8 n\u00facleos y 12 subprocesos)CHIPSET : SoC integrado IntelMEMORIA : 16GB (RAM DDR4-3200 MT\/s de 8 GB (2 x 8 GB)DISCO : Unidad de estado s\u00f3lido PCIe\u00ae Gen4 NVMe\u2122 M.2 de 512 GBPANTALLA : 15.6 diagonal, FHD (1920 x 1080), 144 Hz, IPS, micro-edge, anti-glare, 250 nits, 45% NTSC [17,21,28]DVD \/ ODD : No incluyeINTERFAZ DE RED : LAN 10\/100\/1000 GbE integradaWIFI : Tarjeta inal\u00e1mbrica MediaTek Wi-Fi 6 MT7921 (2&#215;2) BLUETOOTH : Bluetooth\u00ae 5.3 (compatible con velocidad de datos de Gigabit)TECLADO : Teclado de tama\u00f1o completo retroiluminado con teclado num\u00e9ricoMOUSE : HP Imagepad compatible con la funci\u00f3n multit\u00e1ctilPARLANTE : Audio by B&#038;O; Altavoces dobles; HP Audio BoostGTIA FABRICA : 12MesesPUERTOS : 1 USB Type-C\u00ae con velocidad de se\u00f1alizaci\u00f3n de 5 Gb\/s (DisplayPort\u2122 1.4, HP Sleep and Charge); 1 USB Tipo-A con velocidad de se\u00f1alizaci\u00f3n de 5 Gb\/s (HP Sleep and Charge); 1 USB Tipo-A con velocidad de se\u00f1alizaci\u00f3n de 5 Gb\/s; 1 HDMI 2.1; 1 RJ-45; 1 pin inteligente de CA; 1 combinaci\u00f3n de auriculares\/micr\u00f3fono; 1 lector de tarjetas SD multiformatoBATERIA : Pol\u00edmero de iones de litio, de 4 celdas y 70 WhPESO : 2,29 kgCOLOR : Plata mica (GRIS OSCURO)CAMARA : C\u00e1mara HD HP Wide Vision de 720p con reducci\u00f3n de ruido temporal y micr\u00f3fonos digitales integrados de doble matrizin<\/p>\n","protected":false},"featured_media":34378,"template":"","meta":[],"product_brand":[],"product_cat":[127,113],"product_tag":[],"class_list":{"0":"post-34375","1":"product","2":"type-product","3":"status-publish","4":"has-post-thumbnail","6":"product_cat-ar","7":"product_cat-notebook","9":"first","10":"instock","11":"shipping-taxable","12":"purchasable","13":"product-type-simple"},"_links":{"self":[{"href":"https:\/\/saltacom.com\/index.php\/wp-json\/wp\/v2\/product\/34375","targetHints":{"allow":["GET"]}}],"collection":[{"href":"https:\/\/saltacom.com\/index.php\/wp-json\/wp\/v2\/product"}],"about":[{"href":"https:\/\/saltacom.com\/index.php\/wp-json\/wp\/v2\/types\/product"}],"version-history":[{"count":2,"href":"https:\/\/saltacom.com\/index.php\/wp-json\/wp\/v2\/product\/34375\/revisions"}],"predecessor-version":[{"id":34377,"href":"https:\/\/saltacom.com\/index.php\/wp-json\/wp\/v2\/product\/34375\/revisions\/34377"}],"wp:featuredmedia":[{"embeddable":true,"href":"https:\/\/saltacom.com\/index.php\/wp-json\/wp\/v2\/media\/34378"}],"wp:attachment":[{"href":"https:\/\/saltacom.com\/index.php\/wp-json\/wp\/v2\/media?parent=34375"}],"wp:term":[{"taxonomy":"product_brand","embeddable":true,"href":"https:\/\/saltacom.com\/index.php\/wp-json\/wp\/v2\/product_brand?post=34375"},{"taxonomy":"product_cat","embeddable":true,"href":"https:\/\/saltacom.com\/index.php\/wp-json\/wp\/v2\/product_cat?post=34375"},{"taxonomy":"product_tag","embeddable":true,"href":"https:\/\/saltacom.com\/index.php\/wp-json\/wp\/v2\/product_tag?post=34375"}],"curies":[{"name":"wp","href":"https:\/\/api.w.org\/{rel}","templated":true}]}}