{"id":34397,"date":"2026-04-04T19:23:44","date_gmt":"2026-04-04T22:23:44","guid":{"rendered":"https:\/\/saltacom.com\/index.php\/producto\/fuente-1050w-cooler-master-80-gold-gx3-full-modu\/"},"modified":"2026-04-06T06:06:54","modified_gmt":"2026-04-06T09:06:54","slug":"fuente-1050w-cooler-master-80-gold-gx3-full-modu","status":"publish","type":"product","link":"https:\/\/saltacom.com\/index.php\/producto\/fuente-1050w-cooler-master-80-gold-gx3-full-modu\/","title":{"rendered":"FUENTE 1050W COOLER MASTER 80++ GOLD GX3 FULL MODU"},"content":{"rendered":"<p>PRODUCT NAME: GX III Gold 1050rnCODIGO: MPX-A503-AFAGrnPEAK POWER: 1050wrnFORM FACTOR: ATX 12V Ver. 3.0rnMODULAR: Full Modularrn80 PLUS: 80 PLUS GoldrnPFC: Active PFCrnINPUT VOLTAGE: 100 &#8211; 240VrnINPUT CURRENT: 13 &#8211; 7ArnINPUT FREQUENCY: 50 &#8211; 60HzrnDIMENSIONES: 160 x 150 x 86mmrnFAN SIZE: 135 mmrnFAN BEARING: FDBrnFAN SPEED: 2300rpmrnEFFICIENCY: = 90% @ Typical LoadrnERP 2014 LOT 3: YesrnOPERATING TEMPERATURE: 0 ~ 50?rnPOWER GOOD SIGNAL: 100 &#8211; 150msrnHOLD UP TIME: = 16msrnMTBF: &gt;100,000 hoursrnPROTECTIONS: OPP \/ OVP \/ OTP \/ OCP\/ SCP \/ UVP \/ Surge &amp; Inrush ProtectionrnREGULATORY:cTUVus, TUV, CE, FCC, BSMI, CCC, EAC, RCM, UKCA, RoHS2.0 \/ BIS, KC (based on regions request.)rnCONECTOR ATX 24 PINES: x1 = 1x (650mm)rnCONECTOR EPS 4+4 PINES: x1 = 1x (600mm)rnCONECTOR EPS 8 PINES: x1 = 1x (600mm)rnCONECTOR SATA: x12 = 3x (500+120+120+120mm)rnCONECTOR PERIPHERAL 4 PINES: x4 = 1x (500+120+120+120mm)rnCONECTOR PCI-E 6+2 PINES: x3 = 3x (550mm)rnCONECTOR 12VHPWR: x1 = 1x (650mm)rnAC INPUT: 100-240V~ 13 &#8211; 7A 50 &#8211; 60Hzrn<\/p>\n","protected":false},"excerpt":{"rendered":"<p>inNombre del Producto: GX III Gold 1050C\u00f3digo: MPX-A503-AFAG Potencia M\u00e1xima: 1050W Formato: ATX 12V Versi\u00f3n 3.0 Modular: Completamente Modular Certificaci\u00f3n 80 PLUS: 80 PLUS Gold PFC: PFC Activo Voltaje de Entrada: 100 &#8211; 240V Corriente de Entrada: 13 &#8211; 7A Frecuencia de Entrada: 50 &#8211; 60Hz Dimensiones: 160 x 150 x 86mmVentiladorTama\u00f1o del Ventilador: 135 mm Rodamiento del Ventilador: FDB Velocidad del Ventilador: 2300rpmEficienciaEficiencia: a Carga T\u00edpica ERP 2014 LOT 3: S\u00edTemperatura y Se\u00f1alTemperatura de Operaci\u00f3n: 0 ~ 50\u00b0C Se\u00f1al de Buena Potencia: 100 &#8211; 150ms Tiempo de Retenci\u00f3n: 16ms MTBF (Tiempo Medio Entre Fallos): >100,000 horasProtecci\u00f3nProtecciones: OPP \/ OVP \/ OTP \/ OCP \/ SCP \/ UVP \/ Protecci\u00f3n contra Sobretensiones y Corrientes de ArranqueCertificacionesRegulatorio: cTUVus, TUV, CE, FCC, BSMI, CCC, EAC, RCM, UKCA, RoHS2.0 \/ BIS, KC (seg\u00fan la solicitud de la regi\u00f3n)ConectoresConector ATX 24 Pines: 1x (650mm) Conector EPS 4+4 Pines: 1x (600mm) Conector EPS 8 Pines: 1x (600mm) Conector SATA: 12x (3x 500+120+120+120mm) Conector Perif\u00e9rico 4 Pines: 4x (1x 500+120+120+120mm) Conector PCI-E 6+2 Pines: 3x (550mm) Conector 12VHPWR: 1x (650mm) Entrada de CA: 100-240V 13 &#8211; 7A 50 &#8211; 60Hzin<\/p>\n","protected":false},"featured_media":34400,"template":"","meta":[],"product_brand":[],"product_cat":[127,96],"product_tag":[],"class_list":{"0":"post-34397","1":"product","2":"type-product","3":"status-publish","4":"has-post-thumbnail","6":"product_cat-ar","7":"product_cat-fuentes","9":"first","10":"instock","11":"shipping-taxable","12":"purchasable","13":"product-type-simple"},"_links":{"self":[{"href":"https:\/\/saltacom.com\/index.php\/wp-json\/wp\/v2\/product\/34397","targetHints":{"allow":["GET"]}}],"collection":[{"href":"https:\/\/saltacom.com\/index.php\/wp-json\/wp\/v2\/product"}],"about":[{"href":"https:\/\/saltacom.com\/index.php\/wp-json\/wp\/v2\/types\/product"}],"version-history":[{"count":2,"href":"https:\/\/saltacom.com\/index.php\/wp-json\/wp\/v2\/product\/34397\/revisions"}],"predecessor-version":[{"id":34399,"href":"https:\/\/saltacom.com\/index.php\/wp-json\/wp\/v2\/product\/34397\/revisions\/34399"}],"wp:featuredmedia":[{"embeddable":true,"href":"https:\/\/saltacom.com\/index.php\/wp-json\/wp\/v2\/media\/34400"}],"wp:attachment":[{"href":"https:\/\/saltacom.com\/index.php\/wp-json\/wp\/v2\/media?parent=34397"}],"wp:term":[{"taxonomy":"product_brand","embeddable":true,"href":"https:\/\/saltacom.com\/index.php\/wp-json\/wp\/v2\/product_brand?post=34397"},{"taxonomy":"product_cat","embeddable":true,"href":"https:\/\/saltacom.com\/index.php\/wp-json\/wp\/v2\/product_cat?post=34397"},{"taxonomy":"product_tag","embeddable":true,"href":"https:\/\/saltacom.com\/index.php\/wp-json\/wp\/v2\/product_tag?post=34397"}],"curies":[{"name":"wp","href":"https:\/\/api.w.org\/{rel}","templated":true}]}}