{"id":34466,"date":"2026-04-04T19:32:34","date_gmt":"2026-04-04T22:32:34","guid":{"rendered":"https:\/\/saltacom.com\/index.php\/producto\/ddr4-8gb-kingston-3200mhz-cl16-fury-beast-rgb-2\/"},"modified":"2026-04-07T10:06:42","modified_gmt":"2026-04-07T13:06:42","slug":"ddr4-8gb-kingston-3200mhz-cl16-fury-beast-rgb-2","status":"publish","type":"product","link":"https:\/\/saltacom.com\/index.php\/producto\/ddr4-8gb-kingston-3200mhz-cl16-fury-beast-rgb-2\/","title":{"rendered":"DDR4 8GB KINGSTON 3200MHZ CL16 FURY BEAST RGB"},"content":{"rendered":"<p>8GB 3200MHz DDR4 CL16 DIMM 1Rx8 FURY beast RGBrn<\/p>\n","protected":false},"excerpt":{"rendered":"<p>Capacidad total:8 GBCondici\u00f3n del \u00edtem:NuevoEs apto para env\u00edo:S\u00edFormato:DIMMLatencia CAS:16Marca:KingstonModelo:KF432C16BBA\/8M\u00f3dulos de memoria:1 x 8 GBSKU:49313Velocidad:3200 MHzVoltaje de alimentaci\u00f3n:1.35 V<\/p>\n","protected":false},"featured_media":34469,"template":"","meta":[],"product_brand":[],"product_cat":[127,104],"product_tag":[],"class_list":{"0":"post-34466","1":"product","2":"type-product","3":"status-publish","4":"has-post-thumbnail","6":"product_cat-ar","7":"product_cat-memoria-pc","9":"first","10":"instock","11":"shipping-taxable","12":"purchasable","13":"product-type-simple"},"_links":{"self":[{"href":"https:\/\/saltacom.com\/index.php\/wp-json\/wp\/v2\/product\/34466","targetHints":{"allow":["GET"]}}],"collection":[{"href":"https:\/\/saltacom.com\/index.php\/wp-json\/wp\/v2\/product"}],"about":[{"href":"https:\/\/saltacom.com\/index.php\/wp-json\/wp\/v2\/types\/product"}],"version-history":[{"count":2,"href":"https:\/\/saltacom.com\/index.php\/wp-json\/wp\/v2\/product\/34466\/revisions"}],"predecessor-version":[{"id":34468,"href":"https:\/\/saltacom.com\/index.php\/wp-json\/wp\/v2\/product\/34466\/revisions\/34468"}],"wp:featuredmedia":[{"embeddable":true,"href":"https:\/\/saltacom.com\/index.php\/wp-json\/wp\/v2\/media\/34469"}],"wp:attachment":[{"href":"https:\/\/saltacom.com\/index.php\/wp-json\/wp\/v2\/media?parent=34466"}],"wp:term":[{"taxonomy":"product_brand","embeddable":true,"href":"https:\/\/saltacom.com\/index.php\/wp-json\/wp\/v2\/product_brand?post=34466"},{"taxonomy":"product_cat","embeddable":true,"href":"https:\/\/saltacom.com\/index.php\/wp-json\/wp\/v2\/product_cat?post=34466"},{"taxonomy":"product_tag","embeddable":true,"href":"https:\/\/saltacom.com\/index.php\/wp-json\/wp\/v2\/product_tag?post=34466"}],"curies":[{"name":"wp","href":"https:\/\/api.w.org\/{rel}","templated":true}]}}