{"id":34533,"date":"2026-04-04T19:35:32","date_gmt":"2026-04-04T22:35:32","guid":{"rendered":"https:\/\/saltacom.com\/index.php\/producto\/ssd-m-2-nvme-512gb-g3-hiksemi-wave\/"},"modified":"2026-04-08T08:06:35","modified_gmt":"2026-04-08T11:06:35","slug":"ssd-m-2-nvme-512gb-g3-hiksemi-wave","status":"publish","type":"product","link":"https:\/\/saltacom.com\/index.php\/producto\/ssd-m-2-nvme-512gb-g3-hiksemi-wave\/","title":{"rendered":"SSD M.2 NVME 512GB G3 HIKSEMI WAVE"},"content":{"rendered":"<p>Tamau00f1o del productornM.2 2280rnCapacidadrn128GB | 256GB | 512GB | 1024GBrnMu00e1x. Sec. Lectura (MB\/S)rn1200MB\/s | 2280MB\/s | 2500MB\/s | 2450MB\/srnMu00e1x. Sec. Escritura (MB\/S)rn950MB\/s | 1800MB\/s | 1025MB\/s | 2450MB\/srnMax. Ran. 4K IOPS de lecturarn55K | 90K | 55K | 146KrnMu00e1x. Ran. 4K escritura IOPSrn180K | 320K | 225K | 128KrnMu00e1x. Consumo de energu00edarn1.3W | 1.6W | 2.2W | 3.1WrnTBWrn80TB | 100TB | 120TB | 240TBrnMedio de almacenamientorn3D NANDrnInterfazrnPCIernMTBFrn1,500,000 hoursrnTemperatura de funcionamientorn0-70?rnTemperatura de almacenamientorn-40 u00b0C to 85 u00b0CrnPesorn=7grnGarantu00edarn3 years<\/p>\n","protected":false},"excerpt":{"rendered":"<p>inTama\u00f1o del producto: M.2 2280Capacidad: 512GBM\u00e1x. Sec. Lectura (MB\/S): 2500 MB\/sM\u00e1x. Sec. Escritura (MB\/S): 1025 MB\/s M\u00e1x. Corri\u00f3. IOPS de lectura 4K: 55KM\u00e1x. Corri\u00f3. IOPS de escritura 4K: 225KM\u00e1x. Consumo de energ\u00eda: 2,2 WTBW: 120 TBMedio de almacenamiento: 3D NANDInterfaz: PCIeMTBF: 1.500.000 horasTemperatura de funcionamiento: 0-70?Temperatura de almacenamiento: -40\u00b0C a 85\u00b0CPeso: 7gin<\/p>\n","protected":false},"featured_media":34536,"template":"","meta":[],"product_brand":[],"product_cat":[127,76],"product_tag":[],"class_list":{"0":"post-34533","1":"product","2":"type-product","3":"status-publish","4":"has-post-thumbnail","6":"product_cat-ar","7":"product_cat-discos","9":"first","10":"instock","11":"shipping-taxable","12":"purchasable","13":"product-type-simple"},"_links":{"self":[{"href":"https:\/\/saltacom.com\/index.php\/wp-json\/wp\/v2\/product\/34533","targetHints":{"allow":["GET"]}}],"collection":[{"href":"https:\/\/saltacom.com\/index.php\/wp-json\/wp\/v2\/product"}],"about":[{"href":"https:\/\/saltacom.com\/index.php\/wp-json\/wp\/v2\/types\/product"}],"version-history":[{"count":2,"href":"https:\/\/saltacom.com\/index.php\/wp-json\/wp\/v2\/product\/34533\/revisions"}],"predecessor-version":[{"id":34535,"href":"https:\/\/saltacom.com\/index.php\/wp-json\/wp\/v2\/product\/34533\/revisions\/34535"}],"wp:featuredmedia":[{"embeddable":true,"href":"https:\/\/saltacom.com\/index.php\/wp-json\/wp\/v2\/media\/34536"}],"wp:attachment":[{"href":"https:\/\/saltacom.com\/index.php\/wp-json\/wp\/v2\/media?parent=34533"}],"wp:term":[{"taxonomy":"product_brand","embeddable":true,"href":"https:\/\/saltacom.com\/index.php\/wp-json\/wp\/v2\/product_brand?post=34533"},{"taxonomy":"product_cat","embeddable":true,"href":"https:\/\/saltacom.com\/index.php\/wp-json\/wp\/v2\/product_cat?post=34533"},{"taxonomy":"product_tag","embeddable":true,"href":"https:\/\/saltacom.com\/index.php\/wp-json\/wp\/v2\/product_tag?post=34533"}],"curies":[{"name":"wp","href":"https:\/\/api.w.org\/{rel}","templated":true}]}}