{"id":34555,"date":"2026-04-05T00:28:47","date_gmt":"2026-04-05T03:28:47","guid":{"rendered":"https:\/\/saltacom.com\/index.php\/producto\/vga-msi-geforce-gt-710-2g-lp-ddr3-0427\/"},"modified":"2026-04-05T18:19:12","modified_gmt":"2026-04-05T21:19:12","slug":"vga-msi-geforce-gt-710-2g-lp-ddr3-0427","status":"publish","type":"product","link":"https:\/\/saltacom.com\/index.php\/producto\/vga-msi-geforce-gt-710-2g-lp-ddr3-0427\/","title":{"rendered":"VGA MSI GeForce GT 710 2G LP DDR3 (0427)"},"content":{"rendered":"<p>N\u00facleo\/Memoria<\/p>\n<p>N\u00facleo 954 MHz\u00a0<br \/>\nMemoria DDR3 1600 MHz de\u00a02048MB<\/p>\n<p>Salida de Video<\/p>\n<p>DVI-D doble link x 1<br \/>\nHDMI x 1 (Versi\u00f3n 1.4a)<br \/>\nD-Sub x 1<\/p>\n<p>M\u00e1s informaci\u00f3n:\u00a0GT 710 2GD3 LP<\/p>\n","protected":false},"excerpt":{"rendered":"<p>N\u00facleo\/Memoria N\u00facleo 954 MHz\u00a0 Memoria DDR3 1600 MHz de\u00a02048MB Salida de Video DVI-D doble link x 1 HDMI x 1 (Versi\u00f3n 1.4a) D-Sub x 1 M\u00e1s informaci\u00f3n:\u00a0GT 710 2GD3 LP<\/p>\n","protected":false},"featured_media":34556,"template":"","meta":[],"product_brand":[],"product_cat":[126,130],"product_tag":[],"class_list":{"0":"post-34555","1":"product","2":"type-product","3":"status-publish","4":"has-post-thumbnail","6":"product_cat-placa-de-video","7":"product_cat-pv","9":"first","10":"instock","11":"shipping-taxable","12":"purchasable","13":"product-type-simple"},"_links":{"self":[{"href":"https:\/\/saltacom.com\/index.php\/wp-json\/wp\/v2\/product\/34555","targetHints":{"allow":["GET"]}}],"collection":[{"href":"https:\/\/saltacom.com\/index.php\/wp-json\/wp\/v2\/product"}],"about":[{"href":"https:\/\/saltacom.com\/index.php\/wp-json\/wp\/v2\/types\/product"}],"version-history":[{"count":1,"href":"https:\/\/saltacom.com\/index.php\/wp-json\/wp\/v2\/product\/34555\/revisions"}],"predecessor-version":[{"id":34564,"href":"https:\/\/saltacom.com\/index.php\/wp-json\/wp\/v2\/product\/34555\/revisions\/34564"}],"wp:featuredmedia":[{"embeddable":true,"href":"https:\/\/saltacom.com\/index.php\/wp-json\/wp\/v2\/media\/34556"}],"wp:attachment":[{"href":"https:\/\/saltacom.com\/index.php\/wp-json\/wp\/v2\/media?parent=34555"}],"wp:term":[{"taxonomy":"product_brand","embeddable":true,"href":"https:\/\/saltacom.com\/index.php\/wp-json\/wp\/v2\/product_brand?post=34555"},{"taxonomy":"product_cat","embeddable":true,"href":"https:\/\/saltacom.com\/index.php\/wp-json\/wp\/v2\/product_cat?post=34555"},{"taxonomy":"product_tag","embeddable":true,"href":"https:\/\/saltacom.com\/index.php\/wp-json\/wp\/v2\/product_tag?post=34555"}],"curies":[{"name":"wp","href":"https:\/\/api.w.org\/{rel}","templated":true}]}}