{"id":34557,"date":"2026-04-05T00:28:48","date_gmt":"2026-04-05T03:28:48","guid":{"rendered":"https:\/\/saltacom.com\/index.php\/producto\/mouse-logitech-g502-wireless-gaming-lightspeed-910-005566\/"},"modified":"2026-04-05T20:19:12","modified_gmt":"2026-04-05T23:19:12","slug":"mouse-logitech-g502-wireless-gaming-lightspeed-910-005566","status":"publish","type":"product","link":"https:\/\/saltacom.com\/index.php\/producto\/mouse-logitech-g502-wireless-gaming-lightspeed-910-005566\/","title":{"rendered":"Mouse Logitech G502 Wireless Gaming LIGHTSPEED 910-005566"},"content":{"rendered":"<p>El dise\u00f1o emblem\u00e1tico del G502 se combina con la tecnolog\u00eda inal\u00e1mbrica LIGHTSPEED de calidad profesional para una conectividad ultrarr\u00e1pida y fiable. El sensor HERO 25K cuenta con un seguimiento submicr\u00f3nico. Compatible con POWERPLAY para una carga continua tanto en reposo como en juego.<br \/>\nM\u00e1s informaci\u00f3n:\u00a0910-005566<\/p>\n","protected":false},"excerpt":{"rendered":"<p>El dise\u00f1o emblem\u00e1tico del G502 se combina con la tecnolog\u00eda inal\u00e1mbrica LIGHTSPEED de calidad profesional para una conectividad ultrarr\u00e1pida y fiable. El sensor HERO 25K cuenta con un seguimiento submicr\u00f3nico. Compatible con\u2026<\/p>\n","protected":false},"featured_media":34558,"template":"","meta":[],"product_brand":[],"product_cat":[110,130],"product_tag":[],"class_list":{"0":"post-34557","1":"product","2":"type-product","3":"status-publish","4":"has-post-thumbnail","6":"product_cat-mouse","7":"product_cat-pv","9":"first","10":"instock","11":"shipping-taxable","12":"purchasable","13":"product-type-simple"},"_links":{"self":[{"href":"https:\/\/saltacom.com\/index.php\/wp-json\/wp\/v2\/product\/34557","targetHints":{"allow":["GET"]}}],"collection":[{"href":"https:\/\/saltacom.com\/index.php\/wp-json\/wp\/v2\/product"}],"about":[{"href":"https:\/\/saltacom.com\/index.php\/wp-json\/wp\/v2\/types\/product"}],"version-history":[{"count":1,"href":"https:\/\/saltacom.com\/index.php\/wp-json\/wp\/v2\/product\/34557\/revisions"}],"predecessor-version":[{"id":34565,"href":"https:\/\/saltacom.com\/index.php\/wp-json\/wp\/v2\/product\/34557\/revisions\/34565"}],"wp:featuredmedia":[{"embeddable":true,"href":"https:\/\/saltacom.com\/index.php\/wp-json\/wp\/v2\/media\/34558"}],"wp:attachment":[{"href":"https:\/\/saltacom.com\/index.php\/wp-json\/wp\/v2\/media?parent=34557"}],"wp:term":[{"taxonomy":"product_brand","embeddable":true,"href":"https:\/\/saltacom.com\/index.php\/wp-json\/wp\/v2\/product_brand?post=34557"},{"taxonomy":"product_cat","embeddable":true,"href":"https:\/\/saltacom.com\/index.php\/wp-json\/wp\/v2\/product_cat?post=34557"},{"taxonomy":"product_tag","embeddable":true,"href":"https:\/\/saltacom.com\/index.php\/wp-json\/wp\/v2\/product_tag?post=34557"}],"curies":[{"name":"wp","href":"https:\/\/api.w.org\/{rel}","templated":true}]}}