{"id":34559,"date":"2026-04-05T00:28:58","date_gmt":"2026-04-05T03:28:58","guid":{"rendered":"https:\/\/saltacom.com\/index.php\/producto\/gabinete-corsair-obsidian-1000d-atx-tempered-glass-black-6814\/"},"modified":"2026-04-05T22:19:06","modified_gmt":"2026-04-06T01:19:06","slug":"gabinete-corsair-obsidian-1000d-atx-tempered-glass-black-6814","status":"publish","type":"product","link":"https:\/\/saltacom.com\/index.php\/producto\/gabinete-corsair-obsidian-1000d-atx-tempered-glass-black-6814\/","title":{"rendered":"Gabinete Corsair Obsidian 1000D ATX Tempered Glass Black (6814)"},"content":{"rendered":"<p>El Obsidian Series 1000D es el chasis de PC supertorre definitivo, con un dise\u00f1o ic\u00f3nico de cristal templado, una iluminaci\u00f3n elegante y control de los ventiladores, adem\u00e1s de la capacidad de alojar dos sistemas a la vez para conseguir un dise\u00f1o \u00e9pico.<br \/>\nM\u00e1s informaci\u00f3n:\u00a0CC-9011148-WW<\/p>\n","protected":false},"excerpt":{"rendered":"<p>El Obsidian Series 1000D es el chasis de PC supertorre definitivo, con un dise\u00f1o ic\u00f3nico de cristal templado, una iluminaci\u00f3n elegante y control de los ventiladores, adem\u00e1s de la capacidad de alojar\u2026<\/p>\n","protected":false},"featured_media":34560,"template":"","meta":[],"product_brand":[],"product_cat":[100,130],"product_tag":[],"class_list":{"0":"post-34559","1":"product","2":"type-product","3":"status-publish","4":"has-post-thumbnail","6":"product_cat-gabinete","7":"product_cat-pv","9":"first","10":"instock","11":"shipping-taxable","12":"purchasable","13":"product-type-simple"},"_links":{"self":[{"href":"https:\/\/saltacom.com\/index.php\/wp-json\/wp\/v2\/product\/34559","targetHints":{"allow":["GET"]}}],"collection":[{"href":"https:\/\/saltacom.com\/index.php\/wp-json\/wp\/v2\/product"}],"about":[{"href":"https:\/\/saltacom.com\/index.php\/wp-json\/wp\/v2\/types\/product"}],"version-history":[{"count":1,"href":"https:\/\/saltacom.com\/index.php\/wp-json\/wp\/v2\/product\/34559\/revisions"}],"predecessor-version":[{"id":34566,"href":"https:\/\/saltacom.com\/index.php\/wp-json\/wp\/v2\/product\/34559\/revisions\/34566"}],"wp:featuredmedia":[{"embeddable":true,"href":"https:\/\/saltacom.com\/index.php\/wp-json\/wp\/v2\/media\/34560"}],"wp:attachment":[{"href":"https:\/\/saltacom.com\/index.php\/wp-json\/wp\/v2\/media?parent=34559"}],"wp:term":[{"taxonomy":"product_brand","embeddable":true,"href":"https:\/\/saltacom.com\/index.php\/wp-json\/wp\/v2\/product_brand?post=34559"},{"taxonomy":"product_cat","embeddable":true,"href":"https:\/\/saltacom.com\/index.php\/wp-json\/wp\/v2\/product_cat?post=34559"},{"taxonomy":"product_tag","embeddable":true,"href":"https:\/\/saltacom.com\/index.php\/wp-json\/wp\/v2\/product_tag?post=34559"}],"curies":[{"name":"wp","href":"https:\/\/api.w.org\/{rel}","templated":true}]}}