{"id":34561,"date":"2026-04-05T00:29:18","date_gmt":"2026-04-05T03:29:18","guid":{"rendered":"https:\/\/saltacom.com\/index.php\/producto\/auricular-wir-c-microfono-logitech-pro-x-lightspeed-981-000906\/"},"modified":"2026-04-06T00:19:06","modified_gmt":"2026-04-06T03:19:06","slug":"auricular-wir-c-microfono-logitech-pro-x-lightspeed-981-000906","status":"publish","type":"product","link":"https:\/\/saltacom.com\/index.php\/producto\/auricular-wir-c-microfono-logitech-pro-x-lightspeed-981-000906\/","title":{"rendered":"Auricular Wir c\/Microfono Logitech PRO X Lightspeed 981-000906"},"content":{"rendered":"<p>Transductores de precisi\u00f3n<\/p>\n<p>Dts headphone:x 2.0<\/p>\n<p>Sonido envolvente basado en objetos<\/p>\n<p>Espuma viscoel\u00e1stica<\/p>\n<p>Diadema y almohadillas<\/p>\n<p>Construcci\u00f3n duradera<\/p>\n<p>Acero, aluminio premium<\/p>\n<p>M\u00e1s informaci\u00f3n:\u00a0981-000906<\/p>\n","protected":false},"excerpt":{"rendered":"<p>Transductores de precisi\u00f3n Dts headphone:x 2.0 Sonido envolvente basado en objetos Espuma viscoel\u00e1stica Diadema y almohadillas Construcci\u00f3n duradera Acero, aluminio premium M\u00e1s informaci\u00f3n:\u00a0981-000906<\/p>\n","protected":false},"featured_media":34562,"template":"","meta":[],"product_brand":[],"product_cat":[81,107,130],"product_tag":[],"class_list":{"0":"post-34561","1":"product","2":"type-product","3":"status-publish","4":"has-post-thumbnail","6":"product_cat-auricular","7":"product_cat-microfono","8":"product_cat-pv","10":"first","11":"instock","12":"shipping-taxable","13":"purchasable","14":"product-type-simple"},"_links":{"self":[{"href":"https:\/\/saltacom.com\/index.php\/wp-json\/wp\/v2\/product\/34561","targetHints":{"allow":["GET"]}}],"collection":[{"href":"https:\/\/saltacom.com\/index.php\/wp-json\/wp\/v2\/product"}],"about":[{"href":"https:\/\/saltacom.com\/index.php\/wp-json\/wp\/v2\/types\/product"}],"version-history":[{"count":1,"href":"https:\/\/saltacom.com\/index.php\/wp-json\/wp\/v2\/product\/34561\/revisions"}],"predecessor-version":[{"id":34567,"href":"https:\/\/saltacom.com\/index.php\/wp-json\/wp\/v2\/product\/34561\/revisions\/34567"}],"wp:featuredmedia":[{"embeddable":true,"href":"https:\/\/saltacom.com\/index.php\/wp-json\/wp\/v2\/media\/34562"}],"wp:attachment":[{"href":"https:\/\/saltacom.com\/index.php\/wp-json\/wp\/v2\/media?parent=34561"}],"wp:term":[{"taxonomy":"product_brand","embeddable":true,"href":"https:\/\/saltacom.com\/index.php\/wp-json\/wp\/v2\/product_brand?post=34561"},{"taxonomy":"product_cat","embeddable":true,"href":"https:\/\/saltacom.com\/index.php\/wp-json\/wp\/v2\/product_cat?post=34561"},{"taxonomy":"product_tag","embeddable":true,"href":"https:\/\/saltacom.com\/index.php\/wp-json\/wp\/v2\/product_tag?post=34561"}],"curies":[{"name":"wp","href":"https:\/\/api.w.org\/{rel}","templated":true}]}}