{"id":34578,"date":"2026-04-05T10:34:07","date_gmt":"2026-04-05T13:34:07","guid":{"rendered":"https:\/\/saltacom.com\/index.php\/producto\/ap-out-ubiquiti-5ghz-litebeam-ac-long-range-26dbi\/"},"modified":"2026-04-06T01:15:21","modified_gmt":"2026-04-06T04:15:21","slug":"ap-out-ubiquiti-5ghz-litebeam-ac-long-range-26dbi","status":"publish","type":"product","link":"https:\/\/saltacom.com\/index.php\/producto\/ap-out-ubiquiti-5ghz-litebeam-ac-long-range-26dbi\/","title":{"rendered":"AP OUT.UBIQUITI 5GHZ LITEBEAM AC LONG RANGE 26DBI"},"content":{"rendered":"<p>El LiteBeam 5AC Long Range es un CPE AC airMAX asequible dise\u00f1ado para enlaces de larga distancia. Llegue a nuevos clientes y mantenga su excelente ROI.caracteristicas:Dise\u00f1o de radio mejoradoMontaje mejoradoProtecci\u00f3n contra sobretensiones mejoradaAplicaci\u00f3n m\u00f3vil de gesti\u00f3n WiFi Radio \/ UNMSAirOS 8<\/p>\n","protected":false},"excerpt":{"rendered":"<p><strong>Marca:<\/strong> UBIQUITI<\/p>\n","protected":false},"featured_media":34579,"template":"","meta":[],"product_brand":[],"product_cat":[155,157],"product_tag":[],"class_list":{"0":"post-34578","1":"product","2":"type-product","3":"status-publish","4":"has-post-thumbnail","6":"product_cat-msn","7":"product_cat-ubiquiti","9":"first","10":"onbackorder","11":"shipping-taxable","12":"purchasable","13":"product-type-simple"},"_links":{"self":[{"href":"https:\/\/saltacom.com\/index.php\/wp-json\/wp\/v2\/product\/34578","targetHints":{"allow":["GET"]}}],"collection":[{"href":"https:\/\/saltacom.com\/index.php\/wp-json\/wp\/v2\/product"}],"about":[{"href":"https:\/\/saltacom.com\/index.php\/wp-json\/wp\/v2\/types\/product"}],"version-history":[{"count":0,"href":"https:\/\/saltacom.com\/index.php\/wp-json\/wp\/v2\/product\/34578\/revisions"}],"wp:featuredmedia":[{"embeddable":true,"href":"https:\/\/saltacom.com\/index.php\/wp-json\/wp\/v2\/media\/34579"}],"wp:attachment":[{"href":"https:\/\/saltacom.com\/index.php\/wp-json\/wp\/v2\/media?parent=34578"}],"wp:term":[{"taxonomy":"product_brand","embeddable":true,"href":"https:\/\/saltacom.com\/index.php\/wp-json\/wp\/v2\/product_brand?post=34578"},{"taxonomy":"product_cat","embeddable":true,"href":"https:\/\/saltacom.com\/index.php\/wp-json\/wp\/v2\/product_cat?post=34578"},{"taxonomy":"product_tag","embeddable":true,"href":"https:\/\/saltacom.com\/index.php\/wp-json\/wp\/v2\/product_tag?post=34578"}],"curies":[{"name":"wp","href":"https:\/\/api.w.org\/{rel}","templated":true}]}}