{"id":34581,"date":"2026-04-05T10:34:09","date_gmt":"2026-04-05T13:34:09","guid":{"rendered":"https:\/\/saltacom.com\/index.php\/producto\/ap-out-ubiquiti-5ghz-loco-5-ac-200mw-s-poe\/"},"modified":"2026-04-06T01:15:21","modified_gmt":"2026-04-06T04:15:21","slug":"ap-out-ubiquiti-5ghz-loco-5-ac-200mw-s-poe","status":"publish","type":"product","link":"https:\/\/saltacom.com\/index.php\/producto\/ap-out-ubiquiti-5ghz-loco-5-ac-200mw-s-poe\/","title":{"rendered":"AP OUT.UBIQUITI 5GHZ LOCO 5 AC 200MW S\/POE"},"content":{"rendered":"<p>Con el access point Ubiquiti podr\u00e1s interconectar redes inal\u00e1mbricas logrando as\u00ed una conexi\u00f3n estable y segura entre la red y el dispositivo de destino.Dise\u00f1o cuidado y alto rendimientoEste punto de acceso, sello de la marca Ubiquiti, te permitir\u00e1 establecer redes potentes y seguras. A trav\u00e9s de este dispositivo vas a poder crear un \u00e1rea local para proyectar se\u00f1al de wifi en ambientes de grandes dimensiones.M\u00e1s velocidadSi lo que necesit\u00e1s es un equipo que te permita realizar tus tareas diarias sin demoras, con una velocidad de 450 Mbps este dispositivo es perfecto para vos.La velocidad que necesit\u00e1sCon la banda de 5 GHz obten\u00e9 m\u00e1s velocidad en menor tiempo y disfrut\u00e1 del mundo digital sin interrupciones. Dale fuerza a los videos en alta definici\u00f3n y a los juegos en l\u00ednea.CAJA X 20u<\/p>\n","protected":false},"excerpt":{"rendered":"<p><strong>Marca:<\/strong> UBIQUITI<\/p>\n","protected":false},"featured_media":34582,"template":"","meta":[],"product_brand":[],"product_cat":[155,157],"product_tag":[],"class_list":{"0":"post-34581","1":"product","2":"type-product","3":"status-publish","4":"has-post-thumbnail","6":"product_cat-msn","7":"product_cat-ubiquiti","9":"first","10":"onbackorder","11":"shipping-taxable","12":"purchasable","13":"product-type-simple"},"_links":{"self":[{"href":"https:\/\/saltacom.com\/index.php\/wp-json\/wp\/v2\/product\/34581","targetHints":{"allow":["GET"]}}],"collection":[{"href":"https:\/\/saltacom.com\/index.php\/wp-json\/wp\/v2\/product"}],"about":[{"href":"https:\/\/saltacom.com\/index.php\/wp-json\/wp\/v2\/types\/product"}],"version-history":[{"count":0,"href":"https:\/\/saltacom.com\/index.php\/wp-json\/wp\/v2\/product\/34581\/revisions"}],"wp:featuredmedia":[{"embeddable":true,"href":"https:\/\/saltacom.com\/index.php\/wp-json\/wp\/v2\/media\/34582"}],"wp:attachment":[{"href":"https:\/\/saltacom.com\/index.php\/wp-json\/wp\/v2\/media?parent=34581"}],"wp:term":[{"taxonomy":"product_brand","embeddable":true,"href":"https:\/\/saltacom.com\/index.php\/wp-json\/wp\/v2\/product_brand?post=34581"},{"taxonomy":"product_cat","embeddable":true,"href":"https:\/\/saltacom.com\/index.php\/wp-json\/wp\/v2\/product_cat?post=34581"},{"taxonomy":"product_tag","embeddable":true,"href":"https:\/\/saltacom.com\/index.php\/wp-json\/wp\/v2\/product_tag?post=34581"}],"curies":[{"name":"wp","href":"https:\/\/api.w.org\/{rel}","templated":true}]}}