{"id":34616,"date":"2026-04-05T10:34:59","date_gmt":"2026-04-05T13:34:59","guid":{"rendered":"https:\/\/saltacom.com\/index.php\/producto\/ap-in-ubiquiti-unifi-ac-lr-250mw-poe-24v\/"},"modified":"2026-04-06T01:15:25","modified_gmt":"2026-04-06T04:15:25","slug":"ap-in-ubiquiti-unifi-ac-lr-250mw-poe-24v","status":"publish","type":"product","link":"https:\/\/saltacom.com\/index.php\/producto\/ap-in-ubiquiti-unifi-ac-lr-250mw-poe-24v\/","title":{"rendered":"AP IN.UBIQUITI UNIFI AC LR 250MW POE 24V"},"content":{"rendered":"<p>Punto de acceso AC de largo alcancePunto de acceso 802.11ac Wave 1 de banda dual y largo alcance con una tasa de rendimiento total de m\u00e1s de 1,2 Gbps.Caracter\u00edsticas:-Tecnolog\u00eda Wi-Fi 802.11ac Wave 1-Banda de 5 GHz con tasa de rendimiento de 867 Mbps-Banda de 2,4 GHz con una tasa de rendimiento de 450 Mbps-Transmisi\u00f3n de se\u00f1al hasta 183 metros (600 pies)-(1) puerto RJ45 GbE-Alimentado por PoE+* o PoE pasivo de 24 V<\/p>\n","protected":false},"excerpt":{"rendered":"<p><strong>Marca:<\/strong> UBIQUITI<\/p>\n","protected":false},"featured_media":34617,"template":"","meta":[],"product_brand":[],"product_cat":[155,157],"product_tag":[],"class_list":{"0":"post-34616","1":"product","2":"type-product","3":"status-publish","4":"has-post-thumbnail","6":"product_cat-msn","7":"product_cat-ubiquiti","9":"first","10":"onbackorder","11":"shipping-taxable","12":"purchasable","13":"product-type-simple"},"_links":{"self":[{"href":"https:\/\/saltacom.com\/index.php\/wp-json\/wp\/v2\/product\/34616","targetHints":{"allow":["GET"]}}],"collection":[{"href":"https:\/\/saltacom.com\/index.php\/wp-json\/wp\/v2\/product"}],"about":[{"href":"https:\/\/saltacom.com\/index.php\/wp-json\/wp\/v2\/types\/product"}],"version-history":[{"count":0,"href":"https:\/\/saltacom.com\/index.php\/wp-json\/wp\/v2\/product\/34616\/revisions"}],"wp:featuredmedia":[{"embeddable":true,"href":"https:\/\/saltacom.com\/index.php\/wp-json\/wp\/v2\/media\/34617"}],"wp:attachment":[{"href":"https:\/\/saltacom.com\/index.php\/wp-json\/wp\/v2\/media?parent=34616"}],"wp:term":[{"taxonomy":"product_brand","embeddable":true,"href":"https:\/\/saltacom.com\/index.php\/wp-json\/wp\/v2\/product_brand?post=34616"},{"taxonomy":"product_cat","embeddable":true,"href":"https:\/\/saltacom.com\/index.php\/wp-json\/wp\/v2\/product_cat?post=34616"},{"taxonomy":"product_tag","embeddable":true,"href":"https:\/\/saltacom.com\/index.php\/wp-json\/wp\/v2\/product_tag?post=34616"}],"curies":[{"name":"wp","href":"https:\/\/api.w.org\/{rel}","templated":true}]}}