{"id":34645,"date":"2026-04-05T10:35:44","date_gmt":"2026-04-05T13:35:44","guid":{"rendered":"https:\/\/saltacom.com\/index.php\/producto\/switch-mikrotik-309-1g-8sin-8ptos-sfp-1eth-gb-s-f\/"},"modified":"2026-04-06T01:15:27","modified_gmt":"2026-04-06T04:15:27","slug":"switch-mikrotik-309-1g-8sin-8ptos-sfp-1eth-gb-s-f","status":"publish","type":"product","link":"https:\/\/saltacom.com\/index.php\/producto\/switch-mikrotik-309-1g-8sin-8ptos-sfp-1eth-gb-s-f\/","title":{"rendered":"SWITCH MIKROTIK 309-1G-8S+IN 8Ptos SFP+ + 1ETH GB  S\/F"},"content":{"rendered":"<p>El CRS309-1G-8S+ es un conmutador de red muy compacto pero potente. Tiene ocho ranuras SFP+, cada una de las cuales admite un m\u00f3dulo de hasta 10 Gbit, lo que da como resultado una capacidad de conmutaci\u00f3n total de 162 Gbps y un rendimiento total sin bloqueos de 81 Gbps.El dispositivo tambi\u00e9n tiene una CPU de doble n\u00facleo de 800 MHz, 512 MB de RAM, un puerto Ethernet de administraci\u00f3n con entrada de alimentaci\u00f3n PoE, un puerto serie RS232, un terminal de conexi\u00f3n a tierra y es capaz de arranque dual (elige el sistema operativo que prefieras, RouterOS o SwOS).<\/p>\n","protected":false},"excerpt":{"rendered":"<p><strong>Marca:<\/strong> MIKROTIK<\/p>\n","protected":false},"featured_media":34646,"template":"","meta":[],"product_brand":[],"product_cat":[155,159],"product_tag":[],"class_list":{"0":"post-34645","1":"product","2":"type-product","3":"status-publish","4":"has-post-thumbnail","6":"product_cat-msn","7":"product_cat-mikrotik","9":"first","10":"onbackorder","11":"shipping-taxable","12":"purchasable","13":"product-type-simple"},"_links":{"self":[{"href":"https:\/\/saltacom.com\/index.php\/wp-json\/wp\/v2\/product\/34645","targetHints":{"allow":["GET"]}}],"collection":[{"href":"https:\/\/saltacom.com\/index.php\/wp-json\/wp\/v2\/product"}],"about":[{"href":"https:\/\/saltacom.com\/index.php\/wp-json\/wp\/v2\/types\/product"}],"version-history":[{"count":0,"href":"https:\/\/saltacom.com\/index.php\/wp-json\/wp\/v2\/product\/34645\/revisions"}],"wp:featuredmedia":[{"embeddable":true,"href":"https:\/\/saltacom.com\/index.php\/wp-json\/wp\/v2\/media\/34646"}],"wp:attachment":[{"href":"https:\/\/saltacom.com\/index.php\/wp-json\/wp\/v2\/media?parent=34645"}],"wp:term":[{"taxonomy":"product_brand","embeddable":true,"href":"https:\/\/saltacom.com\/index.php\/wp-json\/wp\/v2\/product_brand?post=34645"},{"taxonomy":"product_cat","embeddable":true,"href":"https:\/\/saltacom.com\/index.php\/wp-json\/wp\/v2\/product_cat?post=34645"},{"taxonomy":"product_tag","embeddable":true,"href":"https:\/\/saltacom.com\/index.php\/wp-json\/wp\/v2\/product_tag?post=34645"}],"curies":[{"name":"wp","href":"https:\/\/api.w.org\/{rel}","templated":true}]}}