{"id":34647,"date":"2026-04-05T10:35:45","date_gmt":"2026-04-05T13:35:45","guid":{"rendered":"https:\/\/saltacom.com\/index.php\/producto\/switch-mikrotik-310-1g-5s-4sout-5sfp-4sfp-s-f\/"},"modified":"2026-04-06T01:15:27","modified_gmt":"2026-04-06T04:15:27","slug":"switch-mikrotik-310-1g-5s-4sout-5sfp-4sfp-s-f","status":"publish","type":"product","link":"https:\/\/saltacom.com\/index.php\/producto\/switch-mikrotik-310-1g-5s-4sout-5sfp-4sfp-s-f\/","title":{"rendered":"SWITCH MIKROTIK 310-1G-5S-4S+OUT 5SFP + 4SFP+ S\/F"},"content":{"rendered":"<p>netFiber 9 es un potente conmutador para exteriores con SFP, SFP+ y Gigabit Ethernet. Cuenta con una potente CPU ARM v7, 256 MB de RAM, 4 puertos 10G SFP+ y un chip conmutador Marvell avanzado que puede manejar incluso las cargas m\u00e1s pesadas. El puerto Gigabit Ethernet no es solo para fines de administraci\u00f3n. Tiene una conexi\u00f3n directa con el chip del conmutador, para que pueda disfrutar de la m\u00e1xima velocidad de un gigabit. Este puerto tambi\u00e9n es compatible con PoE-in, por lo que no tiene que depender del conector de CC para alimentar en lugares estrechos y dif\u00edciles de alcanzar.Hay un puerto de consola, seguido de cinco puertos SFP regulares y cuatro puertos SFP+ para esa dulce red de 10 Gbps. Esto significa que puede haber bastantes cables para organizar en alg\u00fan momento. Es por eso que dise\u00f1amos el estuche para que tenga algunas caracter\u00edsticas adicionales \u00fatiles en la parte inferior del estuche para ayudarlo a mantener todo limpio y ordenado.<\/p>\n","protected":false},"excerpt":{"rendered":"<p><strong>Marca:<\/strong> MIKROTIK<\/p>\n","protected":false},"featured_media":34648,"template":"","meta":[],"product_brand":[],"product_cat":[155,159],"product_tag":[],"class_list":{"0":"post-34647","1":"product","2":"type-product","3":"status-publish","4":"has-post-thumbnail","6":"product_cat-msn","7":"product_cat-mikrotik","9":"first","10":"onbackorder","11":"shipping-taxable","12":"purchasable","13":"product-type-simple"},"_links":{"self":[{"href":"https:\/\/saltacom.com\/index.php\/wp-json\/wp\/v2\/product\/34647","targetHints":{"allow":["GET"]}}],"collection":[{"href":"https:\/\/saltacom.com\/index.php\/wp-json\/wp\/v2\/product"}],"about":[{"href":"https:\/\/saltacom.com\/index.php\/wp-json\/wp\/v2\/types\/product"}],"version-history":[{"count":0,"href":"https:\/\/saltacom.com\/index.php\/wp-json\/wp\/v2\/product\/34647\/revisions"}],"wp:featuredmedia":[{"embeddable":true,"href":"https:\/\/saltacom.com\/index.php\/wp-json\/wp\/v2\/media\/34648"}],"wp:attachment":[{"href":"https:\/\/saltacom.com\/index.php\/wp-json\/wp\/v2\/media?parent=34647"}],"wp:term":[{"taxonomy":"product_brand","embeddable":true,"href":"https:\/\/saltacom.com\/index.php\/wp-json\/wp\/v2\/product_brand?post=34647"},{"taxonomy":"product_cat","embeddable":true,"href":"https:\/\/saltacom.com\/index.php\/wp-json\/wp\/v2\/product_cat?post=34647"},{"taxonomy":"product_tag","embeddable":true,"href":"https:\/\/saltacom.com\/index.php\/wp-json\/wp\/v2\/product_tag?post=34647"}],"curies":[{"name":"wp","href":"https:\/\/api.w.org\/{rel}","templated":true}]}}