{"id":34649,"date":"2026-04-05T10:35:46","date_gmt":"2026-04-05T13:35:46","guid":{"rendered":"https:\/\/saltacom.com\/index.php\/producto\/switch-mikrotik-317-1g-16srm-l3-16sfp-10gbe-s-c\/"},"modified":"2026-04-07T01:15:28","modified_gmt":"2026-04-07T04:15:28","slug":"switch-mikrotik-317-1g-16srm-l3-16sfp-10gbe-s-c","status":"publish","type":"product","link":"https:\/\/saltacom.com\/index.php\/producto\/switch-mikrotik-317-1g-16srm-l3-16sfp-10gbe-s-c\/","title":{"rendered":"SWITCH MIKROTIK 317-1G-16S+RM L3 16SFP+ 10GBE        S\/C"},"content":{"rendered":"<p>El nuevo Cloud Router Switch 317-1G-16S+RM es un switch administrable de montaje en rack con funciones de capa 3, tiene 16 puertos SFP+ para conectividad de 10 GbE de alto rendimiento y un puerto de cobre de 1 GbE para administraci\u00f3n.CRS317-1G-16S+RM est\u00e1 alimentado por un chip de conmutaci\u00f3n de pr\u00f3xima generaci\u00f3n, lo que le brinda un rendimiento de velocidad de cable para los diecis\u00e9is puertos de 10 GbE con cualquier tama\u00f1o de marco de Ethernet. Las nuevas funciones, como el protocolo de \u00e1rbol de expansi\u00f3n basado en hardware y la agregaci\u00f3n de enlaces (LACP), brindan una protecci\u00f3n mejorada y un verdadero rendimiento profesional para su red exigente.La unidad tiene dos fuentes de alimentaci\u00f3n redundantes y una carcasa de refrigeraci\u00f3n pasiva: para entornos calurosos, dos ventiladores redundantes mantendr\u00e1n autom\u00e1ticamente el sistema fresco si es necesario.<\/p>\n","protected":false},"excerpt":{"rendered":"<p><strong>Marca:<\/strong> MIKROTIK<\/p>\n","protected":false},"featured_media":34650,"template":"","meta":[],"product_brand":[],"product_cat":[155,159],"product_tag":[],"class_list":{"0":"post-34649","1":"product","2":"type-product","3":"status-publish","4":"has-post-thumbnail","6":"product_cat-msn","7":"product_cat-mikrotik","9":"first","10":"onbackorder","11":"shipping-taxable","12":"purchasable","13":"product-type-simple"},"_links":{"self":[{"href":"https:\/\/saltacom.com\/index.php\/wp-json\/wp\/v2\/product\/34649","targetHints":{"allow":["GET"]}}],"collection":[{"href":"https:\/\/saltacom.com\/index.php\/wp-json\/wp\/v2\/product"}],"about":[{"href":"https:\/\/saltacom.com\/index.php\/wp-json\/wp\/v2\/types\/product"}],"version-history":[{"count":0,"href":"https:\/\/saltacom.com\/index.php\/wp-json\/wp\/v2\/product\/34649\/revisions"}],"wp:featuredmedia":[{"embeddable":true,"href":"https:\/\/saltacom.com\/index.php\/wp-json\/wp\/v2\/media\/34650"}],"wp:attachment":[{"href":"https:\/\/saltacom.com\/index.php\/wp-json\/wp\/v2\/media?parent=34649"}],"wp:term":[{"taxonomy":"product_brand","embeddable":true,"href":"https:\/\/saltacom.com\/index.php\/wp-json\/wp\/v2\/product_brand?post=34649"},{"taxonomy":"product_cat","embeddable":true,"href":"https:\/\/saltacom.com\/index.php\/wp-json\/wp\/v2\/product_cat?post=34649"},{"taxonomy":"product_tag","embeddable":true,"href":"https:\/\/saltacom.com\/index.php\/wp-json\/wp\/v2\/product_tag?post=34649"}],"curies":[{"name":"wp","href":"https:\/\/api.w.org\/{rel}","templated":true}]}}