{"id":34651,"date":"2026-04-05T10:35:46","date_gmt":"2026-04-05T13:35:46","guid":{"rendered":"https:\/\/saltacom.com\/index.php\/producto\/switch-mikrotik-326-24g-2s-l5-24eth-2spf-rackmount-s-f\/"},"modified":"2026-04-07T01:15:28","modified_gmt":"2026-04-07T04:15:28","slug":"switch-mikrotik-326-24g-2s-l5-24eth-2spf-rackmount-s-f","status":"publish","type":"product","link":"https:\/\/saltacom.com\/index.php\/producto\/switch-mikrotik-326-24g-2s-l5-24eth-2spf-rackmount-s-f\/","title":{"rendered":"SWITCH MIKROTIK 326-24G-2S+ L5 24ETH 2SPF+ RACKMOUNT S\/F"},"content":{"rendered":"<p>Conmutador Gigabit Ethernet de 24 puertos alimentado por SwOS\/RouterOS con dos puertos SFP+, conectividad a velocidad de cable con varias funciones de conmutaci\u00f3n nuevas.Tiene la funci\u00f3n de \u00abarranque dual\u00bb que le permite elegir qu\u00e9 sistema operativo prefiere usar, RouterOS o SwOS. Si prefiere tener un sistema operativo simplificado solo para conmutadores con m\u00e1s caracter\u00edsticas espec\u00edficas del conmutador, use SwOS. Si est\u00e1 acostumbrado a Winbox y le gustar\u00eda tener la capacidad de usar enrutamiento y otras funciones de Capa 3 en algunos puertos en su CRS, inicie y use RouterOS. Puede seleccionar el sistema operativo deseado desde RouterOS, desde SwOS o desde la configuraci\u00f3n del cargador RouterBOOT.Le brinda toda la funcionalidad b\u00e1sica para un conmutador administrado, y m\u00e1s: permite administrar el reenv\u00edo de puerto a puerto, aplicar el filtro MAC, configurar VLAN, duplicar el tr\u00e1fico, aplicar limitaci\u00f3n de ancho de banda e incluso ajustar algunos campos de encabezado MAC e IP. La caja SFP admite m\u00f3dulos SFP de 1,25 Gb y SFP+ de 10 Gb.<\/p>\n","protected":false},"excerpt":{"rendered":"<p><strong>Marca:<\/strong> MIKROTIK<\/p>\n","protected":false},"featured_media":34652,"template":"","meta":[],"product_brand":[],"product_cat":[155,159],"product_tag":[],"class_list":{"0":"post-34651","1":"product","2":"type-product","3":"status-publish","4":"has-post-thumbnail","6":"product_cat-msn","7":"product_cat-mikrotik","9":"first","10":"onbackorder","11":"shipping-taxable","12":"purchasable","13":"product-type-simple"},"_links":{"self":[{"href":"https:\/\/saltacom.com\/index.php\/wp-json\/wp\/v2\/product\/34651","targetHints":{"allow":["GET"]}}],"collection":[{"href":"https:\/\/saltacom.com\/index.php\/wp-json\/wp\/v2\/product"}],"about":[{"href":"https:\/\/saltacom.com\/index.php\/wp-json\/wp\/v2\/types\/product"}],"version-history":[{"count":1,"href":"https:\/\/saltacom.com\/index.php\/wp-json\/wp\/v2\/product\/34651\/revisions"}],"predecessor-version":[{"id":35054,"href":"https:\/\/saltacom.com\/index.php\/wp-json\/wp\/v2\/product\/34651\/revisions\/35054"}],"wp:featuredmedia":[{"embeddable":true,"href":"https:\/\/saltacom.com\/index.php\/wp-json\/wp\/v2\/media\/34652"}],"wp:attachment":[{"href":"https:\/\/saltacom.com\/index.php\/wp-json\/wp\/v2\/media?parent=34651"}],"wp:term":[{"taxonomy":"product_brand","embeddable":true,"href":"https:\/\/saltacom.com\/index.php\/wp-json\/wp\/v2\/product_brand?post=34651"},{"taxonomy":"product_cat","embeddable":true,"href":"https:\/\/saltacom.com\/index.php\/wp-json\/wp\/v2\/product_cat?post=34651"},{"taxonomy":"product_tag","embeddable":true,"href":"https:\/\/saltacom.com\/index.php\/wp-json\/wp\/v2\/product_tag?post=34651"}],"curies":[{"name":"wp","href":"https:\/\/api.w.org\/{rel}","templated":true}]}}