{"id":34655,"date":"2026-04-05T10:35:48","date_gmt":"2026-04-05T13:35:48","guid":{"rendered":"https:\/\/saltacom.com\/index.php\/producto\/switch-mikrotik-24eth-gb-poe-500w-4-ptos-sfp10gb-s-c\/"},"modified":"2026-04-06T01:15:27","modified_gmt":"2026-04-06T04:15:27","slug":"switch-mikrotik-24eth-gb-poe-500w-4-ptos-sfp10gb-s-c","status":"publish","type":"product","link":"https:\/\/saltacom.com\/index.php\/producto\/switch-mikrotik-24eth-gb-poe-500w-4-ptos-sfp10gb-s-c\/","title":{"rendered":"SWITCH MIKROTIK 24ETH GB PoE 500W + 4 Ptos SFP+10GB  S\/C"},"content":{"rendered":"<p>CRS328-24P-4S+RM es un switch de 28 puertos independientes, cuenta con 24 puertos Gigabit Ethernet, que ofrecen diferentes opciones de salida de potencia: PoE pasivo, PoE de bajo voltaje, 802.3af\/at (Tipo 1 \u201cPoE\u201d \/ Tipo 2 \u201cPoE+ \u201d) con detecci\u00f3n autom\u00e1tica. PoE-Out pasa por los pines de modo B (4,5+)(7,8-). Los cuatro puertos SFP+ brindan opciones de conectividad de hasta 10 Gbps a trav\u00e9s de fibra \u00f3ptica o m\u00f3dulos Ethernet (no incluidos).CRS328-24P-4S+RM viene en una caja de montaje en rack de 1U con fuente de alimentaci\u00f3n de 100-240 V CA 500 W incorporada. El dispositivo consume hasta 44 W, lo que deja garantizados 450 W (3&#215;150 W por cada 8 puertos Ethernet) para alimentar sus dispositivos PoE. Cada puerto puede proporcionar hasta 30 W de potencia con cualquier opci\u00f3n de salida de potencia que elija.<\/p>\n","protected":false},"excerpt":{"rendered":"<p><strong>Marca:<\/strong> MIKROTIK<\/p>\n","protected":false},"featured_media":34656,"template":"","meta":[],"product_brand":[],"product_cat":[155,159],"product_tag":[],"class_list":{"0":"post-34655","1":"product","2":"type-product","3":"status-publish","4":"has-post-thumbnail","6":"product_cat-msn","7":"product_cat-mikrotik","9":"first","10":"onbackorder","11":"shipping-taxable","12":"purchasable","13":"product-type-simple"},"_links":{"self":[{"href":"https:\/\/saltacom.com\/index.php\/wp-json\/wp\/v2\/product\/34655","targetHints":{"allow":["GET"]}}],"collection":[{"href":"https:\/\/saltacom.com\/index.php\/wp-json\/wp\/v2\/product"}],"about":[{"href":"https:\/\/saltacom.com\/index.php\/wp-json\/wp\/v2\/types\/product"}],"version-history":[{"count":0,"href":"https:\/\/saltacom.com\/index.php\/wp-json\/wp\/v2\/product\/34655\/revisions"}],"wp:featuredmedia":[{"embeddable":true,"href":"https:\/\/saltacom.com\/index.php\/wp-json\/wp\/v2\/media\/34656"}],"wp:attachment":[{"href":"https:\/\/saltacom.com\/index.php\/wp-json\/wp\/v2\/media?parent=34655"}],"wp:term":[{"taxonomy":"product_brand","embeddable":true,"href":"https:\/\/saltacom.com\/index.php\/wp-json\/wp\/v2\/product_brand?post=34655"},{"taxonomy":"product_cat","embeddable":true,"href":"https:\/\/saltacom.com\/index.php\/wp-json\/wp\/v2\/product_cat?post=34655"},{"taxonomy":"product_tag","embeddable":true,"href":"https:\/\/saltacom.com\/index.php\/wp-json\/wp\/v2\/product_tag?post=34655"}],"curies":[{"name":"wp","href":"https:\/\/api.w.org\/{rel}","templated":true}]}}